{"id":12705,"date":"2018-07-15T13:17:09","date_gmt":"2018-07-15T10:17:09","guid":{"rendered":"https:\/\/www.cpapmerkezi.com\/?page_id=12705"},"modified":"2018-07-15T13:17:09","modified_gmt":"2018-07-15T10:17:09","slug":"karsilastirma-listesi","status":"publish","type":"page","link":"https:\/\/www.cpapmerkezi.com\/blog\/karsilastirma-listesi","title":{"rendered":"Kar\u015f\u0131la\u015ft\u0131rma Listeleri"},"content":{"rendered":"<div class=\"wpb-content-wrapper\"><p>[vc_row][vc_column][vc_column_text]<\/p>\n<p style=\"text-align: justify;\">CPAP cihaz\u0131 sat\u0131n alma s\u00fcrecinde en iyi ekipmanlar\u0131 se\u00e7me konusunda kafan\u0131z olduk\u00e7a kar\u0131\u015f\u0131k m\u0131? Sizin i\u00e7in olu\u015fturdu\u011fumuz kar\u015f\u0131la\u015ft\u0131rma listeleriyle \u00fcr\u00fcnleri kar\u015f\u0131la\u015ft\u0131rarak do\u011fru karar\u0131 verebilirsiniz. Daha iyi deneyim ya\u015famak ve do\u011fru kararlar\u0131n\u0131z\u0131 kuvvetlendirmek i\u00e7in &#8220;<a href=\"https:\/\/www.cpapmerkezi.com\/blog\/\">BLOG<\/a>&#8221; yaz\u0131lar\u0131m\u0131za g\u00f6z atabilirsiniz.<\/p>\n<p>[\/vc_column_text][vc_empty_space][\/vc_column][\/vc_row][vc_row][vc_column]<div id=\"ultimate-heading-244669e2e3c447a84\" class=\"uvc-heading ult-adjust-bottom-margin ultimate-heading-244669e2e3c447a84 uvc-2801 \" data-hspacer=\"no_spacer\"  data-halign=\"left\" style=\"text-align:left\"><div class=\"uvc-heading-spacer no_spacer\" style=\"top\"><\/div><div class=\"uvc-main-heading ult-responsive\"  data-ultimate-target='.uvc-heading.ultimate-heading-244669e2e3c447a84 h3'  data-responsive-json-new='{\"font-size\":\"\",\"line-height\":\"\"}' ><h3 style=\"font-weight:normal;\">\u00c7OK SATANLAR<\/h3><\/div><\/div>[vc_empty_space][\/vc_column][\/vc_row][vc_row][vc_column]<div class=\"smile_icon_list_wrap ult_info_list_container ult-adjust-bottom-margin  \"><ul class=\"smile_icon_list top square with_bg\"><li class=\"icon_list_item\" style=\" font-size:150px;\"><div class=\"icon_list_icon\" data-animation=\"\" data-animation-delay=\"03\" style=\"font-size:50px;border-width:1px;border-style:none;background:#ffffff;color:#333333;border-color:#333333;\"><img data-recalc-dims=\"1\" decoding=\"async\" class=\"list-img-icon\" alt=\"null\" src=\"https:\/\/i0.wp.com\/www.cpapmerkezi.com\/wp-content\/uploads\/2019\/11\/resmed-airfit-n30-resmed-cpap-maskesi_0.jpg?w=1170&#038;ssl=1\"\/><\/div><div class=\"icon_description\" id=\"Info-list-wrap-1024\" style=\"font-size:50px;\"><h3 class=\"ult-responsive info-list-heading\"  data-ultimate-target='#Info-list-wrap-1024 h3'  data-responsive-json-new='{\"font-size\":\"desktop:16px;\",\"line-height\":\"desktop:24px;\"}'  style=\"\">CPAP Maskeleri<\/h3><div class=\"icon_description_text ult-responsive\"  data-ultimate-target='#Info-list-wrap-1024 .icon_description_text'  data-responsive-json-new='{\"font-size\":\"desktop:13px;\",\"line-height\":\"desktop:18px;\"}'  style=\"\"><\/div><\/div><div class=\"icon_list_connector\" data-animation=\"fadeInLeft\" data-animation-delay=\"03\" style=\"border: none !important;\"><\/div><a class=\"ulimate-info-list-link\" href=\"https:\/\/www.cpapmerkezi.com\/cpap-maskesi-en-cok-satanlar-karsilastirmasi\" title=\"CPAP Maskesi En \u00c7ok Satanlar Kar\u015f\u0131la\u015ft\u0131rma Listesi\" ><\/a><\/li><li class=\"icon_list_item\" style=\" font-size:150px;\"><div class=\"icon_list_icon\" data-animation=\"\" data-animation-delay=\"03\" style=\"font-size:50px;border-width:1px;border-style:none;background:#ffffff;color:#333333;border-color:#333333;\"><img data-recalc-dims=\"1\" decoding=\"async\" class=\"list-img-icon\" alt=\"null\" src=\"https:\/\/i0.wp.com\/www.cpapmerkezi.com\/wp-content\/uploads\/cpap-cihaz_g2s.webp?w=1170&#038;ssl=1\"\/><\/div><div class=\"icon_description\" id=\"Info-list-wrap-4442\" style=\"font-size:50px;\"><h3 class=\"ult-responsive info-list-heading\"  data-ultimate-target='#Info-list-wrap-4442 h3'  data-responsive-json-new='{\"font-size\":\"desktop:16px;\",\"line-height\":\"desktop:24px;\"}'  style=\"\">CPAP Cihaz\u0131<\/h3><div class=\"icon_description_text ult-responsive\"  data-ultimate-target='#Info-list-wrap-4442 .icon_description_text'  data-responsive-json-new='{\"font-size\":\"desktop:13px;\",\"line-height\":\"desktop:18px;\"}'  style=\"\"><\/div><\/div><div class=\"icon_list_connector\" data-animation=\"fadeInLeft\" data-animation-delay=\"03\" style=\"border: none !important;\"><\/div><a class=\"ulimate-info-list-link\" href=\"https:\/\/www.cpapmerkezi.com\/karsilastirma-listesi\/cok-satan-cpap-cihazlari\" title=\"\u00c7ok Satan CPAP Cihaz\u0131 Kar\u015f\u0131la\u015ft\u0131rma Listesi\" ><\/a><\/li><li class=\"icon_list_item\" style=\" font-size:150px;\"><div class=\"icon_list_icon\" data-animation=\"\" data-animation-delay=\"03\" style=\"font-size:50px;border-width:1px;border-style:none;background:#ffffff;color:#333333;border-color:#333333;\"><img data-recalc-dims=\"1\" decoding=\"async\" class=\"list-img-icon\" alt=\"null\" src=\"https:\/\/i0.wp.com\/www.cpapmerkezi.com\/wp-content\/uploads\/2020\/12\/philips-respironics-dreamstation-bipap-cihazi.jpg?w=1170&#038;ssl=1\"\/><\/div><div class=\"icon_description\" id=\"Info-list-wrap-9477\" style=\"font-size:50px;\"><h3 class=\"ult-responsive info-list-heading\"  data-ultimate-target='#Info-list-wrap-9477 h3'  data-responsive-json-new='{\"font-size\":\"desktop:16px;\",\"line-height\":\"desktop:24px;\"}'  style=\"\">Otomatik CPAP Cihaz\u0131<\/h3><div class=\"icon_description_text ult-responsive\"  data-ultimate-target='#Info-list-wrap-9477 .icon_description_text'  data-responsive-json-new='{\"font-size\":\"desktop:13px;\",\"line-height\":\"desktop:18px;\"}'  style=\"\"><\/div><\/div><div class=\"icon_list_connector\" data-animation=\"fadeInLeft\" data-animation-delay=\"03\" style=\"border: none !important;\"><\/div><a class=\"ulimate-info-list-link\" href=\"https:\/\/www.cpapmerkezi.com\/karsilastirma-listesi\/cok-satan-otomatik-cpap-cihazlari\" title=\"\u00c7ok Satan Otomatik CPAP Cihaz\u0131 Kar\u015f\u0131la\u015ft\u0131rma Listesi\" ><\/a><\/li><li class=\"icon_list_item\" style=\" font-size:150px;\"><div class=\"icon_list_icon\" data-animation=\"\" data-animation-delay=\"03\" style=\"font-size:50px;border-width:1px;border-style:none;background:#ffffff;color:#333333;border-color:#333333;\"><img data-recalc-dims=\"1\" decoding=\"async\" class=\"list-img-icon\" alt=\"null\" src=\"https:\/\/i0.wp.com\/www.cpapmerkezi.com\/wp-content\/uploads\/ResMed-AirCurve-10-VAuto-Otomatik-BiPAP-Cihaz%C4%B1-4.jpg?w=1170&#038;ssl=1\"\/><\/div><div class=\"icon_description\" id=\"Info-list-wrap-4196\" style=\"font-size:50px;\"><h3 class=\"ult-responsive info-list-heading\"  data-ultimate-target='#Info-list-wrap-4196 h3'  data-responsive-json-new='{\"font-size\":\"desktop:16px;\",\"line-height\":\"desktop:24px;\"}'  style=\"\">BiPAP Cihaz\u0131<\/h3><div class=\"icon_description_text ult-responsive\"  data-ultimate-target='#Info-list-wrap-4196 .icon_description_text'  data-responsive-json-new='{\"font-size\":\"desktop:13px;\",\"line-height\":\"desktop:18px;\"}'  style=\"\"><\/div><\/div><div class=\"icon_list_connector\" data-animation=\"fadeInLeft\" data-animation-delay=\"03\" style=\"border: none !important;\"><\/div><a class=\"ulimate-info-list-link\" href=\"https:\/\/www.cpapmerkezi.com\/karsilastirma-listesi\/cok-satan-bipap-cihazlari\" title=\"\u00c7ok Satan BiPAP Cihaz\u0131 Kar\u015f\u0131la\u015ft\u0131rma Listesi\" ><\/a><\/li><li class=\"icon_list_item\" style=\" font-size:150px;\"><div class=\"icon_list_icon\" data-animation=\"\" data-animation-delay=\"03\" style=\"font-size:50px;border-width:1px;border-style:none;background:#ffffff;color:#333333;border-color:#333333;\"><img data-recalc-dims=\"1\" decoding=\"async\" class=\"list-img-icon\" alt=\"null\" src=\"https:\/\/i0.wp.com\/www.cpapmerkezi.com\/wp-content\/uploads\/resmed-airmini-autoset.jpg?w=1170&#038;ssl=1\"\/><\/div><div class=\"icon_description\" id=\"Info-list-wrap-4116\" style=\"font-size:50px;\"><h3 class=\"ult-responsive info-list-heading\"  data-ultimate-target='#Info-list-wrap-4116 h3'  data-responsive-json-new='{\"font-size\":\"desktop:16px;\",\"line-height\":\"desktop:24px;\"}'  style=\"\">mini CPAP Cihaz\u0131<\/h3><div class=\"icon_description_text ult-responsive\"  data-ultimate-target='#Info-list-wrap-4116 .icon_description_text'  data-responsive-json-new='{\"font-size\":\"desktop:13px;\",\"line-height\":\"desktop:18px;\"}'  style=\"\"><\/div><\/div><div class=\"icon_list_connector\" data-animation=\"fadeInLeft\" data-animation-delay=\"03\" style=\"border: none !important;\"><\/div><a class=\"ulimate-info-list-link\" href=\"https:\/\/www.cpapmerkezi.com\/karsilastirma-listesi\/cok-satan-mini-cpap-cihazlari\" title=\"\u00c7ok Satan mini CPAP Cihaz\u0131 Kar\u015f\u0131la\u015ft\u0131rma Listesi\" ><\/a><\/li><\/ul><\/div>[\/vc_column][\/vc_row][vc_row][vc_column][vc_empty_space height=&#8221;60px&#8221;]<div id=\"ultimate-heading-574769e2e3c44a01b\" class=\"uvc-heading ult-adjust-bottom-margin ultimate-heading-574769e2e3c44a01b uvc-9276 \" data-hspacer=\"no_spacer\"  data-halign=\"left\" style=\"text-align:left\"><div class=\"uvc-heading-spacer no_spacer\" style=\"top\"><\/div><div class=\"uvc-main-heading ult-responsive\"  data-ultimate-target='.uvc-heading.ultimate-heading-574769e2e3c44a01b h3'  data-responsive-json-new='{\"font-size\":\"\",\"line-height\":\"\"}' ><h3 style=\"font-weight:normal;\">CPAP C\u0130HAZLARI<\/h3><\/div><\/div>[vc_empty_space][\/vc_column][\/vc_row][vc_row][vc_column]<div class=\"smile_icon_list_wrap ult_info_list_container ult-adjust-bottom-margin  \"><ul class=\"smile_icon_list top square with_bg\"><li class=\"icon_list_item\" style=\" font-size:150px;\"><div class=\"icon_list_icon\" data-animation=\"\" data-animation-delay=\"03\" style=\"font-size:50px;border-width:1px;border-style:none;background:#ffffff;color:#333333;border-color:#333333;\"><img data-recalc-dims=\"1\" decoding=\"async\" class=\"list-img-icon\" alt=\"null\" src=\"https:\/\/i0.wp.com\/www.cpapmerkezi.com\/wp-content\/uploads\/cpap-cihaz_g2s.webp?w=1170&#038;ssl=1\"\/><\/div><div class=\"icon_description\" id=\"Info-list-wrap-1450\" style=\"font-size:50px;\"><h3 class=\"ult-responsive info-list-heading\"  data-ultimate-target='#Info-list-wrap-1450 h3'  data-responsive-json-new='{\"font-size\":\"desktop:16px;\",\"line-height\":\"desktop:24px;\"}'  style=\"\">CPAP Cihaz\u0131<\/h3><div class=\"icon_description_text ult-responsive\"  data-ultimate-target='#Info-list-wrap-1450 .icon_description_text'  data-responsive-json-new='{\"font-size\":\"desktop:13px;\",\"line-height\":\"desktop:18px;\"}'  style=\"\"><\/div><\/div><div class=\"icon_list_connector\" data-animation=\"fadeInLeft\" data-animation-delay=\"03\" style=\"border: none !important;\"><\/div><a class=\"ulimate-info-list-link\" href=\"https:\/\/www.cpapmerkezi.com\/karsilastirma-listesi\/cpap-cihazlari\" title=\"CPAP Cihaz\u0131 Kar\u015f\u0131la\u015ft\u0131rma Listesi\" ><\/a><\/li><li class=\"icon_list_item\" style=\" font-size:150px;\"><div class=\"icon_list_icon\" data-animation=\"\" data-animation-delay=\"03\" style=\"font-size:50px;border-width:1px;border-style:none;background:#ffffff;color:#333333;border-color:#333333;\"><img data-recalc-dims=\"1\" decoding=\"async\" class=\"list-img-icon\" alt=\"null\" src=\"https:\/\/i0.wp.com\/www.cpapmerkezi.com\/wp-content\/uploads\/2020\/12\/philips-respironics-dreamstation-bipap-cihazi.jpg?w=1170&#038;ssl=1\"\/><\/div><div class=\"icon_description\" id=\"Info-list-wrap-5602\" style=\"font-size:50px;\"><h3 class=\"ult-responsive info-list-heading\"  data-ultimate-target='#Info-list-wrap-5602 h3'  data-responsive-json-new='{\"font-size\":\"desktop:16px;\",\"line-height\":\"desktop:24px;\"}'  style=\"\">Otomatik CPAP Cihaz\u0131<\/h3><div class=\"icon_description_text ult-responsive\"  data-ultimate-target='#Info-list-wrap-5602 .icon_description_text'  data-responsive-json-new='{\"font-size\":\"desktop:13px;\",\"line-height\":\"desktop:18px;\"}'  style=\"\"><\/div><\/div><div class=\"icon_list_connector\" data-animation=\"fadeInLeft\" data-animation-delay=\"03\" style=\"border: none !important;\"><\/div><a class=\"ulimate-info-list-link\" href=\"https:\/\/www.cpapmerkezi.com\/karsilastirma-listesi\/otomatik-cpap-cihazlari\" title=\"Otomatik CPAP Cihaz\u0131 Kar\u015f\u0131la\u015ft\u0131rma Listesi\" ><\/a><\/li><li class=\"icon_list_item\" style=\" font-size:150px;\"><div class=\"icon_list_icon\" data-animation=\"\" data-animation-delay=\"03\" style=\"font-size:50px;border-width:1px;border-style:none;background:#ffffff;color:#333333;border-color:#333333;\"><img data-recalc-dims=\"1\" decoding=\"async\" class=\"list-img-icon\" alt=\"null\" src=\"https:\/\/i0.wp.com\/www.cpapmerkezi.com\/wp-content\/uploads\/ResMed-AirCurve-10-VAuto-Otomatik-BiPAP-Cihaz%C4%B1-4.jpg?w=1170&#038;ssl=1\"\/><\/div><div class=\"icon_description\" id=\"Info-list-wrap-6958\" style=\"font-size:50px;\"><h3 class=\"ult-responsive info-list-heading\"  data-ultimate-target='#Info-list-wrap-6958 h3'  data-responsive-json-new='{\"font-size\":\"desktop:16px;\",\"line-height\":\"desktop:24px;\"}'  style=\"\">BiPAP Cihaz\u0131<\/h3><div class=\"icon_description_text ult-responsive\"  data-ultimate-target='#Info-list-wrap-6958 .icon_description_text'  data-responsive-json-new='{\"font-size\":\"desktop:13px;\",\"line-height\":\"desktop:18px;\"}'  style=\"\"><\/div><\/div><div class=\"icon_list_connector\" data-animation=\"fadeInLeft\" data-animation-delay=\"03\" style=\"border: none !important;\"><\/div><a class=\"ulimate-info-list-link\" href=\"https:\/\/www.cpapmerkezi.com\/karsilastirma-listesi\/bipap-cihazlari\" title=\"BiPAP Cihaz\u0131 Kar\u015f\u0131la\u015ft\u0131rma Listesi\" ><\/a><\/li><li class=\"icon_list_item\" style=\" font-size:150px;\"><div class=\"icon_list_icon\" data-animation=\"\" data-animation-delay=\"03\" style=\"font-size:50px;border-width:1px;border-style:none;background:#ffffff;color:#333333;border-color:#333333;\"><img data-recalc-dims=\"1\" decoding=\"async\" class=\"list-img-icon\" alt=\"null\" src=\"https:\/\/i0.wp.com\/www.cpapmerkezi.com\/wp-content\/uploads\/resmed-airmini-autoset.jpg?w=1170&#038;ssl=1\"\/><\/div><div class=\"icon_description\" id=\"Info-list-wrap-9831\" style=\"font-size:50px;\"><h3 class=\"ult-responsive info-list-heading\"  data-ultimate-target='#Info-list-wrap-9831 h3'  data-responsive-json-new='{\"font-size\":\"desktop:16px;\",\"line-height\":\"desktop:24px;\"}'  style=\"\">mini CPAP Cihaz\u0131<\/h3><div class=\"icon_description_text ult-responsive\"  data-ultimate-target='#Info-list-wrap-9831 .icon_description_text'  data-responsive-json-new='{\"font-size\":\"desktop:13px;\",\"line-height\":\"desktop:18px;\"}'  style=\"\"><\/div><\/div><div class=\"icon_list_connector\" data-animation=\"fadeInLeft\" data-animation-delay=\"03\" style=\"border: none !important;\"><\/div><a class=\"ulimate-info-list-link\" href=\"https:\/\/www.cpapmerkezi.com\/karsilastirma-listesi\/mini-cpap-cihazlari\" title=\"mini CPAP Cihaz\u0131 Kar\u015f\u0131la\u015ft\u0131rma Listesi\" ><\/a><\/li><\/ul><\/div>[\/vc_column][\/vc_row][vc_row][vc_column][vc_empty_space height=&#8221;60px&#8221;]<div id=\"ultimate-heading-683569e2e3c44af6e\" class=\"uvc-heading ult-adjust-bottom-margin ultimate-heading-683569e2e3c44af6e uvc-8072 \" data-hspacer=\"no_spacer\"  data-halign=\"left\" style=\"text-align:left\"><div class=\"uvc-heading-spacer no_spacer\" style=\"top\"><\/div><div class=\"uvc-main-heading ult-responsive\"  data-ultimate-target='.uvc-heading.ultimate-heading-683569e2e3c44af6e h3'  data-responsive-json-new='{\"font-size\":\"\",\"line-height\":\"\"}' ><h3 style=\"font-weight:normal;\">CPAP MASKES\u0130<\/h3><\/div><\/div>[vc_empty_space][\/vc_column][\/vc_row][vc_row][vc_column]<div class=\"smile_icon_list_wrap ult_info_list_container ult-adjust-bottom-margin  \"><ul class=\"smile_icon_list top square with_bg\"><li class=\"icon_list_item\" style=\" font-size:150px;\"><div class=\"icon_list_icon\" data-animation=\"\" data-animation-delay=\"03\" style=\"font-size:50px;border-width:1px;border-style:none;background:#ffffff;color:#333333;border-color:#333333;\"><img data-recalc-dims=\"1\" decoding=\"async\" class=\"list-img-icon\" alt=\"CPAP Burun Maskesi\" src=\"https:\/\/i0.wp.com\/www.cpapmerkezi.com\/wp-content\/uploads\/2020\/12\/burun-maskesi.jpg?w=1170&#038;ssl=1\"\/><\/div><div class=\"icon_description\" id=\"Info-list-wrap-4212\" style=\"font-size:50px;\"><h3 class=\"ult-responsive info-list-heading\"  data-ultimate-target='#Info-list-wrap-4212 h3'  data-responsive-json-new='{\"font-size\":\"desktop:16px;\",\"line-height\":\"desktop:24px;\"}'  style=\"\">Burun Maskesi<\/h3><div class=\"icon_description_text ult-responsive\"  data-ultimate-target='#Info-list-wrap-4212 .icon_description_text'  data-responsive-json-new='{\"font-size\":\"desktop:13px;\",\"line-height\":\"desktop:18px;\"}'  style=\"\"><\/div><\/div><div class=\"icon_list_connector\" data-animation=\"fadeInLeft\" data-animation-delay=\"03\" style=\"border: none !important;\"><\/div><a class=\"ulimate-info-list-link\" href=\"https:\/\/www.cpapmerkezi.com\/karsilastirma-listesi\/burun-cpap-maskesi\" title=\"Burun CPAP Maskeleri Kar\u015f\u0131la\u015ft\u0131rma Listesi\" ><\/a><\/li><li class=\"icon_list_item\" style=\" font-size:150px;\"><div class=\"icon_list_icon\" data-animation=\"\" data-animation-delay=\"03\" style=\"font-size:50px;border-width:1px;border-style:none;background:#ffffff;color:#333333;border-color:#333333;\"><img data-recalc-dims=\"1\" decoding=\"async\" class=\"list-img-icon\" alt=\"null\" src=\"https:\/\/i0.wp.com\/www.cpapmerkezi.com\/wp-content\/uploads\/2020\/12\/burun-yastikcigi_cpap-maskesi.jpg?w=1170&#038;ssl=1\"\/><\/div><div class=\"icon_description\" id=\"Info-list-wrap-5292\" style=\"font-size:50px;\"><h3 class=\"ult-responsive info-list-heading\"  data-ultimate-target='#Info-list-wrap-5292 h3'  data-responsive-json-new='{\"font-size\":\"desktop:16px;\",\"line-height\":\"desktop:24px;\"}'  style=\"\">Burun Yast\u0131k\u00e7\u0131\u011f\u0131<\/h3><div class=\"icon_description_text ult-responsive\"  data-ultimate-target='#Info-list-wrap-5292 .icon_description_text'  data-responsive-json-new='{\"font-size\":\"desktop:13px;\",\"line-height\":\"desktop:18px;\"}'  style=\"\"><\/div><\/div><div class=\"icon_list_connector\" data-animation=\"fadeInLeft\" data-animation-delay=\"03\" style=\"border: none !important;\"><\/div><a class=\"ulimate-info-list-link\" href=\"https:\/\/www.cpapmerkezi.com\/karsilastirma-listesi\/burun-yastikcigi-cpap-maskesi\" title=\"Burun Yast\u0131k\u00e7\u0131\u011f\u0131 CPAP Maskeleri Kar\u015f\u0131la\u015ft\u0131rma Listesi\" ><\/a><\/li><li class=\"icon_list_item\" style=\" font-size:150px;\"><div class=\"icon_list_icon\" data-animation=\"\" data-animation-delay=\"03\" style=\"font-size:50px;border-width:1px;border-style:none;background:#ffffff;color:#333333;border-color:#333333;\"><img data-recalc-dims=\"1\" decoding=\"async\" class=\"list-img-icon\" alt=\"null\" src=\"https:\/\/i0.wp.com\/www.cpapmerkezi.com\/wp-content\/uploads\/2020\/12\/agiz-burun-maskesi_cpap-maskesi.jpg?w=1170&#038;ssl=1\"\/><\/div><div class=\"icon_description\" id=\"Info-list-wrap-4286\" style=\"font-size:50px;\"><h3 class=\"ult-responsive info-list-heading\"  data-ultimate-target='#Info-list-wrap-4286 h3'  data-responsive-json-new='{\"font-size\":\"desktop:16px;\",\"line-height\":\"desktop:24px;\"}'  style=\"\">A\u011f\u0131z Burun Maskesi<\/h3><div class=\"icon_description_text ult-responsive\"  data-ultimate-target='#Info-list-wrap-4286 .icon_description_text'  data-responsive-json-new='{\"font-size\":\"desktop:13px;\",\"line-height\":\"desktop:18px;\"}'  style=\"\"><\/div><\/div><div class=\"icon_list_connector\" data-animation=\"fadeInLeft\" data-animation-delay=\"03\" style=\"border: none !important;\"><\/div><a class=\"ulimate-info-list-link\" href=\"https:\/\/www.cpapmerkezi.com\/karsilastirma-listesi\/agiz-burun-cpap-maskesi\" title=\"A\u011f\u0131z Burun CPAP Maskeleri Kar\u015f\u0131la\u015ft\u0131rma Listesi\" ><\/a><\/li><\/ul><\/div>[\/vc_column][\/vc_row][vc_row][vc_column][vc_empty_space height=&#8221;60px&#8221;]<div id=\"ultimate-heading-610569e2e3c44c2b4\" class=\"uvc-heading ult-adjust-bottom-margin ultimate-heading-610569e2e3c44c2b4 uvc-6025 \" data-hspacer=\"no_spacer\"  data-halign=\"left\" style=\"text-align:left\"><div class=\"uvc-heading-spacer no_spacer\" style=\"top\"><\/div><div class=\"uvc-main-heading ult-responsive\"  data-ultimate-target='.uvc-heading.ultimate-heading-610569e2e3c44c2b4 h3'  data-responsive-json-new='{\"font-size\":\"\",\"line-height\":\"\"}' ><h3 style=\"font-weight:normal;\">OKS\u0130JEN KONSANTRAT\u00d6R\u00dc<\/h3><\/div><\/div>[vc_empty_space][\/vc_column][\/vc_row][vc_row][vc_column]<div class=\"smile_icon_list_wrap ult_info_list_container ult-adjust-bottom-margin  \"><ul class=\"smile_icon_list top square with_bg\"><li class=\"icon_list_item\" style=\" font-size:150px;\"><div class=\"icon_list_icon\" data-animation=\"\" data-animation-delay=\"03\" style=\"font-size:50px;border-width:1px;border-style:none;background:#ffffff;color:#333333;border-color:#333333;\"><img data-recalc-dims=\"1\" decoding=\"async\" class=\"list-img-icon\" alt=\"null\" src=\"https:\/\/i0.wp.com\/www.cpapmerkezi.com\/wp-content\/uploads\/oxytek-oksijen-konsantratoru-5-litre.jpg?w=1170&#038;ssl=1\"\/><\/div><div class=\"icon_description\" id=\"Info-list-wrap-9801\" style=\"font-size:50px;\"><h3 class=\"ult-responsive info-list-heading\"  data-ultimate-target='#Info-list-wrap-9801 h3'  data-responsive-json-new='{\"font-size\":\"desktop:16px;\",\"line-height\":\"desktop:24px;\"}'  style=\"\">Oksijen Konsantrat\u00f6r\u00fc<\/h3><div class=\"icon_description_text ult-responsive\"  data-ultimate-target='#Info-list-wrap-9801 .icon_description_text'  data-responsive-json-new='{\"font-size\":\"desktop:13px;\",\"line-height\":\"desktop:18px;\"}'  style=\"\"><\/div><\/div><div class=\"icon_list_connector\" data-animation=\"fadeInLeft\" data-animation-delay=\"03\" style=\"border: none !important;\"><\/div><a class=\"ulimate-info-list-link\" href=\"https:\/\/www.cpapmerkezi.com\/karsilastirma-listesi\/oksijen-konsantratoru\" title=\"Oksijen Konsantrat\u00f6r\u00fc Kar\u015f\u0131la\u015ft\u0131rma Listesi\" ><\/a><\/li><li class=\"icon_list_item\" style=\" font-size:150px;\"><div class=\"icon_list_icon\" data-animation=\"\" data-animation-delay=\"03\" style=\"font-size:50px;border-width:1px;border-style:none;background:#ffffff;color:#333333;border-color:#333333;\"><img data-recalc-dims=\"1\" decoding=\"async\" class=\"list-img-icon\" alt=\"null\" src=\"https:\/\/i0.wp.com\/www.cpapmerkezi.com\/wp-content\/uploads\/Precision-PM4150-EasyPulse-Ta%C5%9F%C4%B1nabilir-Oksijen-Konsantrat%C3%B6r%C3%BC-1.jpg?w=1170&#038;ssl=1\"\/><\/div><div class=\"icon_description\" id=\"Info-list-wrap-3569\" style=\"font-size:50px;\"><h3 class=\"ult-responsive info-list-heading\"  data-ultimate-target='#Info-list-wrap-3569 h3'  data-responsive-json-new='{\"font-size\":\"desktop:16px;\",\"line-height\":\"desktop:24px;\"}'  style=\"\">Ta\u015f\u0131nabilir Oksijen Konsantrat\u00f6r\u00fc<\/h3><div class=\"icon_description_text ult-responsive\"  data-ultimate-target='#Info-list-wrap-3569 .icon_description_text'  data-responsive-json-new='{\"font-size\":\"desktop:13px;\",\"line-height\":\"desktop:18px;\"}'  style=\"\"><\/div><\/div><div class=\"icon_list_connector\" data-animation=\"fadeInLeft\" data-animation-delay=\"03\" style=\"border: none !important;\"><\/div><a class=\"ulimate-info-list-link\" href=\"https:\/\/www.cpapmerkezi.com\/karsilastirma-listesi\/tasinabilir-oksijen-konsantratoru\" title=\"Ta\u015f\u0131nabilir Oksijen Konsantrat\u00f6r\u00fc Kar\u015f\u0131la\u015ft\u0131rma Listesi\" ><\/a><\/li><\/ul><\/div>[\/vc_column][\/vc_row][vc_row][vc_column][vc_empty_space height=&#8221;60px&#8221;][\/vc_column][\/vc_row]<\/p>\n<\/div>","protected":false},"excerpt":{"rendered":"<p>[vc_row][vc_column][vc_column_text] CPAP cihaz\u0131 sat\u0131n alma s\u00fcrecinde en iyi ekipmanlar\u0131 se\u00e7me konusunda kafan\u0131z olduk\u00e7a kar\u0131\u015f\u0131k m\u0131? Sizin i\u00e7in olu\u015fturdu\u011fumuz kar\u015f\u0131la\u015ft\u0131rma listeleriyle \u00fcr\u00fcnleri kar\u015f\u0131la\u015ft\u0131rarak do\u011fru karar\u0131 verebilirsiniz&#8230;.<\/p>\n","protected":false},"author":1,"featured_media":0,"parent":0,"menu_order":0,"comment_status":"closed","ping_status":"closed","template":"","meta":{"_relevanssi_hide_post":"","_relevanssi_pin_for_all":"","_relevanssi_pin_keywords":"","_relevanssi_unpin_keywords":"","_relevanssi_related_keywords":"","_relevanssi_related_include_ids":"","_relevanssi_related_exclude_ids":"","_relevanssi_related_no_append":"","_relevanssi_related_not_related":"","_relevanssi_related_posts":"","_relevanssi_noindex_reason":"","footnotes":""},"tags":[1831,2349,1840,2350,2351,2352],"class_list":["post-12705","page","type-page","status-publish","hentry","tag-cpap-cihazi","tag-cpap-cihazi-karsilastirma","tag-cpap-maskesi","tag-cpap-maskesi-karsilastirma","tag-karsilastirma","tag-karsilastirma-listeleri"],"aioseo_notices":[],"jetpack_sharing_enabled":true,"_links":{"self":[{"href":"https:\/\/www.cpapmerkezi.com\/blog\/wp-json\/wp\/v2\/pages\/12705","targetHints":{"allow":["GET"]}}],"collection":[{"href":"https:\/\/www.cpapmerkezi.com\/blog\/wp-json\/wp\/v2\/pages"}],"about":[{"href":"https:\/\/www.cpapmerkezi.com\/blog\/wp-json\/wp\/v2\/types\/page"}],"author":[{"embeddable":true,"href":"https:\/\/www.cpapmerkezi.com\/blog\/wp-json\/wp\/v2\/users\/1"}],"replies":[{"embeddable":true,"href":"https:\/\/www.cpapmerkezi.com\/blog\/wp-json\/wp\/v2\/comments?post=12705"}],"version-history":[{"count":0,"href":"https:\/\/www.cpapmerkezi.com\/blog\/wp-json\/wp\/v2\/pages\/12705\/revisions"}],"wp:attachment":[{"href":"https:\/\/www.cpapmerkezi.com\/blog\/wp-json\/wp\/v2\/media?parent=12705"}],"wp:term":[{"taxonomy":"post_tag","embeddable":true,"href":"https:\/\/www.cpapmerkezi.com\/blog\/wp-json\/wp\/v2\/tags?post=12705"}],"curies":[{"name":"wp","href":"https:\/\/api.w.org\/{rel}","templated":true}]}}