{"id":12907,"date":"2018-07-25T18:10:57","date_gmt":"2018-07-25T15:10:57","guid":{"rendered":"https:\/\/www.cpapmerkezi.com\/?page_id=12907"},"modified":"2018-07-25T18:10:57","modified_gmt":"2018-07-25T15:10:57","slug":"cpap-cihazi-resmed","status":"publish","type":"page","link":"https:\/\/www.cpapmerkezi.com\/blog\/cpap-cihazi-resmed","title":{"rendered":"CPAP Cihaz\u0131 ResMed"},"content":{"rendered":"<div class=\"wpb-content-wrapper\"><p>[vc_row][vc_column][vc_column_text]<\/p>\n<p style=\"text-align: justify;\"><span style=\"font-size: 16px;\">1981&#8217;de Profes\u00f6r Colin Sullivan ve Sydney \u00dcniversitesi&#8217;ndeki meslekta\u015flar\u0131, obstr\u00fcktif uyku apnesi (OSA) i\u00e7in ilk ba\u015far\u0131l\u0131 non-invaziv tedavi olan s\u00fcrekli pozitif havayolu bas\u0131nc\u0131 (<strong>CPAP<\/strong>) buldu ve geli\u015ftirdi.<\/span><\/p>\n<p style=\"text-align: justify;\"><span style=\"font-size: 16px;\">Teknolojiyi patentlendirmi\u015f olan Lancet&#8217;teki ba\u015far\u0131l\u0131 sonu\u00e7lar\u0131 yay\u0131nlad\u0131ktan sonra, bu ya\u015fam teknolojisini ticarile\u015ftirmeye yard\u0131mc\u0131 olmak i\u00e7in uyumlu bir ortak arad\u0131. 1986&#8217;da Dr. Peter Farrell&#8217;e ula\u015ft\u0131.<\/span><\/p>\n<p style=\"text-align: justify;\"><span style=\"font-size: 16px;\">1987&#8217;de Farrell, Baxter ad\u0131na, <strong><span style=\"text-decoration: underline;\">CPAP<\/span><\/strong> prototipini daha da geli\u015ftirmek ve \u015fiddetli uyku apnesi olan bir grup hasta \u00fczerinde klinik denemeler yapmak i\u00e7in Sullivan teknolojisine yat\u0131r\u0131m yapt\u0131. Baxter&#8217;in \u00e7e\u015fitli nedenlerle uyku apnesi pazar\u0131na girmemeye karar vermesinden sonra Farrell, Sullivan&#8217;\u0131n uyku teknolojisini Baxter&#8217;dan sat\u0131n almak ve prototip <strong>CPAP cihaz\u0131<\/strong>, \u00f6l\u00e7eklendirilebilir cihaz \u00fcretimi i\u00e7in ticarile\u015ftirmek \u00fczere <strong>ResMed<\/strong>&#8216;i (\u201cRespiratory Medicine&#8221; k\u0131saltmas\u0131) kurdu.<\/span><\/p>\n<p>[\/vc_column_text][vc_column_text]<\/p>\n<p><span style=\"font-size: 16px;\">ResMed&#8217;in ilk mali y\u0131l\u0131 i\u00e7in 1990\u2019daki gelirler 1 milyon dolardan azd\u0131 ve sadece 9 \u00e7al\u0131\u015fan vard\u0131. Temmuz 2017 itibariyle, ResMed, piyasa de\u011feri 10 milyar dolar\u0131 a\u015fan ve y\u0131ll\u0131k gelirleri 2 milyar dolar\u0131n \u00fczerinde bir S&amp;P 500 \u015firketidir. D\u00fcnya \u00e7ap\u0131nda 6,000&#8217;den fazla insan istihdam ediyor ve 120&#8217;den fazla \u00fclkede faaliyet g\u00f6steriyor.<\/span><\/p>\n<p><span style=\"font-size: 16px;\">Bug\u00fcn, ResMed&#8217;in kurucusu Peter Farrell, ResMed\u2019in Y\u00f6netim Kurulu Ba\u015fkan\u0131&#8217;d\u0131r. 15 y\u0131l\u0131 a\u015fk\u0131n bir s\u00fcredir ResMed \u00e7al\u0131\u015fan\u0131 Michael &#8220;Mick&#8221; Farrell, 2013&#8217;ten beri CEO&#8217;dur.<\/span><\/p>\n<p>[\/vc_column_text][vc_empty_space][\/vc_column][\/vc_row][vc_row][vc_column][products columns=&#8221;4&#8243; orderby=&#8221;title&#8221; order=&#8221;ASC&#8221; image_size=&#8221;shop_catalog&#8221; carousel=&#8221;disable&#8221; layout_mode=&#8221;fitRows&#8221; badges=&#8221;disable&#8221; ids=&#8221;2903, 771, 3557, 3076, 3981, 2361, 3110, 3424&#8243;][\/vc_column][\/vc_row]<\/p>\n<\/div>","protected":false},"excerpt":{"rendered":"<p>[vc_row][vc_column][vc_column_text] 1981&#8217;de Profes\u00f6r Colin Sullivan ve Sydney \u00dcniversitesi&#8217;ndeki meslekta\u015flar\u0131, obstr\u00fcktif uyku apnesi (OSA) i\u00e7in ilk ba\u015far\u0131l\u0131 non-invaziv tedavi olan s\u00fcrekli pozitif havayolu bas\u0131nc\u0131 (CPAP) buldu&#8230;<\/p>\n","protected":false},"author":1,"featured_media":12916,"parent":0,"menu_order":0,"comment_status":"closed","ping_status":"closed","template":"","meta":{"_relevanssi_hide_post":"","_relevanssi_pin_for_all":"","_relevanssi_pin_keywords":"","_relevanssi_unpin_keywords":"","_relevanssi_related_keywords":"","_relevanssi_related_include_ids":"","_relevanssi_related_exclude_ids":"","_relevanssi_related_no_append":"","_relevanssi_related_not_related":"","_relevanssi_related_posts":"","_relevanssi_noindex_reason":"","footnotes":""},"tags":[1824,1831,1844,2166,2167,2346],"class_list":["post-12907","page","type-page","status-publish","has-post-thumbnail","hentry","tag-cpap-1","tag-cpap-cihazi","tag-resmed_","tag-resmed-cpap","tag-resmed-cpap-cihazi","tag-resmed-turkiye"],"aioseo_notices":[],"jetpack_sharing_enabled":true,"_links":{"self":[{"href":"https:\/\/www.cpapmerkezi.com\/blog\/wp-json\/wp\/v2\/pages\/12907","targetHints":{"allow":["GET"]}}],"collection":[{"href":"https:\/\/www.cpapmerkezi.com\/blog\/wp-json\/wp\/v2\/pages"}],"about":[{"href":"https:\/\/www.cpapmerkezi.com\/blog\/wp-json\/wp\/v2\/types\/page"}],"author":[{"embeddable":true,"href":"https:\/\/www.cpapmerkezi.com\/blog\/wp-json\/wp\/v2\/users\/1"}],"replies":[{"embeddable":true,"href":"https:\/\/www.cpapmerkezi.com\/blog\/wp-json\/wp\/v2\/comments?post=12907"}],"version-history":[{"count":0,"href":"https:\/\/www.cpapmerkezi.com\/blog\/wp-json\/wp\/v2\/pages\/12907\/revisions"}],"wp:featuredmedia":[{"embeddable":true,"href":"https:\/\/www.cpapmerkezi.com\/blog\/wp-json\/"}],"wp:attachment":[{"href":"https:\/\/www.cpapmerkezi.com\/blog\/wp-json\/wp\/v2\/media?parent=12907"}],"wp:term":[{"taxonomy":"post_tag","embeddable":true,"href":"https:\/\/www.cpapmerkezi.com\/blog\/wp-json\/wp\/v2\/tags?post=12907"}],"curies":[{"name":"wp","href":"https:\/\/api.w.org\/{rel}","templated":true}]}}