{"id":12918,"date":"2018-07-25T19:37:09","date_gmt":"2018-07-25T16:37:09","guid":{"rendered":"https:\/\/www.cpapmerkezi.com\/?page_id=12918"},"modified":"2018-07-25T19:37:09","modified_gmt":"2018-07-25T16:37:09","slug":"cpap-maskesi-resmed","status":"publish","type":"page","link":"https:\/\/www.cpapmerkezi.com\/blog\/cpap-maskesi-resmed","title":{"rendered":"CPAP Maskesi ResMed"},"content":{"rendered":"<div class=\"wpb-content-wrapper\"><p>[vc_row][vc_column][vc_column_text]<\/p>\n<p style=\"text-align: justify;\"><span style=\"font-size: 16px;\"><strong>ResMed<\/strong>, <strong>CPAP<\/strong> maskesi tasarlarken t\u00fcm kullan\u0131c\u0131lara kulak vererek daha hafif daha sessiz daha konforlu maske \u00fcretmeyi ilke edinmi\u015ftir.<\/span><\/p>\n<p style=\"text-align: justify;\"><span style=\"font-size: 16px;\"><strong>CPAP maskesi<\/strong>, CPAP cihaz\u0131n\u0131n bas\u0131n\u00e7l\u0131 havay\u0131 hava yolunuza ula\u015ft\u0131ran ve CPAP tedavisinin \u00e7ok kritik bir par\u00e7as\u0131d\u0131r. Bir CPAP maskesi rahat\u00e7a oturmal\u0131d\u0131r, s\u0131z\u0131nt\u0131lar\u0131 \u00f6nlemeli ayn\u0131 zamanda rahat olmal\u0131d\u0131r. Do\u011fru <span style=\"text-decoration: underline;\">CPAP maskesi<\/span>, harika bir gece uykusunun anahtar\u0131d\u0131r. Uygun Uyku Apnesi tedavisi ile, daha iyi kan bas\u0131nc\u0131 ve daha fazla enerji gibi faydalar\u0131 g\u00f6rebilirsiniz. Burun nefes alma organ\u0131d\u0131r normal olarak burnumuzdan nfes al\u0131r\u0131z \u00e7o\u011fu Uyku Apne Sendromuna sahip ki\u015filer a\u011f\u0131zdan solunumu daha kolay ve rahat bulmaktad\u0131r. Maskeler bunlara y\u00f6nelik Burun maskeleri ve A\u011f\u0131z Burun maskeleri olarak ayr\u0131l\u0131r. \u00c7o\u011fu kullan\u0131c\u0131 CPAP burun maskesi, CPAP burun yast\u0131k\u00e7\u0131\u011f\u0131 veya\u00a0 CPAP a\u011f\u0131z burun maskesi kullanmak isteyecektir.<\/span><\/p>\n<p>[\/vc_column_text][\/vc_column][\/vc_row][vc_row][vc_column][products columns=&#8221;4&#8243; orderby=&#8221;ID&#8221; order=&#8221;DESC&#8221; image_size=&#8221;shop_catalog&#8221; carousel=&#8221;disable&#8221; layout_mode=&#8221;fitRows&#8221; badges=&#8221;disable&#8221; ids=&#8221;3806, 4026, 4036, 4101, 3879, 4022, 2782, 670, 682, 754, 713, 730, 719, 3193, 1398, 3058, 3106, 2842, 3518, 2416, 4278&#8243;][\/vc_column][\/vc_row]<\/p>\n<\/div>","protected":false},"excerpt":{"rendered":"<p>[vc_row][vc_column][vc_column_text] ResMed, CPAP maskesi tasarlarken t\u00fcm kullan\u0131c\u0131lara kulak vererek daha hafif daha sessiz daha konforlu maske \u00fcretmeyi ilke edinmi\u015ftir. CPAP maskesi, CPAP cihaz\u0131n\u0131n bas\u0131n\u00e7l\u0131 havay\u0131&#8230;<\/p>\n","protected":false},"author":1,"featured_media":12666,"parent":0,"menu_order":0,"comment_status":"closed","ping_status":"closed","template":"","meta":{"_relevanssi_hide_post":"","_relevanssi_pin_for_all":"","_relevanssi_pin_keywords":"","_relevanssi_unpin_keywords":"","_relevanssi_related_keywords":"","_relevanssi_related_include_ids":"","_relevanssi_related_exclude_ids":"","_relevanssi_related_no_append":"","_relevanssi_related_not_related":"","_relevanssi_related_posts":"","_relevanssi_noindex_reason":"","footnotes":""},"tags":[1824,1840,2353,1844,2354,2346,2355,1884,2356],"class_list":["post-12918","page","type-page","status-publish","has-post-thumbnail","hentry","tag-cpap-1","tag-cpap-maskesi","tag-cpap-maskesi-resmed","tag-resmed_","tag-resmed-maskeler","tag-resmed-turkiye","tag-resmed-uyku-maskeleri","tag-uyku-apne","tag-uyku-maskeleri"],"aioseo_notices":[],"jetpack_sharing_enabled":true,"_links":{"self":[{"href":"https:\/\/www.cpapmerkezi.com\/blog\/wp-json\/wp\/v2\/pages\/12918","targetHints":{"allow":["GET"]}}],"collection":[{"href":"https:\/\/www.cpapmerkezi.com\/blog\/wp-json\/wp\/v2\/pages"}],"about":[{"href":"https:\/\/www.cpapmerkezi.com\/blog\/wp-json\/wp\/v2\/types\/page"}],"author":[{"embeddable":true,"href":"https:\/\/www.cpapmerkezi.com\/blog\/wp-json\/wp\/v2\/users\/1"}],"replies":[{"embeddable":true,"href":"https:\/\/www.cpapmerkezi.com\/blog\/wp-json\/wp\/v2\/comments?post=12918"}],"version-history":[{"count":0,"href":"https:\/\/www.cpapmerkezi.com\/blog\/wp-json\/wp\/v2\/pages\/12918\/revisions"}],"wp:featuredmedia":[{"embeddable":true,"href":"https:\/\/www.cpapmerkezi.com\/blog\/wp-json\/"}],"wp:attachment":[{"href":"https:\/\/www.cpapmerkezi.com\/blog\/wp-json\/wp\/v2\/media?parent=12918"}],"wp:term":[{"taxonomy":"post_tag","embeddable":true,"href":"https:\/\/www.cpapmerkezi.com\/blog\/wp-json\/wp\/v2\/tags?post=12918"}],"curies":[{"name":"wp","href":"https:\/\/api.w.org\/{rel}","templated":true}]}}