{"id":13396,"date":"2019-01-10T19:24:04","date_gmt":"2019-01-10T16:24:04","guid":{"rendered":"https:\/\/www.cpapmerkezi.com\/?p=13396"},"modified":"2019-01-10T19:24:04","modified_gmt":"2019-01-10T16:24:04","slug":"cpap-cihazi-kullanirken-gozlerim-neden-kuruyor","status":"publish","type":"page","link":"https:\/\/www.cpapmerkezi.com\/blog\/cpap-cihazi-kullanirken-gozlerim-neden-kuruyor","title":{"rendered":"CPAP Cihaz\u0131 Kullan\u0131rken G\u00f6zlerim Neden Kuruyor?"},"content":{"rendered":"<div class=\"wpb-content-wrapper\"><p>[vc_row][vc_column][vc_single_image image=&#8221;13393&#8243; img_size=&#8221;full&#8221; alignment=&#8221;center&#8221;][vc_column_text]<\/p>\n<p style=\"text-align: justify;\"><span style=\"font-size: 18px;\">T\u00fcrkiye&#8217;de 20 ki\u015fiden 1&#8217;inin Uyku Apne Sendromu&#8217;na sahip oldu\u011fu tahmin edilmektedir. Uyku Apne Sendromu, her ya\u015ftan ve cinsiyetten insanlar\u0131 etkileyen bir durumdur.<\/span><!--more--><\/p>\n<p style=\"text-align: justify;\"><span style=\"font-size: 18px;\">Bu rahats\u0131zl\u0131\u011fa te\u015fhis koyulmu\u015f ki\u015filerin \u00e7o\u011fu, uyurken d\u00fczenli nefes almay\u0131 sa\u011flamaya yard\u0131mc\u0131 olmak i\u00e7in CPAP(S\u00fcrekli Pozitif Havayolu Bas\u0131n\u00e7) cihaz\u0131 veya di\u011fer PAP cihazlar\u0131 kullan\u0131r. CPAP cihazlar\u0131 Uyku Apne Sendromu i\u00e7in en \u00e7ok re\u00e7ete edilenler aras\u0131ndad\u0131r.<\/span><\/p>\n<p style=\"text-align: justify;\"><span style=\"font-size: 18px;\">CPAP cihaz\u0131 kullanan baz\u0131 ki\u015filer kuru g\u00f6zlerden \u015fikayet eder. CPAP kullan\u0131c\u0131lar\u0131 aras\u0131nda yayg\u0131n bir \u015fikayet. Nedenleri ve \u00e7\u00f6z\u00fcmleri bilirseniz, g\u00f6zlerinizi o kadar iyi koruyabilir ve kuru g\u00f6zlerin rahats\u0131z edici semptomlar\u0131ndan kurtulma \u015fans\u0131n\u0131z olur.<\/span><\/p>\n<p>[\/vc_column_text][vc_column_text]<\/p>\n<h2><span style=\"font-size: 26px;\"><strong>CPAP Cihaz\u0131 Kullan\u0131mda Kuru G\u00f6zlerin Belirtileri<\/strong><\/span><\/h2>\n<p>[\/vc_column_text][vc_column_text]<\/p>\n<p style=\"text-align: justify;\"><span style=\"font-size: 18px;\">Kuru g\u00f6zler, g\u00f6zya\u015flar\u0131n\u0131z\u0131n g\u00f6zleri yeterli nemlendiremedi\u011finin i\u015faretidir. A\u015fa\u011f\u0131da kurumu\u015f g\u00f6zleri i\u015faret eden baz\u0131 belirtilere yer verilmi\u015ftir.<\/span><\/p>\n<p style=\"text-align: justify; padding-left: 30px;\"><span style=\"font-size: 18px;\">G\u00f6zlerde yanma ve ac\u0131 hissi<\/span><br \/>\n<span style=\"font-size: 18px;\">G\u00f6zlerde \u00e7izik hissi<\/span><br \/>\n<span style=\"font-size: 18px;\">G\u00f6zlerde k\u0131zar\u0131kl\u0131k<\/span><br \/>\n<span style=\"font-size: 18px;\">G\u00f6zlerde \u0131\u015f\u0131\u011fa duyarl\u0131l\u0131k<\/span><br \/>\n<span style=\"font-size: 18px;\">Bulan\u0131k g\u00f6r\u00fc\u015f<\/span><br \/>\n<span style=\"font-size: 18px;\">Geceleri s\u00fcr\u00fc\u015f zorlu\u011fu<\/span><br \/>\n<span style=\"font-size: 18px;\">G\u00f6zlerinde bir \u015fey oldu\u011fu hissi<\/span><\/p>\n<p style=\"text-align: justify;\"><span style=\"font-size: 18px;\">CPAP cihaz\u0131n\u0131z kuru g\u00f6zlerinizin nedeni olabilir, ancak olas\u0131 tek neden bu de\u011fildir. Bu belirtileri ya\u015f\u0131yorsan\u0131z, kuru g\u00f6zleriniz olabilir.<\/span><\/p>\n<p style=\"text-align: justify;\"><span style=\"font-size: 18px;\">CPAP cihaz\u0131 kullan\u0131yorsan\u0131z ve cihaz kullanmaya ba\u015flamadan \u00f6nce bu semptomlar\u0131 ya\u015famam\u0131\u015fsan\u0131z, CPAP cihaz\u0131n\u0131z kuru g\u00f6zlerinizin nedeni olabilir.<\/span><\/p>\n<p>[\/vc_column_text][\/vc_column][\/vc_row][vc_row][vc_column][vc_column_text]<\/p>\n<h2 style=\"text-align: justify;\"><strong><span style=\"font-size: 26px;\">CPAP Cihaz\u0131 \/ Kuru G\u00f6zlerin Sebepleri ve Nedenleri?<\/span><\/strong><\/h2>\n<p style=\"text-align: justify;\"><span style=\"font-size: 18px;\">CPAP cihaz\u0131 kullan\u0131rken kuruyan g\u00f6zlere neyin neden oldu\u011funu merak m\u0131 ediyorsunuz? CPAP cihaz\u0131 kullan\u0131rken kurumu\u015f g\u00f6zlerin t\u00fcm olas\u0131 nedenleri g\u00f6z \u00f6n\u00fcnde bulundurmak \u00f6nemlidir.<\/span><\/p>\n<p>&nbsp;<\/p>\n<h3 style=\"text-align: justify;\"><strong><span style=\"font-size: 22px;\">CPAP Maskesi Ka\u00e7aklar\u0131<\/span><\/strong><\/h3>\n<p style=\"text-align: justify;\"><span style=\"font-size: 18px;\">CPAP kullan\u0131c\u0131lar\u0131 aras\u0131nda g\u00f6z kurulu\u011funun en yayg\u0131n nedenlerinden biri basit bir hava s\u0131z\u0131nt\u0131s\u0131d\u0131r. Maskelerinizi burnunuza ve g\u00f6zlerinize yak\u0131n tutars\u0131n\u0131z. G\u00f6zlerinize bu kadar yak\u0131n bir yerde hava ka\u00e7a\u011f\u0131 olmas\u0131, g\u00f6zlerin an\u0131nda kurumas\u0131na ve sizi \u00e7ok rahats\u0131z etmesine neden olabilir.<\/span><\/p>\n<p style=\"text-align: justify;\"><span style=\"font-size: 18px;\">Maskenizdeki ka\u00e7aklar cihaz bas\u0131n\u00e7 ayarlar\u0131n\u0131n ne kadar y\u00fcksek oldu\u011funa ba\u011fl\u0131 olarak, her gece g\u00f6zlerinize do\u011fru gelen ve kurumas\u0131na neden olan hava olabilir.<\/span><\/p>\n<p>&nbsp;<\/p>\n<h3 style=\"text-align: justify;\"><strong><span style=\"font-size: 22px;\">G\u00f6zlere Do\u011fru Gelen Hava<\/span><\/strong><\/h3>\n<p style=\"text-align: justify;\"><span style=\"font-size: 18px;\">Ka\u00e7ak olan <strong>CPAP maskesi<\/strong> havay\u0131 g\u00f6zlerinize do\u011fru vererek, g\u00f6zlerinizi \u00e7abucak kurutur. Odan\u0131zdaki di\u011fer hava kaynaklar\u0131 da ayn\u0131 rahats\u0131zl\u0131\u011fa neden olabilir.<\/span><\/p>\n<p style=\"text-align: justify;\"><span style=\"font-size: 18px;\">Bunlar; vantilat\u00f6rler, klima, pencere ya da portatif klima \u00fcniteleri gibi \u015feyleri i\u00e7erir. Bunlar havan\u0131n g\u00f6zlere\u00a0 do\u011fru gelmesine neden olabilir.<\/span><\/p>\n<p>&nbsp;<\/p>\n<h3 style=\"text-align: justify;\"><strong><span style=\"font-size: 22px;\">Sa\u011fl\u0131k Sorunlar\u0131<\/span><\/strong><\/h3>\n<p style=\"text-align: justify;\"><span style=\"font-size: 18px;\">Baz\u0131 sa\u011fl\u0131k sorunlar\u0131, uyurken g\u00f6z kapaklar\u0131n\u0131n tamamen kapanmas\u0131n\u0131 zorla\u015ft\u0131r\u0131r. Normal ko\u015fullarda bu zorlu\u011fun \u00fcstesinden gelebilecek olsan\u0131z da, CPAP maskesi ka\u00e7a\u011f\u0131 veya uyurken odan\u0131za akan di\u011fer hava kaynaklar\u0131 ekstra olumsuzluk yaratarak kuru g\u00f6z ko\u015fullar\u0131n\u0131 \u015fiddetlendirir.<\/span><\/p>\n<p style=\"text-align: justify;\"><span style=\"font-size: 18px;\">A\u015fa\u011f\u0131da sunulan \u00e7\u00f6z\u00fcmler, kuru g\u00f6z probleminizin kaynaklar\u0131n\u0131 tan\u0131mlaman\u0131za yard\u0131mc\u0131 olacakt\u0131r, b\u00f6ylece g\u00f6zlerinizin rahatl\u0131\u011f\u0131n\u0131 ve sa\u011fl\u0131\u011f\u0131n\u0131 korumak i\u00e7in uygulanabilir bir \u00e7\u00f6z\u00fcm bulabilirsiniz.<\/span><\/p>\n<p>[\/vc_column_text][\/vc_column][\/vc_row][vc_row][vc_column][vc_column_text]<\/p>\n<h2 style=\"text-align: justify;\"><span style=\"font-size: 26px;\"><strong>CPAP Cihaz\u0131 Kullan\u0131rken Kurumu\u015f G\u00f6zler i\u00e7in \u00c7\u00f6z\u00fcmler<\/strong><\/span><\/h2>\n<p style=\"text-align: justify;\"><span style=\"font-size: 18px;\">Kuru g\u00f6zler rahats\u0131z edicidir. Bu durum ayn\u0131 zamanda g\u00f6zlerinizin y\u00fczeyine zarar verebilir, g\u00f6z enfeksiyonlar\u0131na neden olabilir ve ya\u015fam kalitenizi etkileyebilir. \u00d6zellikle g\u00f6zlerinizi yorucu kullanma gerektiren g\u00fcnl\u00fck faaliyetlerde bulunuyorsan\u0131z. Yeni CPAP maskesi kurumu\u015f g\u00f6zler sorununuzu a\u015fman\u0131za yard\u0131mc\u0131 olur.<\/span><\/p>\n<p>&nbsp;<\/p>\n<h3 style=\"text-align: justify;\"><strong><span style=\"font-size: 22px;\">G\u00f6z Nemlendiricileri Kullan\u0131n<\/span><\/strong><\/h3>\n<p style=\"text-align: justify;\"><span style=\"font-size: 18px;\">Tavsiye edilen \u00e7\u00f6z\u00fcmlerden biri, gece yatmadan \u00f6nce g\u00f6z nemlendiriciler kullanmakt\u0131r. G\u00f6zya\u015f\u0131 kurulu\u011funa kar\u015f\u0131 daha geni\u015f bir koruma sa\u011flayan jel ve merhem yap\u0131da olan nemlendiricilerde mevcuttur. Bunun i\u00e7in doktorunuzla veya eczac\u0131n\u0131zla ileti\u015fime ge\u00e7ebilirsiniz.<\/span><\/p>\n<p>&nbsp;<\/p>\n<h3 style=\"text-align: justify;\"><span style=\"font-size: 22px;\"><strong>Maskenizdeki Ka\u00e7aklar\u0131 Bulun ve D\u00fczeltin<\/strong><\/span><\/h3>\n<p style=\"text-align: justify;\"><span style=\"font-size: 18px;\">D\u00fczeltilecek ilk yer genellikle CPAP maskenizdir. Ka\u00e7aklar maskenizi de\u011fi\u015ftirmeye neden olabilir. Ger\u00e7i yiine de maskenizin de\u011fi\u015ftirilmesi gerekmeyebilir.<\/span><\/p>\n<p style=\"text-align: justify;\"><span style=\"font-size: 18px;\">Maskenizi cildinize tam oturacak \u015fekilde ayarlayabilirsiniz. Maske silikonunda bozukluk var silikonu de\u011fi\u015ftirmeniz gerekir. Ka\u00e7aklar\u0131 \u00f6nlemek burun tipinizden kaynakl\u0131 m\u00fcmk\u00fcn de\u011filse; Havan\u0131n ka\u00e7mas\u0131n\u0131 \u00f6nleyen daha iyi bir s\u0131zd\u0131rmazl\u0131k olu\u015fturmak i\u00e7in Burun Yast\u0131k\u00e7\u0131klar\u0131n\u0131 deneyebilirsiniz.\u00a0<\/span><\/p>\n<p>&nbsp;<\/p>\n<h3 style=\"text-align: justify;\"><span style=\"font-size: 22px;\"><strong>CPAP Maskenizi \u0130yice Temizleyin<\/strong><\/span><\/h3>\n<p style=\"text-align: justify;\"><span style=\"font-size: 18px;\">CPAP maskenize tam bir temizlik yapmay\u0131 unutmay\u0131n. \u00d6zellikle uzun s\u00fcredir(30 g\u00fcnd\u00fcr) yapmad\u0131ysan\u0131z. \u00d6nerimiz haftada bir temizlik yapman\u0131z (Bkz.\u00a0<a href=\"https:\/\/www.cpapmerkezi.com\/cpap-bipap-cihazi-ve-maske-bakimi.html\">CPAP, BiPAP Cihaz\u0131 ve Maske Bak\u0131m\u0131<\/a>).\u00a0<\/span><span style=\"font-size: 18px;\">Kir ve ya\u011flar maskenin y\u00fcz\u00fcn\u00fcze yeterince yap\u0131\u015fmas\u0131n\u0131 \u00f6nler, s\u0131zd\u0131rmazl\u0131\u011f\u0131 bozarak hava ka\u00e7a\u011f\u0131na neden olur.<\/span><\/p>\n<p>[\/vc_column_text][\/vc_column][\/vc_row][vc_row][vc_column][vc_column_text]<\/p>\n<h3 style=\"text-align: justify;\"><strong><span style=\"font-size: 22px;\">CPAP Cihaz\u0131 Kullan\u0131rken Kuru G\u00f6zler \u0130\u00e7in Denenecek Di\u011fer \u015eeyler<\/span><\/strong><\/h3>\n<p style=\"text-align: justify;\"><span style=\"font-size: 18px;\">Cihaz bas\u0131n\u00e7 ayar\u0131n\u0131 d\u00fc\u015f\u00fcrme ya da bas\u0131nc\u0131 yava\u015f yava\u015f y\u00fckseltmek i\u00e7in doktorunuzla konu\u015fun, b\u00f6ylece bas\u0131nc\u0131n ka\u00e7a\u011fa neden olmas\u0131 daha az olas\u0131d\u0131r.<\/span><\/p>\n<p style=\"text-align: justify;\"><span style=\"font-size: 18px;\">A\u011f\u0131z solumas\u0131n\u0131 \u00f6nlemek i\u00e7in a\u011fz\u0131 kapal\u0131 olarak uyuyun.<\/span><\/p>\n<p style=\"text-align: justify;\"><span style=\"font-size: 18px;\">Uyku pozisyonunuzu de\u011fi\u015ftirin veya maskeyi uyurken yerinde tutmak i\u00e7in ek konfor \u00fcr\u00fcnleri(Bkz.\u00a0<a href=\"https:\/\/www.cpapmerkezi.com\/urun\/aksesuarlar\/contour-cpap-bipap-yastigi\">Contour CPAP\/BiPAP Yast\u0131\u011f\u0131<\/a>) kullan\u0131n.<br \/>\n<\/span><br \/>\n<span style=\"font-size: 18px;\">CPAP maskenizi veya kafa band\u0131n\u0131 de\u011fi\u015ftirin. \u00d6zellikle de, en son de\u011fi\u015ftirdi\u011finizden bu yana 6-12 ay olmu\u015fsa.<\/span><\/p>\n<p style=\"text-align: justify;\"><span style=\"font-size: 18px;\">Kurumu\u015f g\u00f6zlerle ya\u015famak rahat de\u011fildir ve genel g\u00f6z sa\u011fl\u0131\u011f\u0131 \u00fczerinde olumsuz etkileri olur. Kuru g\u00f6zlerinize neyin neden oldu\u011funu bulmak, onu \u00e7\u00f6zmek i\u00e7in \u00e7ok \u00f6nemlidir.\u00a0<\/span><\/p>\n<p style=\"text-align: justify;\"><span style=\"font-size: 18px;\">Kuru g\u00f6zlerin nedenlerini ve size \u00f6zel \u00e7\u00f6z\u00fcmleri belirlemenize yard\u0131mc\u0131 olmas\u0131 i\u00e7in uyku doktorunuzla bu sorun hakk\u0131nda konu\u015ftu\u011funuzdan emin olun.<\/span><\/p>\n<p>[\/vc_column_text][\/vc_column][\/vc_row]<\/p>\n<\/div>","protected":false},"excerpt":{"rendered":"<p>CPAP cihaz\u0131 kullanan baz\u0131 ki\u015filer kuru g\u00f6zlerden \u015fikayet eder. CPAP kullan\u0131c\u0131lar\u0131 aras\u0131nda yayg\u0131n bir \u015fikayet. Nedenleri ve \u00e7\u00f6z\u00fcmleri bilirseniz, g\u00f6zlerinizi o kadar iyi koruyabilir ve kuru g\u00f6zlerin rahats\u0131z edici semptomlar\u0131ndan kurtulma \u015fans\u0131n\u0131z olur.<\/p>\n","protected":false},"author":1,"featured_media":13393,"parent":0,"menu_order":0,"comment_status":"open","ping_status":"open","template":"","meta":{"_relevanssi_hide_post":"","_relevanssi_pin_for_all":"","_relevanssi_pin_keywords":"","_relevanssi_unpin_keywords":"","_relevanssi_related_keywords":"","_relevanssi_related_include_ids":"","_relevanssi_related_exclude_ids":"","_relevanssi_related_no_append":"","_relevanssi_related_not_related":"","_relevanssi_related_posts":"","_relevanssi_noindex_reason":"","footnotes":""},"tags":[1824,1831,2181,1840,2182,2183,2184,2185,2186],"class_list":["post-13396","page","type-page","status-publish","has-post-thumbnail","hentry","tag-cpap-1","tag-cpap-cihazi","tag-cpap-cihazi-goz-kurulugu","tag-cpap-maskesi","tag-cpap-maskesi-kacagi","tag-goz-kurulugu","tag-goz-kuruluguna-ne-neden-olur","tag-gozum-kuruyor","tag-hava-kacagi"],"aioseo_notices":[],"jetpack_sharing_enabled":true,"_links":{"self":[{"href":"https:\/\/www.cpapmerkezi.com\/blog\/wp-json\/wp\/v2\/pages\/13396","targetHints":{"allow":["GET"]}}],"collection":[{"href":"https:\/\/www.cpapmerkezi.com\/blog\/wp-json\/wp\/v2\/pages"}],"about":[{"href":"https:\/\/www.cpapmerkezi.com\/blog\/wp-json\/wp\/v2\/types\/page"}],"author":[{"embeddable":true,"href":"https:\/\/www.cpapmerkezi.com\/blog\/wp-json\/wp\/v2\/users\/1"}],"replies":[{"embeddable":true,"href":"https:\/\/www.cpapmerkezi.com\/blog\/wp-json\/wp\/v2\/comments?post=13396"}],"version-history":[{"count":0,"href":"https:\/\/www.cpapmerkezi.com\/blog\/wp-json\/wp\/v2\/pages\/13396\/revisions"}],"wp:featuredmedia":[{"embeddable":true,"href":"https:\/\/www.cpapmerkezi.com\/blog\/wp-json\/"}],"wp:attachment":[{"href":"https:\/\/www.cpapmerkezi.com\/blog\/wp-json\/wp\/v2\/media?parent=13396"}],"wp:term":[{"taxonomy":"post_tag","embeddable":true,"href":"https:\/\/www.cpapmerkezi.com\/blog\/wp-json\/wp\/v2\/tags?post=13396"}],"curies":[{"name":"wp","href":"https:\/\/api.w.org\/{rel}","templated":true}]}}