{"id":13483,"date":"2019-02-10T14:01:33","date_gmt":"2019-02-10T11:01:33","guid":{"rendered":"https:\/\/www.cpapmerkezi.com\/?page_id=13483"},"modified":"2019-02-10T14:01:33","modified_gmt":"2019-02-10T11:01:33","slug":"philips-respironics-dreamstation-vs-resmed-airsense-10-hangisi-daha-iyi","status":"publish","type":"page","link":"https:\/\/www.cpapmerkezi.com\/blog\/philips-respironics-dreamstation-vs-resmed-airsense-10-hangisi-daha-iyi","title":{"rendered":"Philips Respironics DreamStation vs ResMed AirSense 10: Hangisi Daha \u0130yi?"},"content":{"rendered":"<div class=\"wpb-content-wrapper\"><p>[vc_row][vc_column][vc_single_image image=&#8221;13484&#8243; img_size=&#8221;full&#8221; alignment=&#8221;center&#8221;][vc_column_text]<\/p>\n<p style=\"text-align: justify;\"><span style=\"font-size: 18px;\">Uyku Apnesi te\u015fhisi konuldu ve sonucunda CPAP cihaz\u0131 kullanman\u0131z gerekiyor. CPAP Cihaz\u0131 al\u0131rken paran\u0131z\u0131n kar\u015f\u0131l\u0131\u011f\u0131n\u0131 en iyi \u015fekilde almak istersiniz. Sizin gereksinimlerinize en uygun olan\u0131 se\u00e7menize yard\u0131mc\u0131 olmak i\u00e7in piyasadaki en son model Otomatik CPAP Cihazlar\u0131 kar\u015f\u0131la\u015ft\u0131r\u0131yoruz.\u00a0 En \u00e7ok yorumlanan ve memnun olunan iki cihaz: ResMed AirSense 10 AutoSet ve Philips Respironics DreamStation Otomatik CPAP. Respironics Dreamstation vs Resmed Airsense 10&#8217;da sizin i\u00e7in en iyi CPAP cihaz\u0131n\u0131 belirlemek i\u00e7in her cihazla birlikte sunulan \u00f6zelliklere ve servislere g\u00f6z at\u0131yoruz.<\/span><\/p>\n<p>[\/vc_column_text][\/vc_column][\/vc_row][vc_row][vc_column][vc_column_text]<\/p>\n<h2 style=\"text-align: justify;\"><strong><span style=\"font-size: 22px;\">Ses Kar\u015f\u0131la\u015ft\u0131rma<\/span><\/strong><\/h2>\n<p style=\"text-align: justify;\"><span style=\"font-size: 18px;\">CPAP cihaz\u0131n\u0131n \u00e7\u0131kard\u0131\u011f\u0131 ses, bu cihazlar\u0131n en \u00f6nemli \u00f6zelliklerinden biridir. Bu cihazlar\u0131 uyurken kulland\u0131\u011f\u0131n\u0131z i\u00e7in ideal olarak <strong>en sessiz CPAP<\/strong> cihaz\u0131n\u0131 istersiniz. Bununla birlikte, baz\u0131 ki\u015filer beyaz sesle (R\u00fczgar, dalga, \u015felale, radyo dalgas\u0131, okyanus sesleri gibi u\u011fultulu ses frekans\u0131 veya sinyaldir.) daha iyi uyurlar ve bu da <strong>CPAP<\/strong> cihaz\u0131n\u0131 uyku ortam\u0131n\u0131 daha ho\u015f bir \u015fekle getirebilir. Hangi cihaz\u0131n sizin i\u00e7in en mant\u0131kl\u0131 olaca\u011f\u0131na karar vermek i\u00e7in, her cihaz\u0131n ses seviyelerini kontrol edebilirsiniz.<\/span><\/p>\n<p style=\"text-align: justify;\"><span style=\"font-size: 18px;\"><em><strong>ResMed AirSense 10<\/strong><\/em> ses seviyesi <strong>26dB<\/strong>, <em><strong>Respironics DreamStation<\/strong><\/em> <strong>25.8dB<\/strong> ses seviyesine sahiptir. Bununla birlikte, DreamStation&#8217;\u0131 kullanan hastalar bu rakamlara ra\u011fmen cihaz\u0131n ses seviyesinin daha y\u00fcksek oldu\u011funu bildirmi\u015ftir. Bu durum her cihaz\u0131n \u00fcretti\u011fi ses seviyeleri dikkate al\u0131nd\u0131\u011f\u0131nda olduk\u00e7a ilgin\u00e7tir.<\/span><\/p>\n<p>[\/vc_column_text][\/vc_column][\/vc_row][vc_row][vc_column][vc_column_text]<\/p>\n<h2 style=\"text-align: justify;\"><strong><span style=\"font-size: 22px;\">Nemlendirme<\/span><\/strong><\/h2>\n<p style=\"text-align: justify;\"><span style=\"font-size: 18px;\">So\u011fuk veya s\u0131cak olarak kullan\u0131labilen nemlendirici, Uyku Apnesi terapisinde \u00f6nemli bir fakt\u00f6rd\u00fcr. Bir <strong>CPAP cihaz<\/strong>\u0131 se\u00e7erken, baz\u0131 birimlerin \u00fczerinde veya iste\u011fe ba\u011fl\u0131 nemlendirici sistemleriyle tasarland\u0131\u011f\u0131n\u0131 unutmay\u0131n. Ayr\u0131ca, so\u011fuk ve \u0131l\u0131k hava aras\u0131nda se\u00e7im yapmak isteyebilirsiniz. ResMed Airsense 10 Autoset incelendi\u011finde, \u00f6ne \u00e7\u0131kan \u00f6zelliklerinden biri de \u0131s\u0131t\u0131c\u0131s\u0131n\u0131n dahili olarak sunulmas\u0131d\u0131r. Dreamstation nemlendirme se\u00e7ene\u011fi iste\u011fe ba\u011fl\u0131d\u0131r yani ayr\u0131ca bir cihazd\u0131r, bu yap\u0131land\u0131rmada biraz daha b\u00fcy\u00fck bir alan kaplamas\u0131na neden olmaktad\u0131r.<\/span><\/p>\n<p>[\/vc_column_text][\/vc_column][\/vc_row][vc_row][vc_column][vc_column_text]<\/p>\n<h2 style=\"text-align: justify;\"><strong><span style=\"font-size: 22px;\">A\u011f\u0131rl\u0131k<\/span><\/strong><\/h2>\n<p style=\"text-align: justify;\"><span style=\"font-size: 18px;\">AirSense 10 Autoset ve DreamStation Auto CPAP cihazlar\u0131n\u0131n ikide seyahat ve ula\u015f\u0131mda b\u00fcy\u00fck rol oynayan a\u011f\u0131rl\u0131k seviyesinin alt\u0131ndad\u0131r. Nemlendiriciye sahip olmak ResMed AirSense 10&#8217;u Respironics DreamStation&#8217;dan ay\u0131rd\u0131\u011f\u0131 yerdir. AirSense 10, nemlendiriciyle birlikte 1248 gram a\u011f\u0131rl\u0131\u011f\u0131nda.<\/span><\/p>\n<p style=\"text-align: justify;\"><span style=\"font-size: 18px;\">DreamStation, bir kilodan daha az 710 gram a\u011f\u0131rl\u0131\u011f\u0131nda, ancak bu nemlendirici olmadan. Nemlendiriciyi DreamStation&#8217;a dahil etti\u011finizde, toplam a\u011f\u0131rl\u0131\u011f\u0131 1433 grama \u00e7\u0131kar\u0131r, bu da t\u00fcm ekipman kullan\u0131rken AirSense 10&#8217;a k\u0131yasla daha a\u011f\u0131r olmas\u0131n\u0131 sa\u011flar. <em><strong>CPAP cihaz\u0131<\/strong><\/em> ve nemlendirici ile seyahat etmeyi planlayanlar i\u00e7in, <strong>ResMed AirSense 10<\/strong>\u00a0kazan\u0131r.<\/span><\/p>\n<p>[\/vc_column_text][\/vc_column][\/vc_row][vc_row][vc_column][vc_column_text]<\/p>\n<h2 style=\"text-align: justify;\"><span style=\"font-size: 22px;\"><strong>Boyut<\/strong><\/span><\/h2>\n<p style=\"text-align: justify;\"><span style=\"font-size: 18px;\"><strong>ResMed<\/strong> ve <strong>Philip Respironics<\/strong> boyutlar\u0131 bir kar\u015f\u0131la\u015ft\u0131rma yap\u0131ld\u0131\u011f\u0131nda kar\u015f\u0131m\u0131za \u015f\u00f6yle bir sonu\u00e7 \u00e7\u0131kar: <span style=\"text-decoration: underline;\">ResMed AirSense 10<\/span>, 11,7 x 25,4 x 15,0 cm, <span style=\"text-decoration: underline;\">DreamStation<\/span> 19,3 x 15,7 x 8,4 cm. AirSense biraz daha b\u00fcy\u00fckt\u00fcr, ancak <em>DreamStation<\/em> boyutu nemlendirici tak\u0131lmadan \u00f6ncedir. Nemlendiricili DreamStation 29,7 x 19,3 x 8,4 cm boyutlar\u0131ndad\u0131r. Seyahat i\u00e7in en k\u00fc\u00e7\u00fck boyutu arayan kullan\u0131c\u0131lar i\u00e7in kazanan, nemlendirici tak\u0131l\u0131 olmayan <strong>DreamStation<\/strong>&#8216;d\u0131r.<\/span><\/p>\n<p>[\/vc_column_text][\/vc_column][\/vc_row][vc_row][vc_column][vc_column_text]<\/p>\n<h2 style=\"text-align: justify;\"><span style=\"font-size: 22px;\"><strong>Fiyat<\/strong><\/span><\/h2>\n<p style=\"text-align: justify;\"><span style=\"font-size: 18px;\">ResMed AirSense 10 ve Philips Respironics DreamStation&#8217;\u0131n \u015fu anki fiyatlar\u0131 aras\u0131nda \u00e7ok b\u00fcy\u00fck fark (100-200 TL) bulunmamaktad\u0131r. Fiyat bu iki cihaz aras\u0131nda se\u00e7im konusunda belirleyici bir fakt\u00f6r de\u011fildir.\u00a0<\/span><\/p>\n<p>[\/vc_column_text][\/vc_column][\/vc_row][vc_row][vc_column][vc_column_text]<\/p>\n<h2 style=\"text-align: justify;\"><span style=\"font-size: 22px;\"><strong>Garanti<\/strong><\/span><\/h2>\n<p style=\"text-align: justify;\"><span style=\"font-size: 18px;\">Hem DreamStation hem de AirSense 10 ayn\u0131 garantiyle gelir. Bu garanti, cihaz\u0131n fabrika hatalar\u0131na kar\u015f\u0131 onar\u0131m\u0131n\u0131 kapsayan 2 y\u0131ll\u0131k \u00fcretici garantisidir.\u00a0<\/span><\/p>\n<p>[\/vc_column_text][\/vc_column][\/vc_row][vc_row][vc_column][vc_column_text]<\/p>\n<h2 style=\"text-align: justify;\"><span style=\"font-size: 22px;\"><strong>Tasar\u0131m<\/strong><\/span><\/h2>\n<p style=\"text-align: justify;\"><span style=\"font-size: 18px;\">DreamStation ve AirSense aras\u0131ndaki bir di\u011fer \u00f6nemli fark, \u00fcnitelerin genel g\u00f6r\u00fcn\u00fc\u015f\u00fcd\u00fcr. AirSense, \u015f\u0131k siyah tasar\u0131m yan\u0131nda kad\u0131nlara \u00f6zel AirSense 10 AutoSet \u00fcr\u00fcn\u00fcn\u00fc beyaz ve \u00e7i\u00e7ekli tasar\u0131ma sahiptir. AirSense uzun, ince bir profile sahiptir. DreamStation tek bir tasar\u0131ma sahiptir; k\u0131sa, kutu \u015feklinde ve parlak beyaz renktedir. Uyku Apnesi hastalar\u0131 yatak odalar\u0131n\u0131n renk d\u00fczeninde uygun cihaz almak isteyenler i\u00e7in bu \u00fcz\u00fcc\u00fc olabilir. ResMed&#8217;in yapt\u0131\u011f\u0131 bir ara\u015ft\u0131rmada yanl\u0131\u015f hat\u0131rlam\u0131yorsam kullan\u0131c\u0131lar kendilerini hastane ekipman\u0131 gibi bir cihaz kullanmak istemediklerini belirtmi\u015fti. Her ne kadar tedaviye bir etkisi olmasa da psikolojik olarak kullan\u0131c\u0131lar\u0131 rahatlatmaktad\u0131r.<\/span><\/p>\n<p>[\/vc_column_text][\/vc_column][\/vc_row][vc_row][vc_column][vc_column_text]<\/p>\n<h2 style=\"text-align: justify;\"><span style=\"font-size: 22px;\"><strong>Nefes Verme Kolayl\u0131\u011f\u0131<\/strong><\/span><\/h2>\n<p style=\"text-align: justify;\"><span style=\"font-size: 18px;\">ResMed AirSense 10, HumidAir Is\u0131t\u0131c\u0131l\u0131 Nemlendiriciyle kullan\u0131lan, \u0131s\u0131t\u0131c\u0131l\u0131 hortum ClimateLineAir se\u00e7ene\u011fine sahiptir. Is\u0131t\u0131c\u0131l\u0131 hortum nemlendiriciye dahil edildi\u011finde, bakteri birikimini azaltabilir ve cihaz\u0131n i\u015flevselli\u011fini art\u0131rabilirsiniz. ResMed sistemi ayr\u0131ca EPR (D\u0131\u015far\u0131 Solunan Bas\u0131nc\u0131n Bo\u015falt\u0131lmas\u0131) ad\u0131 verilen bir algoritma kullanan ekspiratuar bas\u0131n\u00e7 tahliyesi ile donat\u0131lm\u0131\u015ft\u0131r. DreamStation ise, A-Flex ile nefes verirken rahatlama sa\u011flar. <\/span><\/p>\n<p style=\"text-align: justify;\"><span style=\"font-size: 18px;\">Respironics DreamStation rampa d\u00fc\u011fmesi i\u00e7erirken, AirSense 10 Auto bu kolay eri\u015filebilen d\u00fc\u011fmeden yoksundur. AirSense i\u00e7in, rampa \u00f6zelli\u011fini kullanmak i\u00e7in men\u00fcye girmeniz gerekir. Bu ekstra ad\u0131m, cihaz\u0131 gece kullan\u0131rken ve uykuya dalamad\u0131\u011f\u0131n\u0131zda kullan\u0131m\u0131 zorla\u015ft\u0131r\u0131r.\u00a0<\/span><\/p>\n<p>[\/vc_column_text][\/vc_column][\/vc_row][vc_row][vc_column][vc_column_text]<\/p>\n<h2 style=\"text-align: justify;\"><span style=\"font-size: 22px;\"><strong>Terapi Takibi<\/strong><\/span><\/h2>\n<p style=\"text-align: justify;\"><span style=\"font-size: 18px;\">DreamStation, Uyku Apnesi terapisini izlemek i\u00e7in DreamMapper uygulamas\u0131n\u0131 kullanan iste\u011fe ba\u011fl\u0131 Bluetooth \u00f6zelli\u011fine sahiptir. AirSense 10 uyku raporlar\u0131 i\u00e7in geli\u015fmi\u015f veri sa\u011flar. Verilerinizi k\u0131saca cihaz \u00fczerinden g\u00f6rebilir ayr\u0131ca detayl\u0131 \u015fekilde myAir platformu \u00fczerinden g\u00f6rebilirsiniz.<\/span><\/p>\n<p>[\/vc_column_text][\/vc_column][\/vc_row][vc_row][vc_column][vc_column_text]<\/p>\n<h2 style=\"text-align: justify;\"><span style=\"font-size: 22px;\"><strong>Batarya<\/strong><\/span><\/h2>\n<p style=\"text-align: justify;\"><span style=\"font-size: 18px;\">DreamStation, 12V ak\u0131mla \u00e7al\u0131\u015f\u0131r. DreamStation cihazlar\u0131 i\u00e7in tasarlanm\u0131\u015f batarya bulunmaktad\u0131r.\u00a0<\/span><span style=\"font-size: 18px;\">12V yerine 24V&#8217;da \u00e7al\u0131\u015fmas\u0131na ra\u011fmen, AirSense 10 pil se\u00e7eneklerine sahip de\u011fildir.\u00a0<\/span><\/p>\n<p>[\/vc_column_text][\/vc_column][\/vc_row][vc_row][vc_column][vc_column_text]<\/p>\n<h2 style=\"text-align: justify;\"><span style=\"font-size: 22px;\"><strong> ResMed AirSense 10 <\/strong>vs<strong> Philips Respironics DreamStation<\/strong><\/span><\/h2>\n<p style=\"text-align: justify;\"><span style=\"font-size: 18px;\">Philips Respironics DreamStation Otomatik CPAP cihaz\u0131 ve ResMed AirSense 10 AutoSet CPAP cihaz\u0131, Uyku Apnesi terapisinde ileri teknoloji kullanan, en iyisini sunan cihazlard\u0131r. Her biri otomatik hava bas\u0131nc\u0131, rampa ve nemlendirme dahil olmak \u00fczere tonlarca \u00f6zelliklerle donat\u0131lm\u0131\u015ft\u0131r. Ek olarak, bu makinelerden herhangi birinde CPAP maskelerinin t\u00fcm \u00e7e\u015fitlerini kullanabileceksiniz. Her iki cihazda yakla\u015f\u0131k ayn\u0131 fiyat olmas\u0131n\u0131n yan\u0131nda z\u0131t renk \u015femalar\u0131 ve tasar\u0131mlar\u0131yla birlikte gelir. Alt\u0131n\u0131 \u00e7izmek gerekirse, estetik g\u00f6r\u00fcn\u00fc\u015f son y\u0131llarda belirli bir se\u00e7im sebebi olmu\u015ftur fakat size uygun olan cihaz\u0131 se\u00e7mek i\u00e7in di\u011fer paremetrelere g\u00f6z atmay\u0131 ihmal etmeyin.\u00a0<\/span><\/p>\n<p>[\/vc_column_text][\/vc_column][\/vc_row]<\/p>\n<h4>Incoming search terms:<\/h4><ul><li>https:\/\/www cpapmerkezi com\/blog\/philips-respironics-dreamstation-vs-resmed-airsense-10-hangisi-daha-iyi?srsltid=AfmBOop8Ccy1Di3UkJY8A1NWTdJ-JeHzUqe1_SsMltQk6qjimYVUhNOR<\/li><li>https:\/\/www cpapmerkezi com\/blog\/philips-respironics-dreamstation-vs-resmed-airsense-10-hangisi-daha-iyi?srsltid=AfmBOopnoVEbRFniYnLVJBEEbbnXmNjNNrmPWrZItR9PP-cIONJ1zHRM<\/li><\/ul><\/div>","protected":false},"excerpt":{"rendered":"<p>[vc_row][vc_column][vc_single_image image=&#8221;13484&#8243; img_size=&#8221;full&#8221; alignment=&#8221;center&#8221;][vc_column_text] Uyku Apnesi te\u015fhisi konuldu ve sonucunda CPAP cihaz\u0131 kullanman\u0131z gerekiyor. CPAP Cihaz\u0131 al\u0131rken paran\u0131z\u0131n kar\u015f\u0131l\u0131\u011f\u0131n\u0131 en iyi \u015fekilde almak istersiniz. Sizin&#8230;<\/p>\n","protected":false},"author":1,"featured_media":13484,"parent":0,"menu_order":0,"comment_status":"closed","ping_status":"closed","template":"","meta":{"_relevanssi_hide_post":"","_relevanssi_pin_for_all":"","_relevanssi_pin_keywords":"","_relevanssi_unpin_keywords":"","_relevanssi_related_keywords":"","_relevanssi_related_include_ids":"","_relevanssi_related_exclude_ids":"","_relevanssi_related_no_append":"","_relevanssi_related_not_related":"","_relevanssi_related_posts":"","_relevanssi_noindex_reason":"","footnotes":""},"tags":[2147,1824,1831,1946,2188,2010,1849,1850,2193,1844,2194,2195],"class_list":["post-13483","page","type-page","status-publish","has-post-thumbnail","hentry","tag-airsense-10","tag-cpap-1","tag-cpap-cihazi","tag-dreamstation","tag-en-iyi-cpap","tag-en-iyi-cpap-cihazi","tag-otomatik-cpap-cihazi","tag-philips-respironics","tag-philips-respironics-dreamstation","tag-resmed_","tag-resmed-airsense-10","tag-resmed-mi-philips-mi"],"aioseo_notices":[],"jetpack_sharing_enabled":true,"_links":{"self":[{"href":"https:\/\/www.cpapmerkezi.com\/blog\/wp-json\/wp\/v2\/pages\/13483","targetHints":{"allow":["GET"]}}],"collection":[{"href":"https:\/\/www.cpapmerkezi.com\/blog\/wp-json\/wp\/v2\/pages"}],"about":[{"href":"https:\/\/www.cpapmerkezi.com\/blog\/wp-json\/wp\/v2\/types\/page"}],"author":[{"embeddable":true,"href":"https:\/\/www.cpapmerkezi.com\/blog\/wp-json\/wp\/v2\/users\/1"}],"replies":[{"embeddable":true,"href":"https:\/\/www.cpapmerkezi.com\/blog\/wp-json\/wp\/v2\/comments?post=13483"}],"version-history":[{"count":0,"href":"https:\/\/www.cpapmerkezi.com\/blog\/wp-json\/wp\/v2\/pages\/13483\/revisions"}],"wp:featuredmedia":[{"embeddable":true,"href":"https:\/\/www.cpapmerkezi.com\/blog\/wp-json\/"}],"wp:attachment":[{"href":"https:\/\/www.cpapmerkezi.com\/blog\/wp-json\/wp\/v2\/media?parent=13483"}],"wp:term":[{"taxonomy":"post_tag","embeddable":true,"href":"https:\/\/www.cpapmerkezi.com\/blog\/wp-json\/wp\/v2\/tags?post=13483"}],"curies":[{"name":"wp","href":"https:\/\/api.w.org\/{rel}","templated":true}]}}