{"id":14729,"date":"2020-03-27T16:21:49","date_gmt":"2020-03-27T13:21:49","guid":{"rendered":"https:\/\/www.cpapmerkezi.com\/?page_id=14729"},"modified":"2020-03-27T16:21:49","modified_gmt":"2020-03-27T13:21:49","slug":"solunum-cihazi-coronavirus-covid-19","status":"publish","type":"page","link":"https:\/\/www.cpapmerkezi.com\/blog\/solunum-cihazi-coronavirus-covid-19","title":{"rendered":"Solunum Cihaz\u0131 vs Coronavirus [Covid-19]"},"content":{"rendered":"<div class=\"wpb-content-wrapper\"><p>[vc_row equal_height=&#8221;true&#8221; background_color=&#8221;#81d742&#8243;][vc_column][vc_empty_space][vc_empty_space][vc_column_text]<\/p>\n<h1 style=\"text-align: center;\"><strong>Solunum Cihaz\u0131 vs Coronavirus [Covid-19]<\/strong><\/h1>\n<p>[\/vc_column_text][vc_column_text]<\/p>\n<h4 style=\"text-align: center;\" data-v-2491639c=\"\">Covid-19&#8217;dan etkilenmemek i\u00e7in neler yap\u0131yoruz ve nas\u0131l g\u00fcvende kalabilirsiniz<\/h4>\n<p>[\/vc_column_text][vc_empty_space][vc_empty_space][\/vc_column][\/vc_row][vc_row][vc_column][vc_empty_space][vc_column_text]<\/p>\n<p style=\"text-align: center;\"><strong><span style=\"color: #ff0000; font-size: 22px;\">T\u0131bbi bir acil durum, solunum s\u0131k\u0131nt\u0131s\u0131, y\u00fcksek ate\u015f veya ba\u015fka bir durumla kar\u015f\u0131la\u015f\u0131rsan\u0131z, l\u00fctfen hemen 112 acil telefon numaras\u0131n\u0131 aray\u0131n. Onlara Covid-19&#8217;a maruz kalm\u0131\u015f olabilecek durumlar\u0131n\u0131 bildirdi\u011finizden emin olun.<\/span><\/strong><\/p>\n<p>[\/vc_column_text][vc_empty_space][vc_column_text]<\/p>\n<p style=\"text-align: justify;\"><span style=\"font-size: 18px;\">Son zamanlarda D\u00fcnya&#8217;n\u0131n g\u00fcndeminden d\u00fc\u015fmeyen <strong>Koronovir\u00fcs<\/strong> sayesinde insanlar\u0131n kayg\u0131lar\u0131ndan dolay\u0131 <strong>Solunum Cihazlar\u0131na<\/strong> meraklar\u0131 artt\u0131. Bu yaz\u0131m\u0131zda s\u0131k\u00e7a ald\u0131\u011f\u0131m\u0131z sorular ve Koronovir\u00fcs&#8217;den korunma ve g\u00fcncel bilgileri bulabileceksiniz. yaz\u0131m\u0131z yeni normlar a\u00e7\u0131kland\u0131k\u00e7a g\u00fcncellenecektir.<\/span><\/p>\n<p>[\/vc_column_text][vc_empty_space][\/vc_column][\/vc_row][vc_row row_padding_top=&#8221;100&#8243;][vc_column][vc_column_text]<\/p>\n<h2 data-v-3c25fb78=\"\"><strong><span style=\"font-size: 28px;\">G\u00fcvenli\u011finiz i\u00e7in<\/span><\/strong><\/h2>\n<p>[\/vc_column_text][vc_column_text]<\/p>\n<p style=\"text-align: justify;\"><span style=\"font-size: 18px;\">Covid-19 olma ve\/veya bula\u015ft\u0131rma riskinizi azaltmak i\u00e7in, l\u00fctfen \u015fu yay\u0131nlanm\u0131\u015f y\u00f6nergeleri izleyin:<\/span><\/p>\n<ul class=\"pl-4 mb-3\">\n<li class=\"mb-1\" style=\"text-align: justify;\"><span style=\"font-size: 18px;\">Covid-19 Nedir? : <a href=\"https:\/\/covid19.saglik.gov.tr\/tr\/covid-19-yeni-koronavirus-hastaligi-nedir\">T.C. Sa\u011fl\u0131k Bakanl\u0131\u011f\u0131<\/a><\/span><\/li>\n<li class=\"mb-1\" style=\"text-align: justify;\"><span style=\"font-size: 18px;\">Covid-19 hakk\u0131nda s\u0131k sorulan sorular (nas\u0131l bula\u015ft\u0131\u011f\u0131, yayg\u0131n semptomlar\u0131 ve nas\u0131l en iyi \u015fekilde \u00f6nleyebilece\u011fimiz dahil): <a href=\"https:\/\/www.who.int\/news-room\/q-a-detail\/q-a-coronaviruses\" target=\"_blank\" rel=\"noopener noreferrer\">D\u00fcnya Sa\u011fl\u0131k \u00d6rg\u00fct\u00fc (WHO)<\/a> &#8211; <a href=\"https:\/\/covid19.saglik.gov.tr\/tr\/\">T.C. Sa\u011fl\u0131k Bakanl\u0131\u011f\u0131<\/a><\/span><\/li>\n<li class=\"mb-1\" style=\"text-align: justify;\"><span style=\"font-size: 18px;\">Covid-19 bula\u015fma riski alt\u0131nda olan ki\u015filer :\u00a0 <a href=\"https:\/\/covid19.saglik.gov.tr\/tr\/covid19-kimler-risk-altinda\">T.C. Sa\u011fl\u0131k Bakanl\u0131\u011f\u0131<\/a><\/span><\/li>\n<li class=\"mb-1\" style=\"text-align: justify;\"><span style=\"font-size: 18px;\"><a href=\"https:\/\/www.who.int\/docs\/default-source\/coronaviruse\/who-rights-roles-respon-hw-covid-19.pdf?sfvrsn=bcabd401_0\" target=\"_blank\" rel=\"noopener noreferrer\">D\u00fcnya Sa\u011fl\u0131k \u00d6rg\u00fct\u00fc <\/a><a href=\"https:\/\/www.who.int\/emergencies\/diseases\/novel-coronavirus-2019\/advice-for-public\/myth-busters\" target=\"_blank\" rel=\"noopener noreferrer\">(WHO)<\/a> Covid-19 hakk\u0131nda genel efsaneler ve ger\u00e7ekler<\/span><\/li>\n<li class=\"mb-1\" style=\"text-align: justify;\"><span style=\"font-size: 18px;\">Sa\u011fl\u0131kl\u0131 hijyen:\u00a0<a href=\"https:\/\/www.who.int\/docs\/default-source\/coronaviruse\/who-rights-roles-respon-hw-covid-19.pdf?sfvrsn=bcabd401_0\" target=\"_blank\" rel=\"noopener noreferrer\">D\u00fcnya Sa\u011fl\u0131k \u00d6rg\u00fct\u00fc <\/a>(WHO)<\/span><\/li>\n<li class=\"mb-1\" style=\"text-align: justify;\"><span style=\"font-size: 18px;\">Sa\u011fl\u0131k \u00e7al\u0131\u015fanlar\u0131 i\u00e7in ipu\u00e7lar\u0131:\u00a0<a href=\"https:\/\/www.who.int\/docs\/default-source\/coronaviruse\/who-rights-roles-respon-hw-covid-19.pdf?sfvrsn=bcabd401_0\" target=\"_blank\" rel=\"noopener noreferrer\">D\u00fcnya Sa\u011fl\u0131k \u00d6rg\u00fct\u00fc (WHO)<\/a> &#8211; <a href=\"https:\/\/covid19.saglik.gov.tr\/tr\/algoritmalar\">T.C. Sa\u011fl\u0131k Bakanl\u0131\u011f\u0131<\/a><\/span><\/li>\n<li class=\"mb-1\" style=\"text-align: justify;\"><span style=\"font-size: 18px;\">Ciddi hastal\u0131k riski y\u00fcksek ki\u015filer i\u00e7in ipu\u00e7lar\u0131:\u00a0<a href=\"https:\/\/www.cdc.gov\/coronavirus\/2019-ncov\/specific-groups\/high-risk-complications.html#who-is-higher-risk\" target=\"_blank\" rel=\"noopener noreferrer\">CDC<\/a><\/span><\/li>\n<li class=\"mb-1\" style=\"text-align: justify;\"><span style=\"font-size: 18px;\">K\u00fcresel seyahat rehberli\u011fi:\u00a0<a href=\"https:\/\/www.who.int\/docs\/default-source\/coronaviruse\/who-rights-roles-respon-hw-covid-19.pdf?sfvrsn=bcabd401_0\" target=\"_blank\" rel=\"noopener noreferrer\">D\u00fcnya Sa\u011fl\u0131k \u00d6rg\u00fct\u00fc <\/a><a href=\"https:\/\/www.who.int\/emergencies\/diseases\/novel-coronavirus-2019\/travel-advice\" target=\"_blank\" rel=\"noopener noreferrer\">(WHO)<\/a> <\/span>\n<ul class=\"pl-4 mb-3\">\n<li class=\"mb-1\"><span style=\"font-size: 18px;\">K\u0131s\u0131tlamalar <a href=\"http:\/\/web.shgm.gov.tr\/\">Sivil Havac\u0131l\u0131k Genel M\u00fcd\u00fcrl\u00fc\u011f\u00fc<\/a> &#8211; <a href=\"https:\/\/covid19.saglik.gov.tr\/tr\/haberler\/ulkemizden-ucus-kisitlamasi-olan-ulkeler.html\">T.C. Sa\u011fl\u0131k Bakanl\u0131\u011f\u0131<\/a><\/span><\/li>\n<\/ul>\n<\/li>\n<li class=\"mb-1\" style=\"text-align: justify;\"><span style=\"font-size: 18px;\">D\u00fcnya ve T\u00fcrkiye&#8217;de Covid-19\u00a0 durumu: <a href=\"https:\/\/esriturkiye.maps.arcgis.com\/apps\/opsdashboard\/index.html#\/cfe8603d7f104fd6b133bc1fed0e90bd\">John Hopkins \u00dcniversitesi COVID-19 K\u00fcresel Yay\u0131l\u0131m Paneli<\/a><\/span><\/li>\n<li class=\"mb-1\" style=\"text-align: justify;\"><span style=\"font-size: 18px;\">\u0130\u015f sa\u011fl\u0131\u011f\u0131 ve g\u00fcvenli\u011fi i\u00e7in \u00f6nemli hususlar da dahil olmak \u00fczere sa\u011fl\u0131k \u00e7al\u0131\u015fanlar\u0131n\u0131n haklar\u0131, rolleri ve sorumluluklar\u0131:\u00a0<a href=\"https:\/\/www.who.int\/docs\/default-source\/coronaviruse\/who-rights-roles-respon-hw-covid-19.pdf?sfvrsn=bcabd401_0\" target=\"_blank\" rel=\"noopener noreferrer\">D\u00fcnya Sa\u011fl\u0131k \u00d6rg\u00fct\u00fc <\/a><a href=\"https:\/\/www.who.int\/docs\/default-source\/coronaviruse\/who-rights-roles-respon-hw-covid-19.pdf?sfvrsn=bcabd401_0\" target=\"_blank\" rel=\"noopener noreferrer\">(WHO)<\/a><\/span><\/li>\n<\/ul>\n<p>[\/vc_column_text][vc_empty_space][vc_column_text]<\/p>\n<p style=\"text-align: justify;\"><strong><span style=\"font-size: 24px;\">G\u00fcncel Durum<\/span><\/strong><\/p>\n<p style=\"text-align: justify;\">John Hopkins \u00dcniversitesi COVID-19 K\u00fcresel Yay\u0131l\u0131m Paneli<\/p>\n<p>[\/vc_column_text][vc_column_text]<iframe src=\"https:\/\/esriturkiye.maps.arcgis.com\/apps\/opsdashboard\/index.html#\/cfe8603d7f104fd6b133bc1fed0e90bd\" width=\"100%\" height=\"550px\" allowfullscreen=\"allowfullscreen\"><\/iframe>[\/vc_column_text][vc_empty_space][\/vc_column][\/vc_row][vc_row][vc_column][vc_empty_space][vc_column_text]<\/p>\n<h2 class=\"mb-3\"><span style=\"font-size: 28px;\"><strong>Cihazlar ve Covid-19 Hakk\u0131nda S\u0131k Sorulan Sorular<\/strong><\/span><\/h2>\n<div class=\"\">\n<p><span style=\"font-size: 18px;\">Toplad\u0131\u011f\u0131m\u0131z en son bilgilere dayanarak, Covid-19 ile ilgili ve solunum cihazlar\u0131yla ilgili en son k\u0131lavuz:<\/span><\/p>\n<\/div>\n<p>[\/vc_column_text][\/vc_column][\/vc_row][vc_row][vc_column][vc_tta_accordion active_section=&#8221;1&#8243;][vc_tta_section title=&#8221;Ventilat\u00f6r nedir ve ne i\u015fe yarar?&#8221; tab_id=&#8221;1585318138402-6d076416-9ca1&#8243;][vc_column_text]<span style=\"font-size: 18px;\">Ev ve hastane kullan\u0131m\u0131 i\u00e7in uygun, solunum yetmezli\u011fi ve ba\u015far\u0131s\u0131zl\u0131\u011f\u0131 olan hastalar\u0131 desteklemek i\u00e7in \u00e7e\u015fitli klinik senaryolar\u0131nda kullan\u0131lan yapay nefes al\u0131p vermenizi sa\u011flayan cihazlard\u0131r. Ventilat\u00f6rler invaziv veya non-invaziv ventilasyon sa\u011flayabilir:<\/span><\/p>\n<ul>\n<li><span style=\"font-size: 18px;\"><strong>Noninvaziv ventilasyon (NIV)<\/strong> , bir maske yard\u0131m\u0131yla hastaya hava verilen mekanik ventilasyon \u015feklidir.<\/span><\/li>\n<li><span style=\"font-size: 18px;\"><strong>\u0130nvaziv ventilasyon<\/strong>\u00a0, non-invaziv y\u00f6ntemler kullan\u0131larak yeterli ventilasyon sa\u011flanamad\u0131\u011f\u0131nda kullan\u0131l\u0131r;\u00a0hava, ent\u00fcbasyon veya trakeotomi ile trakea i\u00e7ine sokulan bir t\u00fcp yoluyla verilir.<\/span><\/li>\n<li><span style=\"font-size: 18px;\"><strong>BiPAP cihaz\u0131<\/strong> nefes alma ve verme olmak \u00fczere iki farkl\u0131 bas\u0131n\u00e7 sa\u011flar; bas\u0131n\u00e7lardaki de\u011fi\u015fiklik akci\u011ferlere giren ve \u00e7\u0131kan hava ak\u0131\u015f\u0131na yol a\u00e7ar.<\/span><\/li>\n<\/ul>\n<p>[\/vc_column_text][\/vc_tta_section][vc_tta_section title=&#8221;Oksijen Konsantrat\u00f6r\u00fc nedir ve ne i\u015fe yarar?&#8221; tab_id=&#8221;1585335369241-a72f0081-0be8&#8243;][vc_column_text]<\/p>\n<p style=\"text-align: justify;\"><span style=\"font-size: 18px;\">Oksijen konsantrat\u00f6rleri, soludu\u011fumuz havadaki oksijeni ve nitrojeni (azotu), molek\u00fcler elek (molecular sieve) sisteminden ge\u00e7irerek ay\u0131r\u0131r, b\u00f6ylece t\u0131bbi ama\u00e7l\u0131 kullan\u0131labilecek % 90 \u2013 95 yo\u011funlukta oksijen gaz\u0131 \u00fcretir. Bu i\u015flemi s\u00fcrekli hale getirerek kesintisiz oksijen ak\u0131\u015f\u0131 sa\u011flar. <\/span><\/p>\n<p style=\"text-align: justify;\"><span style=\"font-size: 18px;\">Oksijen konsantrat\u00f6r\u00fc solunumsal sorunlarda tek ba\u015f\u0131na veya ventilat\u00f6r cihazlar\u0131yla birlikte kullan\u0131labilir.<\/span><\/p>\n<p>[\/vc_column_text][\/vc_tta_section][vc_tta_section title=&#8221;COVID-19 te\u015fhisi konulursa ventilat\u00f6r, oksijen konsantrat\u00f6r\u00fc veya BiPAP cihazlar\u0131ndan hangisine ihtiyac\u0131m olacak?&#8221; tab_id=&#8221;1585318138424-a29cd9c5-4245&#8243;][vc_column_text]<\/p>\n<p style=\"text-align: justify;\"><span style=\"font-size: 18px;\">Covid-19 te\u015fhis edilmi\u015fseniz, te\u015fhisi veren sa\u011fl\u0131k personelinin tavsiyelerine uyman\u0131z gerekir. Covid-19 vakalar\u0131n\u0131 tedavi etmek i\u00e7in gereken tedavi \u00e7ok karma\u015f\u0131kt\u0131r ve bunu uygulamak i\u00e7in t\u0131bbi uzmanl\u0131k ve klinik olarak e\u011fitilmi\u015f personel gerekir. Doktorunuz, her hasta i\u00e7in ne t\u00fcr bir tedavinin gerekli oldu\u011funa karar verme uzmanl\u0131\u011f\u0131na sahiptir.<\/span><\/p>\n<p>[\/vc_column_text][\/vc_tta_section][vc_tta_section title=&#8221;Covid-19 varsa, invaziv veya non-invaziv ventilasyondayken yayabilir miyim?&#8221; tab_id=&#8221;1585318779657-ca076cad-c04f&#8221;][vc_column_text]<span style=\"font-size: 18px;\">Bilgi her g\u00fcn de\u011fi\u015fiyor, ancak en son g\u00f6rd\u00fc\u011f\u00fcm\u00fcz:<\/span><\/p>\n<ul>\n<li style=\"text-align: justify;\"><span style=\"font-size: 18px;\"><span style=\"font-size: 18px;\"><strong>\u0130nvaziv ventilasyon<\/strong> , aerosolizasyon veya damlac\u0131k dispersiyonu (bula\u015f\u0131c\u0131 hava partik\u00fcllerinin d\u0131\u015far\u0131 at\u0131lmas\u0131) yoluyla Covid-19&#8217;un yay\u0131lma riski daha d\u00fc\u015f\u00fckt\u00fcr, \u00e7\u00fcnk\u00fc hava hastaya gelir gelmez t\u00fcpten \u00e7\u0131kar.<\/span><\/span><\/li>\n<li style=\"text-align: justify;\"><span style=\"font-size: 18px;\"><strong>Non-\u0130nvaziv ventilasyon<\/strong>,\u00a0 \u00e7al\u0131\u015fmalar b\u00fcy\u00fck damlac\u0131klar (&gt; 10 \u03bcm) risk \u00fcretme olas\u0131l\u0131\u011f\u0131n\u0131n daha y\u00fcksek oldu\u011funu ve b\u00fcy\u00fck \u00f6l\u00e7\u00fcde bir metre i\u00e7inde s\u0131n\u0131rland\u0131\u011f\u0131n\u0131 g\u00f6stermektedir. Bu, invaziv olmayan ventilasyon veya BiPAP cihazlar\u0131n\u0131n kullanman\u0131n bir sonucu olarak damlac\u0131k \u00e7\u0131k\u0131\u015f riskinin, \u00f6ks\u00fcrme veya hap\u015f\u0131rma yapan herhangi bir Covid-19 hastas\u0131ndan farkl\u0131 olmayabilece\u011fini d\u00fc\u015f\u00fcnd\u00fcrmektedir. Bununla birlikte, aerosol dispersiyon riskinin, hastalar\u0131n uygun izolasyonu ve Covid-19&#8217;dan standart koruyucu ekipmanlar\u0131 olan N95 maskeleri \/ solunum cihazlar\u0131 ve g\u00f6z korumas\u0131 gibi sa\u011fl\u0131k \u00e7al\u0131\u015fanlar\u0131 i\u00e7in Ki\u015fisel Koruyucu Donan\u0131m kullan\u0131m\u0131 ile hafifletilmesi gerekir.\u00a0<\/span><\/li>\n<\/ul>\n<p>[\/vc_column_text][\/vc_tta_section][vc_tta_section title=&#8221;Covid-19 te\u015fhisi konduysa ve ventilat\u00f6re ihtiyac\u0131m varsa, kullan\u0131lm\u0131\u015f bir cihaz (ba\u015fka bir hastan\u0131n kulland\u0131\u011f\u0131) kullanmam g\u00fcvenli mi?&#8221; tab_id=&#8221;1585319528172-9822e4c2-efbf&#8221;][vc_column_text]<\/p>\n<p style=\"text-align: justify;\"><span style=\"font-size: 18px;\">Temizleme ve dezenfeksiyon prosed\u00fcrleri cihaz\u0131n ilgili klinik k\u0131lavuzunda, kullan\u0131m k\u0131lavuzunda veya servis k\u0131lavuzunda verilmi\u015f olmal\u0131d\u0131r.<\/span><\/p>\n<p style=\"text-align: justify;\"><span style=\"font-size: 18px;\">Covid-19 hastalar\u0131n\u0131n tedavisinde kullan\u0131lan ekipmanlar\u0131n yeniden kullan\u0131m\u0131 hakk\u0131nda \u00e7ok az bilgi bulunmaktad\u0131r. A\u015fa\u011f\u0131daki bilgiler, benzer vir\u00fcsler \u00fczerinde yap\u0131lan ara\u015ft\u0131rmalara ve Covid-19 hakk\u0131ndaki baz\u0131 s\u0131n\u0131rl\u0131 verilere dayanmaktad\u0131r.<\/span><\/p>\n<p style=\"text-align: justify;\"><span style=\"font-size: 18px;\">Sa\u011fl\u0131k otoritelerinin yay\u0131nlad\u0131\u011f\u0131 rehberlik, standart temizlik ve dezenfeksiyon prosed\u00fcrlerinin s\u00fcrd\u00fcr\u00fclmesi gerekmektedir. \u00c7apraz kontaminasyonu \u00f6nlemek i\u00e7in, hava giri\u015f ve solunum t\u00fcplerinde antibakteriyel filtreler kullan\u0131l\u0131r ve t\u00fcp aksesuarlar\u0131 bak\u0131m ortam\u0131ndaki personel taraf\u0131ndan de\u011fi\u015ftirilir veya sterilize edilir.\u00a0Y\u00fczeylerin temizlenmesi i\u00e7in malzeme ve y\u00f6ntem hakk\u0131nda talimatlar verilmi\u015ftir.\u00a0%62-71 etanol, %0.5 hidrojen peroksit veya %0.1 sodyum hipoklorit ile y\u00fczey dezenfeksiyon prosed\u00fcrlerinin bir dakika i\u00e7inde SARS koronavir\u00fcs enfeksiyonunu azaltt\u0131\u011f\u0131 g\u00f6sterilmi\u015ftir.<\/span><\/p>\n<p>[\/vc_column_text][\/vc_tta_section][vc_tta_section title=&#8221;CPAP cihaz\u0131m Covid-19&#8217;u \u00f6nlemeye yard\u0131mc\u0131 olabilir mi?&#8221; tab_id=&#8221;1585319796999-27f5fef3-2c0c&#8221;][vc_column_text]<\/p>\n<p style=\"text-align: justify;\"><span style=\"font-size: 18px;\">CPAP makinesi uyku apnesini tedavi etmek i\u00e7in etkili bir terapi cihaz\u0131d\u0131r.\u00a0CPAP kullan\u0131m\u0131 Covid-19 ile bula\u015fmas\u0131na engel olmaz. Covid-19 bula\u015f\u0131m\u0131n\u0131n \u00f6nlenmesi hakk\u0131nda daha fazla bilgi i\u00e7in l\u00fctfen ulusal sa\u011fl\u0131k yetkilinize veya t\u0131bbi uzman\u0131n\u0131za dan\u0131\u015f\u0131n.<\/span><\/p>\n<p>[\/vc_column_text][\/vc_tta_section][vc_tta_section title=&#8221;CPAP cihaz\u0131n\u0131 ventilat\u00f6r olarak kullanabilir miyim?&#8221; tab_id=&#8221;1585320015302-153dcb06-ace8&#8243;][vc_column_text]<\/p>\n<p style=\"text-align: justify;\"><span style=\"font-size: 18px;\">CPAP cihazlar\u0131 sadece PAP (pozitif hava yolu bas\u0131nc\u0131) sa\u011flayacak \u015fekilde tasarlanm\u0131\u015ft\u0131r ve ventilat\u00f6r olarak i\u015flev g\u00f6rmesi i\u00e7in yeni \u00f6zellikler eklenmesi gerekir. CPAP cihazlar\u0131m\u0131za benzeyen BiPAP cihazlar\u0131m\u0131z baz\u0131 Covid-19 hastalar\u0131na destek sa\u011flayabilir. <a href=\"https:\/\/www.cpapmerkezi.com\/bipap\">BiPAP<\/a> ve ventilat\u00f6r cihazlar\u0131m\u0131z hakk\u0131nda daha fazla bilgiyi i\u00e7in \u00fczerlerine t\u0131klay\u0131n. Siz veya tan\u0131d\u0131\u011f\u0131n\u0131z biri solunum sorunlar\u0131 ya\u015f\u0131yorsa, l\u00fctfen derhal doktorunuza veya sa\u011fl\u0131k uzman\u0131n\u0131za ba\u015fvurun. Acil durumlar i\u00e7in, derhal 1-1-2&#8217;i aray\u0131n.<\/span><\/p>\n<p>[\/vc_column_text][\/vc_tta_section][vc_tta_section title=&#8221;CPAP cihaz\u0131m\u0131 Covid-19&#8217;u tedavi etmek i\u00e7in ba\u015fka birine verebilir miyim?&#8221; tab_id=&#8221;1585320016353-bf585250-bc2a&#8221;][vc_column_text]<\/p>\n<p style=\"text-align: justify;\"><span style=\"font-size: 18px;\">CPAP cihaz\u0131n\u0131z yaln\u0131zca ki\u015fisel kullan\u0131m i\u00e7in re\u00e7ete edilmi\u015ftir ve kullan\u0131c\u0131 k\u0131lavuzumuzda belirtilen bir dezenfeksiyon protokol\u00fcn\u00fc takip etmeden birden fazla ki\u015fi taraf\u0131ndan kullan\u0131lamaz.\u00a0Uyku apnesini tedavi etmek i\u00e7in CPAP cihaz\u0131 kullan\u0131l\u0131r.<\/span><\/p>\n<p>[\/vc_column_text][\/vc_tta_section][vc_tta_section title=&#8221;Covid-19 te\u015fhisi konulursa CPAP cihaz\u0131m\u0131 kullanmaya devam edebilir miyim?&#8221; tab_id=&#8221;1585320631907-9a0f0f99-e2fc&#8221;][vc_column_text]<\/p>\n<p style=\"text-align: justify;\"><span style=\"font-size: 18px;\">Coronavir\u00fcs uyku apne te\u015fhisini de\u011fi\u015ftirmedi\u011fi i\u00e7in CPAP cihaz\u0131n\u0131 kullanmaya devam etme ihtiyac\u0131n\u0131z\u0131 de\u011fi\u015ftirmez. Tam bir gece uykusu genel sa\u011fl\u0131\u011f\u0131n\u0131za fayda sa\u011flad\u0131\u011f\u0131 i\u00e7in CPAP cihaz\u0131n\u0131 kullanmaya devam etmelisiniz. Covid-19 te\u015fhisi konduysa, doktorunuzun t\u0131bbi tavsiyelere uyman\u0131z gerekir.<\/span><\/p>\n<p>[\/vc_column_text][\/vc_tta_section][vc_tta_section title=&#8221;Covid-19 te\u015fhisi konulursa cihaz\u0131m\u0131 kullanmaya devam etmeli miyim yoksa yeni bir cihaz m\u0131 almal\u0131y\u0131m?&#8221; tab_id=&#8221;1585320633465-b0b17bdc-6f88&#8243;][vc_column_text]<\/p>\n<p style=\"text-align: justify;\"><span style=\"font-size: 18px;\">Covid-19 tedavisi g\u00f6r\u00fcyorsan\u0131z, \u00f6nceden var olan durumlar\u0131n\u0131z\u0131 ve halihaz\u0131rda kulland\u0131\u011f\u0131n\u0131z cihazlar\u0131 doktorunuzla payla\u015fmal\u0131 ve tavsiyelerine uymal\u0131s\u0131n\u0131z. D\u00fcnya Sa\u011fl\u0131k \u00d6rg\u00fct\u00fc taraf\u0131ndan tarif edildi\u011fi gibi, Covid-19&#8217;un yay\u0131lmas\u0131 i\u00e7in kilit risk, yak\u0131n temasta ki\u015fiden ki\u015fiye bula\u015fmad\u0131r. Covid-19&#8217;un yay\u0131lmas\u0131n\u0131 kontrol etmede en \u00f6nemli tavsiye, ellerinizi y\u0131kamak, iyi hijyen ve sosyal mesafedir.\u00a0<\/span><\/p>\n<p>[\/vc_column_text][\/vc_tta_section][vc_tta_section title=&#8221;Covid-19 te\u015fhisi konulursa CPAP kullan\u0131m\u0131 bana faydal\u0131 olur mu?&#8221; tab_id=&#8221;1585321005935-e24571e7-3c44&#8243;][vc_column_text]<\/p>\n<p style=\"text-align: justify;\"><span style=\"font-size: 18px;\">CPAP cihazlar\u0131nda sadece uyku apnesi tedavisi ama\u00e7lanm\u0131\u015ft\u0131r.<\/span><\/p>\n<p>[\/vc_column_text][\/vc_tta_section][vc_tta_section title=&#8221;CPAP&#8217;\u0131m\u0131 kullan\u0131rsam Covid-19 yakalanmak i\u00e7in daha fazla risk alt\u0131nda m\u0131y\u0131m?&#8221; tab_id=&#8221;1585321802693-699bd5ef-c908&#8243;][vc_column_text]<\/p>\n<p style=\"text-align: justify;\"><span style=\"font-size: 18px;\">CPAP cihaz\u0131 kullan\u0131rsan\u0131z Covid-19&#8217;a yakalama riski daha y\u00fcksek de\u011fildir. Diren\u00e7li bir v\u00fccut i\u00e7in uykunun \u00f6nemi vurguland\u0131\u011f\u0131ndan dolay\u0131 daha iyi uyku alman\u0131za yard\u0131mc\u0131 olan cihaz\u0131 kullanmak daha da \u00f6nemli hale gelir. Endi\u015fenizle ilgili daha ayr\u0131nt\u0131l\u0131 bilgi i\u00e7in l\u00fctfen doktorunuza dan\u0131\u015f\u0131n.<\/span><\/p>\n<p>[\/vc_column_text][\/vc_tta_section][vc_tta_section title=&#8221;CPAP cihaz\u0131m\u0131 ve maskemi nas\u0131l dezenfekte edebilirim?&#8221; tab_id=&#8221;1585322111553-bb291619-6097&#8243;][vc_column_text]<\/p>\n<p style=\"text-align: justify;\"><span style=\"font-size: 18px;\">CPAP cihaz\u0131n\u0131z\u0131 temizlemek istiyorsan\u0131z, cihaz\u0131n kullan\u0131m k\u0131lavuzunda haftal\u0131k olarak nas\u0131l temizlenece\u011fi a\u00e7\u0131klanmaktad\u0131r. Maskenizi ve hortumunuzu temizleme hakk\u0131nda ayr\u0131nt\u0131l\u0131 talimatlar i\u00e7in l\u00fctfen cihaz\u0131n kullan\u0131m k\u0131lavuzuna ve a\u015fa\u011f\u0131daki ad\u0131mlara bak\u0131n:<\/span><\/p>\n<p style=\"text-align: justify; padding-left: 40px;\"><span style=\"font-size: 18px;\">-Hortumu ve maskenizi bebe \u015fampuan\u0131yla \u0131l\u0131k suda y\u0131kay\u0131n. Bula\u015f\u0131k makinesinde veya \u00e7ama\u015f\u0131r makinesinde y\u0131kamay\u0131n.<br \/>\n<\/span><span style=\"font-size: 18px;\">&#8211; Hava t\u00fcp\u00fcn\u00fc iyice durulay\u0131n ve do\u011frudan g\u00fcne\u015f \u0131\u015f\u0131\u011f\u0131 ve \/ veya \u0131s\u0131dan kurumaya b\u0131rak\u0131n.<\/span><br \/>\n<span style=\"font-size: 18px;\">&#8211; Cihaz\u0131n d\u0131\u015f\u0131n\u0131 hafif nemli bir bezle silin.<\/span><\/p>\n<p style=\"text-align: justify;\"><span style=\"font-size: 18px;\">L\u00fctfen dikkat: Herhangi bir cihaz\u0131 veya maskeyi \u00fcr\u00fcn\u00fcn kullan\u0131m k\u0131lavuzunda tavsiye edilen \u015fekilde temizlemek dekontaminasyonu veya dezenfeksiyonu garanti etmez.\u00a0<\/span><\/p>\n<p>[\/vc_column_text][\/vc_tta_section][\/vc_tta_accordion][\/vc_column][\/vc_row][vc_row][vc_column][vc_empty_space][\/vc_column][\/vc_row]<\/p>\n<\/div>","protected":false},"excerpt":{"rendered":"<p>[vc_row equal_height=&#8221;true&#8221; background_color=&#8221;#81d742&#8243;][vc_column][vc_empty_space][vc_empty_space][vc_column_text] Solunum Cihaz\u0131 vs Coronavirus [Covid-19] [\/vc_column_text][vc_column_text] Covid-19&#8217;dan etkilenmemek i\u00e7in neler yap\u0131yoruz ve nas\u0131l g\u00fcvende kalabilirsiniz [\/vc_column_text][vc_empty_space][vc_empty_space][\/vc_column][\/vc_row][vc_row][vc_column][vc_empty_space][vc_column_text] T\u0131bbi bir acil durum, solunum s\u0131k\u0131nt\u0131s\u0131,&#8230;<\/p>\n","protected":false},"author":1,"featured_media":14740,"parent":0,"menu_order":0,"comment_status":"closed","ping_status":"closed","template":"","meta":{"_relevanssi_hide_post":"","_relevanssi_pin_for_all":"","_relevanssi_pin_keywords":"","_relevanssi_unpin_keywords":"","_relevanssi_related_keywords":"","_relevanssi_related_include_ids":"","_relevanssi_related_exclude_ids":"","_relevanssi_related_no_append":"","_relevanssi_related_not_related":"","_relevanssi_related_posts":"","_relevanssi_noindex_reason":"","footnotes":""},"tags":[1823,2301,2305,2304,2306,1858,2238,2307],"class_list":["post-14729","page","type-page","status-publish","has-post-thumbnail","hentry","tag-bipap-2","tag-coronavirus","tag-covid-19","tag-koronavirus","tag-koronavirus-solunum-cihazlari","tag-oksijen-konsantratoru","tag-solunum-cihazi","tag-ventilator"],"aioseo_notices":[],"jetpack_sharing_enabled":true,"_links":{"self":[{"href":"https:\/\/www.cpapmerkezi.com\/blog\/wp-json\/wp\/v2\/pages\/14729","targetHints":{"allow":["GET"]}}],"collection":[{"href":"https:\/\/www.cpapmerkezi.com\/blog\/wp-json\/wp\/v2\/pages"}],"about":[{"href":"https:\/\/www.cpapmerkezi.com\/blog\/wp-json\/wp\/v2\/types\/page"}],"author":[{"embeddable":true,"href":"https:\/\/www.cpapmerkezi.com\/blog\/wp-json\/wp\/v2\/users\/1"}],"replies":[{"embeddable":true,"href":"https:\/\/www.cpapmerkezi.com\/blog\/wp-json\/wp\/v2\/comments?post=14729"}],"version-history":[{"count":0,"href":"https:\/\/www.cpapmerkezi.com\/blog\/wp-json\/wp\/v2\/pages\/14729\/revisions"}],"wp:featuredmedia":[{"embeddable":true,"href":"https:\/\/www.cpapmerkezi.com\/blog\/wp-json\/"}],"wp:attachment":[{"href":"https:\/\/www.cpapmerkezi.com\/blog\/wp-json\/wp\/v2\/media?parent=14729"}],"wp:term":[{"taxonomy":"post_tag","embeddable":true,"href":"https:\/\/www.cpapmerkezi.com\/blog\/wp-json\/wp\/v2\/tags?post=14729"}],"curies":[{"name":"wp","href":"https:\/\/api.w.org\/{rel}","templated":true}]}}