{"id":15711,"date":"2020-12-19T14:08:05","date_gmt":"2020-12-19T11:08:05","guid":{"rendered":"https:\/\/www.cpapmerkezi.com\/?page_id=15711"},"modified":"2020-12-19T14:08:05","modified_gmt":"2020-12-19T11:08:05","slug":"auto-cpap-cihazi","status":"publish","type":"page","link":"https:\/\/www.cpapmerkezi.com\/blog\/sss\/auto-cpap-cihazi","title":{"rendered":"Auto CPAP Cihaz\u0131"},"content":{"rendered":"<div class=\"wpb-content-wrapper\"><p>[vc_row][vc_column]<div class=\"smile_icon_list_wrap ult_info_list_container ult-adjust-bottom-margin  \"><ul class=\"smile_icon_list top square with_bg\"><li class=\"icon_list_item\" style=\" font-size:150px;\"><div class=\"icon_list_icon\" data-animation=\"\" data-animation-delay=\"03\" style=\"font-size:50px;border-width:1px;border-style:none;background:#ffffff;color:#333333;border-color:#333333;\"><img data-recalc-dims=\"1\" decoding=\"async\" class=\"list-img-icon\" alt=\"null\" src=\"https:\/\/i0.wp.com\/www.cpapmerkezi.com\/wp-content\/uploads\/resmed-s9-escape-cpap-cihazi-5.jpg?w=1170&#038;ssl=1\"\/><\/div><div class=\"icon_description\" id=\"Info-list-wrap-1832\" style=\"font-size:50px;\"><h3 class=\"ult-responsive info-list-heading\"  data-ultimate-target='#Info-list-wrap-1832 h3'  data-responsive-json-new='{\"font-size\":\"desktop:16px;\",\"line-height\":\"desktop:24px;\"}'  style=\"\">CPAP Cihaz\u0131<\/h3><div class=\"icon_description_text ult-responsive\"  data-ultimate-target='#Info-list-wrap-1832 .icon_description_text'  data-responsive-json-new='{\"font-size\":\"desktop:13px;\",\"line-height\":\"desktop:18px;\"}'  style=\"\"><\/div><\/div><div class=\"icon_list_connector\" data-animation=\"fadeInLeft\" data-animation-delay=\"03\" style=\"border-top-width: 1px;border-top-style: dashed;border-color: #333333;\"><\/div><a class=\"ulimate-info-list-link\" href=\"https:\/\/www.cpapmerkezi.com\/sss\/cpap-cihazi\" title=\"CPAP Cihaz\u0131\" ><\/a><\/li><li class=\"icon_list_item\" style=\" font-size:150px;\"><div class=\"icon_list_icon\" data-animation=\"\" data-animation-delay=\"03\" style=\"font-size:50px;border-width:1px;border-style:none;background:#ffffff;color:#333333;border-color:#333333;\"><img data-recalc-dims=\"1\" decoding=\"async\" class=\"list-img-icon\" alt=\"null\" src=\"https:\/\/i0.wp.com\/www.cpapmerkezi.com\/wp-content\/uploads\/cpap-cihazi-1.webp?w=1170&#038;ssl=1\"\/><\/div><div class=\"icon_description\" id=\"Info-list-wrap-3748\" style=\"font-size:50px;\"><h3 class=\"ult-responsive info-list-heading\"  data-ultimate-target='#Info-list-wrap-3748 h3'  data-responsive-json-new='{\"font-size\":\"desktop:16px;\",\"line-height\":\"desktop:24px;\"}'  style=\"\">Auto CPAP Cihaz\u0131<\/h3><div class=\"icon_description_text ult-responsive\"  data-ultimate-target='#Info-list-wrap-3748 .icon_description_text'  data-responsive-json-new='{\"font-size\":\"desktop:13px;\",\"line-height\":\"desktop:18px;\"}'  style=\"\"><\/div><\/div><div class=\"icon_list_connector\" data-animation=\"fadeInLeft\" data-animation-delay=\"03\" style=\"border-top-width: 1px;border-top-style: dashed;border-color: #333333;\"><\/div><a class=\"ulimate-info-list-link\" href=\"https:\/\/www.cpapmerkezi.com\/sss\/auto-cpap-cihazi\/\" title=\"Auto CPAP Cihaz\u0131\" ><\/a><\/li><li class=\"icon_list_item\" style=\" font-size:150px;\"><div class=\"icon_list_icon\" data-animation=\"\" data-animation-delay=\"03\" style=\"font-size:50px;border-width:1px;border-style:none;background:#ffffff;color:#333333;border-color:#333333;\"><img data-recalc-dims=\"1\" decoding=\"async\" class=\"list-img-icon\" alt=\"null\" src=\"https:\/\/i0.wp.com\/www.cpapmerkezi.com\/wp-content\/uploads\/2020\/12\/bipap-st-cihazi.jpg?w=1170&#038;ssl=1\"\/><\/div><div class=\"icon_description\" id=\"Info-list-wrap-4063\" style=\"font-size:50px;\"><h3 class=\"ult-responsive info-list-heading\"  data-ultimate-target='#Info-list-wrap-4063 h3'  data-responsive-json-new='{\"font-size\":\"desktop:16px;\",\"line-height\":\"desktop:24px;\"}'  style=\"\">BiPAP Cihaz\u0131<\/h3><div class=\"icon_description_text ult-responsive\"  data-ultimate-target='#Info-list-wrap-4063 .icon_description_text'  data-responsive-json-new='{\"font-size\":\"desktop:13px;\",\"line-height\":\"desktop:18px;\"}'  style=\"\"><\/div><\/div><div class=\"icon_list_connector\" data-animation=\"fadeInLeft\" data-animation-delay=\"03\" style=\"border-top-width: 1px;border-top-style: dashed;border-color: #333333;\"><\/div><a class=\"ulimate-info-list-link\" href=\"https:\/\/www.cpapmerkezi.com\/sss\/bipap-cihazi\/\" title=\"BiPAP Cihaz\u0131\" ><\/a><\/li><li class=\"icon_list_item\" style=\" font-size:150px;\"><div class=\"icon_list_icon\" data-animation=\"\" data-animation-delay=\"03\" style=\"font-size:50px;border-width:1px;border-style:none;background:#ffffff;color:#333333;border-color:#333333;\"><img data-recalc-dims=\"1\" decoding=\"async\" class=\"list-img-icon\" alt=\"null\" src=\"https:\/\/i0.wp.com\/www.cpapmerkezi.com\/wp-content\/uploads\/2020\/12\/mini-cpap-cihazi.jpg?w=1170&#038;ssl=1\"\/><\/div><div class=\"icon_description\" id=\"Info-list-wrap-2131\" style=\"font-size:50px;\"><h3 class=\"ult-responsive info-list-heading\"  data-ultimate-target='#Info-list-wrap-2131 h3'  data-responsive-json-new='{\"font-size\":\"desktop:16px;\",\"line-height\":\"desktop:24px;\"}'  style=\"\">mini CPAP Cihaz\u0131<\/h3><div class=\"icon_description_text ult-responsive\"  data-ultimate-target='#Info-list-wrap-2131 .icon_description_text'  data-responsive-json-new='{\"font-size\":\"desktop:13px;\",\"line-height\":\"desktop:18px;\"}'  style=\"\"><\/div><\/div><div class=\"icon_list_connector\" data-animation=\"fadeInLeft\" data-animation-delay=\"03\" style=\"border-top-width: 1px;border-top-style: dashed;border-color: #333333;\"><\/div><a class=\"ulimate-info-list-link\" href=\"https:\/\/www.cpapmerkezi.com\/sss\/mini-cpap-cihazi\/\" title=\"mini CPAP Cihaz\u0131\" ><\/a><\/li><\/ul><\/div>[\/vc_column][\/vc_row][vc_row][vc_column width=&#8221;1\/3&#8243;][vc_column_text]  \r\n    \r\n<div id=\"wpj-jtoc\" class=\"wpj-jtoc wpj-jtoc--main --jtoc-the-content --jtoc-theme-original --jtoc-title-align-left --jtoc-toggle-icon-std --jtoc-toggle-position-right --jtoc-header-as-toggle --jtoc-headings-full-row-clickable --jtoc-has-custom-styles --jtoc-is-unfolded --jtoc-align-left\" >\r\n  <!-- TOC -->\r\n        <div class=\"wpj-jtoc--toc wpj-jtoc--toc-inline \" >\r\n              <div class=\"wpj-jtoc--header\">\r\n        <div class=\"wpj-jtoc--header-main\">\r\n                    <div class=\"wpj-jtoc--title --has-icon\">\r\n                          <div class=\"title-icon\">\r\n                <svg style=\"width: 20px; height: 20px; stroke-width: 2px;\" xmlns=\"http:\/\/www.w3.org\/2000\/svg\" width=\"24\" height=\"24\" viewBox=\"0 0 24 24\" fill=\"none\" stroke=\"currentColor\" stroke-width=\"2\" stroke-linecap=\"round\" stroke-linejoin=\"round\" class=\"lucide lucide-book-text\"><path d=\"M4 19.5v-15A2.5 2.5 0 0 1 6.5 2H19a1 1 0 0 1 1 1v18a1 1 0 0 1-1 1H6.5a1 1 0 0 1 0-5H20\" \/><path d=\"M8 11h8\" \/><path d=\"M8 7h6\" \/><\/svg>              <\/div>\r\n                        <span class=\"wpj-jtoc--title-label\">\u0130\u00e7indekiler<\/span>\r\n          <\/div>\r\n                                <div class=\"wpj-jtoc--toggle-wrap\">\r\n                                            <div class=\"wpj-jtoc--toggle-icon\">\r\n                  <div class=\"wpj-jtoc--toggle-opened\"><i class=\"gg-chevron-up\"><\/i><\/div>\r\n                  <div class=\"wpj-jtoc--toggle-closed\"><i class=\"gg-chevron-down\"><\/i><\/div>\r\n                <\/div>\r\n                                        <\/div>\r\n                  <\/div>\r\n      <\/div>\r\n            <div class=\"wpj-jtoc--body\">\r\n            <nav class=\"wpj-jtoc--nav\">\r\n        <ol class=\"wpj-jtoc--items\"><li class=\"wpj-jtoc--item --jtoc-h2\">\r\n        <div class=\"wpj-jtoc--item-content --jtoc-h2\" data-depth=\"2\">\r\n                                                <a href=\"#cpap-cihazi\"  title=\"CPAP Cihaz\u0131\" data-numeration=\"1\">CPAP Cihaz\u0131<\/a>\r\n                    <\/div><\/li><li class=\"wpj-jtoc--item --jtoc-h2\">\r\n        <div class=\"wpj-jtoc--item-content --jtoc-h2\" data-depth=\"2\">\r\n                                                <a href=\"#auto-cpap-cihazi\"  title=\"Auto CPAP Cihaz\u0131\" data-numeration=\"2\">Auto CPAP Cihaz\u0131<\/a>\r\n                    <\/div><\/li><li class=\"wpj-jtoc--item --jtoc-h2\">\r\n        <div class=\"wpj-jtoc--item-content --jtoc-h2\" data-depth=\"2\">\r\n                                                <a href=\"#bipap-cihazi\"  title=\"BiPAP Cihaz\u0131\" data-numeration=\"3\">BiPAP Cihaz\u0131<\/a>\r\n                    <\/div><\/li><li class=\"wpj-jtoc--item --jtoc-h2\">\r\n        <div class=\"wpj-jtoc--item-content --jtoc-h2\" data-depth=\"2\">\r\n                                                <a href=\"#mini-cpap-cihazi\"  title=\"mini CPAP Cihaz\u0131\" data-numeration=\"4\">mini CPAP Cihaz\u0131<\/a>\r\n                    <\/div><\/li><li class=\"wpj-jtoc--item --jtoc-h2\">\r\n        <div class=\"wpj-jtoc--item-content --jtoc-h2\" data-depth=\"2\">\r\n                                                <a href=\"#neden-auto-cpap-cihazi-tercih-etmeliyim\"  title=\"Neden Auto CPAP Cihaz\u0131 Tercih Etmeliyim?\" data-numeration=\"5\">Neden Auto CPAP Cihaz\u0131 Tercih Etmeliyim?<\/a>\r\n                    <\/div><\/li><li class=\"wpj-jtoc--item --jtoc-h2\">\r\n        <div class=\"wpj-jtoc--item-content --jtoc-h2\" data-depth=\"2\">\r\n                                                <a href=\"#c-flex-ve-a-flex-arasindaki-fark-nedir\"  title=\"C-Flex ve A-flex Aras\u0131ndaki Fark Nedir?\" data-numeration=\"6\">C-Flex ve A-flex Aras\u0131ndaki Fark Nedir?<\/a>\r\n                    <\/div><\/li><\/ol>      <\/nav>\r\n          <\/div>\r\n      <\/div>\r\n    <\/div>\r\n[\/vc_column_text][\/vc_column][vc_column width=&#8221;2\/3&#8243;][vc_single_image image=&#8221;15724&#8243; img_size=&#8221;300&#215;300&#8243;][vc_column_text]<\/p>\n<h1 style=\"text-align: justify;\"><span style=\"font-size: 28px;\"><strong>Auto CPAP Cihazlar\u0131na Genel Bak\u0131\u015f<\/strong><\/span><\/h1>\n<p style=\"text-align: justify;\">Auto CPAP cihazlar\u0131 veya APAP&#8217;lar, ideal bas\u0131nc\u0131 size g\u00f6re ayarlar. Kilo alma veya verme, yatmadan \u00f6nce alkol ve de\u011fi\u015fen uyku pozisyonlar\u0131ndan kaynaklanan bas\u0131n\u00e7 de\u011fi\u015fikliklerini kar\u015f\u0131layabilirler. Geli\u015fmi\u015f bas\u0131n\u00e7 ayarlar\u0131 ve terapi izleme yaz\u0131l\u0131m\u0131, \u015febeke d\u0131\u015f\u0131 g\u00fc\u00e7 se\u00e7enekleri ve \u0131s\u0131t\u0131c\u0131l\u0131 nemlendirme destekleri nedeniyle \u00e7ok pop\u00fclerdirler.<\/p>\n<p>[\/vc_column_text][\/vc_column][\/vc_row][vc_row][vc_column width=&#8221;1\/2&#8243;][vc_column_text]<\/p>\n<h3 style=\"text-align: justify;\"><strong><span style=\"font-size: 20px;\">Neden Auto CPAP Cihaz\u0131 Tercih Etmeliyim?<\/span><\/strong><\/h3>\n<p style=\"text-align: justify;\">Baz\u0131 <strong>CPAP<\/strong>\u00a0kullan\u0131c\u0131lar\u0131n\u0131n daha rahat nefes almak CPAP yerine\u00a0<strong>Auto CPAP<\/strong>\u00a0kullan\u0131r. Auto CPAP cihaz\u0131n\u0131n sa\u011flad\u0131\u011f\u0131 bas\u0131n\u00e7, soluk yolunu a\u00e7\u0131k tutmak i\u00e7in gereken minimum bas\u0131n\u00e7 otomatik olarak de\u011fi\u015fir. CPAP cihaz\u0131n\u0131n sa\u011flad\u0131\u011f\u0131 bas\u0131n\u00e7, uyku testi s\u0131ras\u0131nda belirlenen \u015fekilde soluk yolunu a\u00e7\u0131k tutmak i\u00e7in gereken en y\u00fcksek bas\u0131n\u00e7 olan tek bir bas\u0131nca ayarlan\u0131r. Bu, y\u00fcksek bas\u0131nca sadece k\u0131sa s\u00fcre ihtiyac\u0131n\u0131z oldu\u011funda bile ge\u00e7erlidir.<\/p>\n<p>[\/vc_column_text][\/vc_column][vc_column width=&#8221;1\/2&#8243;][vc_column_text]<\/p>\n<h3 style=\"text-align: justify;\"><span style=\"font-size: 20px;\"><strong>C-Flex ve A-flex Aras\u0131ndaki Fark Nedir?<\/strong><\/span><\/h3>\n<p style=\"text-align: justify;\">C-flex yaln\u0131zca nefes verme s\u0131ras\u0131ndaki bas\u0131nc\u0131 d\u00fc\u015f\u00fcr\u00fcr. A-flex nefes verme \u00fczerindeki bask\u0131y\u0131 azalt\u0131r ama ayn\u0131 zamanda nefes al\u0131p verme a\u015famas\u0131na ge\u00e7i\u015fte yard\u0131mc\u0131 olur.<\/p>\n<p>[\/vc_column_text][\/vc_column][\/vc_row]<\/p>\n<\/div>","protected":false},"excerpt":{"rendered":"<p>[vc_row][vc_column][\/vc_column][\/vc_row][vc_row][vc_column width=&#8221;1\/3&#8243;][vc_column_text][\/vc_column_text][\/vc_column][vc_column width=&#8221;2\/3&#8243;][vc_single_image image=&#8221;15724&#8243; img_size=&#8221;300&#215;300&#8243;][vc_column_text] Auto CPAP Cihazlar\u0131na Genel Bak\u0131\u015f Auto CPAP cihazlar\u0131 veya APAP&#8217;lar, ideal bas\u0131nc\u0131 size g\u00f6re ayarlar. Kilo alma veya verme, yatmadan&#8230;<\/p>\n","protected":false},"author":1,"featured_media":12555,"parent":4144,"menu_order":0,"comment_status":"closed","ping_status":"closed","template":"","meta":{"_relevanssi_hide_post":"","_relevanssi_pin_for_all":"","_relevanssi_pin_keywords":"","_relevanssi_unpin_keywords":"","_relevanssi_related_keywords":"","_relevanssi_related_include_ids":"","_relevanssi_related_exclude_ids":"","_relevanssi_related_no_append":"","_relevanssi_related_not_related":"","_relevanssi_related_posts":"","_relevanssi_noindex_reason":"","footnotes":""},"tags":[2179,1847,1831,1835],"class_list":["post-15711","page","type-page","status-publish","has-post-thumbnail","hentry","tag-auto-cpap","tag-auto-cpap-cihazi","tag-cpap-cihazi","tag-otomatik-cpap-4"],"aioseo_notices":[],"jetpack_sharing_enabled":true,"_links":{"self":[{"href":"https:\/\/www.cpapmerkezi.com\/blog\/wp-json\/wp\/v2\/pages\/15711","targetHints":{"allow":["GET"]}}],"collection":[{"href":"https:\/\/www.cpapmerkezi.com\/blog\/wp-json\/wp\/v2\/pages"}],"about":[{"href":"https:\/\/www.cpapmerkezi.com\/blog\/wp-json\/wp\/v2\/types\/page"}],"author":[{"embeddable":true,"href":"https:\/\/www.cpapmerkezi.com\/blog\/wp-json\/wp\/v2\/users\/1"}],"replies":[{"embeddable":true,"href":"https:\/\/www.cpapmerkezi.com\/blog\/wp-json\/wp\/v2\/comments?post=15711"}],"version-history":[{"count":0,"href":"https:\/\/www.cpapmerkezi.com\/blog\/wp-json\/wp\/v2\/pages\/15711\/revisions"}],"up":[{"embeddable":true,"href":"https:\/\/www.cpapmerkezi.com\/blog\/wp-json\/wp\/v2\/pages\/4144"}],"wp:featuredmedia":[{"embeddable":true,"href":"https:\/\/www.cpapmerkezi.com\/blog\/wp-json\/"}],"wp:attachment":[{"href":"https:\/\/www.cpapmerkezi.com\/blog\/wp-json\/wp\/v2\/media?parent=15711"}],"wp:term":[{"taxonomy":"post_tag","embeddable":true,"href":"https:\/\/www.cpapmerkezi.com\/blog\/wp-json\/wp\/v2\/tags?post=15711"}],"curies":[{"name":"wp","href":"https:\/\/api.w.org\/{rel}","templated":true}]}}