{"id":15715,"date":"2020-12-19T15:06:46","date_gmt":"2020-12-19T12:06:46","guid":{"rendered":"https:\/\/www.cpapmerkezi.com\/?page_id=15715"},"modified":"2020-12-19T15:06:46","modified_gmt":"2020-12-19T12:06:46","slug":"bipap-cihazi","status":"publish","type":"page","link":"https:\/\/www.cpapmerkezi.com\/blog\/sss\/bipap-cihazi","title":{"rendered":"BiPAP Cihaz\u0131"},"content":{"rendered":"<div class=\"wpb-content-wrapper\"><p>[vc_row][vc_column]<div class=\"smile_icon_list_wrap ult_info_list_container ult-adjust-bottom-margin  \"><ul class=\"smile_icon_list top square with_bg\"><li class=\"icon_list_item\" style=\" font-size:150px;\"><div class=\"icon_list_icon\" data-animation=\"\" data-animation-delay=\"03\" style=\"font-size:50px;border-width:1px;border-style:none;background:#ffffff;color:#333333;border-color:#333333;\"><img data-recalc-dims=\"1\" decoding=\"async\" class=\"list-img-icon\" alt=\"null\" src=\"https:\/\/i0.wp.com\/www.cpapmerkezi.com\/wp-content\/uploads\/resmed-s9-escape-cpap-cihazi-5.jpg?w=1170&#038;ssl=1\"\/><\/div><div class=\"icon_description\" id=\"Info-list-wrap-4459\" style=\"font-size:50px;\"><h3 class=\"ult-responsive info-list-heading\"  data-ultimate-target='#Info-list-wrap-4459 h3'  data-responsive-json-new='{\"font-size\":\"desktop:16px;\",\"line-height\":\"desktop:24px;\"}'  style=\"\">CPAP Cihaz\u0131<\/h3><div class=\"icon_description_text ult-responsive\"  data-ultimate-target='#Info-list-wrap-4459 .icon_description_text'  data-responsive-json-new='{\"font-size\":\"desktop:13px;\",\"line-height\":\"desktop:18px;\"}'  style=\"\"><\/div><\/div><div class=\"icon_list_connector\" data-animation=\"fadeInLeft\" data-animation-delay=\"03\" style=\"border-top-width: 1px;border-top-style: dashed;border-color: #333333;\"><\/div><a class=\"ulimate-info-list-link\" href=\"https:\/\/www.cpapmerkezi.com\/sss\/cpap-cihazi\" title=\"CPAP Cihaz\u0131\" ><\/a><\/li><li class=\"icon_list_item\" style=\" font-size:150px;\"><div class=\"icon_list_icon\" data-animation=\"\" data-animation-delay=\"03\" style=\"font-size:50px;border-width:1px;border-style:none;background:#ffffff;color:#333333;border-color:#333333;\"><img data-recalc-dims=\"1\" decoding=\"async\" class=\"list-img-icon\" alt=\"null\" src=\"https:\/\/i0.wp.com\/www.cpapmerkezi.com\/wp-content\/uploads\/cpap-cihazi-1.webp?w=1170&#038;ssl=1\"\/><\/div><div class=\"icon_description\" id=\"Info-list-wrap-1617\" style=\"font-size:50px;\"><h3 class=\"ult-responsive info-list-heading\"  data-ultimate-target='#Info-list-wrap-1617 h3'  data-responsive-json-new='{\"font-size\":\"desktop:16px;\",\"line-height\":\"desktop:24px;\"}'  style=\"\">Auto CPAP Cihaz\u0131<\/h3><div class=\"icon_description_text ult-responsive\"  data-ultimate-target='#Info-list-wrap-1617 .icon_description_text'  data-responsive-json-new='{\"font-size\":\"desktop:13px;\",\"line-height\":\"desktop:18px;\"}'  style=\"\"><\/div><\/div><div class=\"icon_list_connector\" data-animation=\"fadeInLeft\" data-animation-delay=\"03\" style=\"border-top-width: 1px;border-top-style: dashed;border-color: #333333;\"><\/div><a class=\"ulimate-info-list-link\" href=\"https:\/\/www.cpapmerkezi.com\/sss\/auto-cpap-cihazi\/\" title=\"Auto CPAP Cihaz\u0131\" ><\/a><\/li><li class=\"icon_list_item\" style=\" font-size:150px;\"><div class=\"icon_list_icon\" data-animation=\"\" data-animation-delay=\"03\" style=\"font-size:50px;border-width:1px;border-style:none;background:#ffffff;color:#333333;border-color:#333333;\"><img data-recalc-dims=\"1\" decoding=\"async\" class=\"list-img-icon\" alt=\"null\" src=\"https:\/\/i0.wp.com\/www.cpapmerkezi.com\/wp-content\/uploads\/2020\/12\/bipap-st-cihazi.jpg?w=1170&#038;ssl=1\"\/><\/div><div class=\"icon_description\" id=\"Info-list-wrap-4627\" style=\"font-size:50px;\"><h3 class=\"ult-responsive info-list-heading\"  data-ultimate-target='#Info-list-wrap-4627 h3'  data-responsive-json-new='{\"font-size\":\"desktop:16px;\",\"line-height\":\"desktop:24px;\"}'  style=\"\">BiPAP Cihaz\u0131<\/h3><div class=\"icon_description_text ult-responsive\"  data-ultimate-target='#Info-list-wrap-4627 .icon_description_text'  data-responsive-json-new='{\"font-size\":\"desktop:13px;\",\"line-height\":\"desktop:18px;\"}'  style=\"\"><\/div><\/div><div class=\"icon_list_connector\" data-animation=\"fadeInLeft\" data-animation-delay=\"03\" style=\"border-top-width: 1px;border-top-style: dashed;border-color: #333333;\"><\/div><a class=\"ulimate-info-list-link\" href=\"https:\/\/www.cpapmerkezi.com\/sss\/bipap-cihazi\" title=\"BiPAP Cihaz\u0131\" ><\/a><\/li><li class=\"icon_list_item\" style=\" font-size:150px;\"><div class=\"icon_list_icon\" data-animation=\"\" data-animation-delay=\"03\" style=\"font-size:50px;border-width:1px;border-style:none;background:#ffffff;color:#333333;border-color:#333333;\"><img data-recalc-dims=\"1\" decoding=\"async\" class=\"list-img-icon\" alt=\"null\" src=\"https:\/\/i0.wp.com\/www.cpapmerkezi.com\/wp-content\/uploads\/2020\/12\/mini-cpap-cihazi.jpg?w=1170&#038;ssl=1\"\/><\/div><div class=\"icon_description\" id=\"Info-list-wrap-2271\" style=\"font-size:50px;\"><h3 class=\"ult-responsive info-list-heading\"  data-ultimate-target='#Info-list-wrap-2271 h3'  data-responsive-json-new='{\"font-size\":\"desktop:16px;\",\"line-height\":\"desktop:24px;\"}'  style=\"\">mini CPAP Cihaz\u0131<\/h3><div class=\"icon_description_text ult-responsive\"  data-ultimate-target='#Info-list-wrap-2271 .icon_description_text'  data-responsive-json-new='{\"font-size\":\"desktop:13px;\",\"line-height\":\"desktop:18px;\"}'  style=\"\"><\/div><\/div><div class=\"icon_list_connector\" data-animation=\"fadeInLeft\" data-animation-delay=\"03\" style=\"border-top-width: 1px;border-top-style: dashed;border-color: #333333;\"><\/div><a class=\"ulimate-info-list-link\" href=\"https:\/\/www.cpapmerkezi.com\/sss\/mini-cpap-cihazi\" title=\"mini CPAP Cihaz\u0131\" ><\/a><\/li><\/ul><\/div>[\/vc_column][\/vc_row][vc_row][vc_column width=&#8221;1\/3&#8243;][vc_column_text]  \r\n    \r\n<div id=\"wpj-jtoc\" class=\"wpj-jtoc wpj-jtoc--main --jtoc-the-content --jtoc-theme-original --jtoc-title-align-left --jtoc-toggle-icon-std --jtoc-toggle-position-right --jtoc-header-as-toggle --jtoc-headings-full-row-clickable --jtoc-has-custom-styles --jtoc-is-unfolded --jtoc-align-left\" >\r\n  <!-- TOC -->\r\n        <div class=\"wpj-jtoc--toc wpj-jtoc--toc-inline \" >\r\n              <div class=\"wpj-jtoc--header\">\r\n        <div class=\"wpj-jtoc--header-main\">\r\n                    <div class=\"wpj-jtoc--title --has-icon\">\r\n                          <div class=\"title-icon\">\r\n                <svg style=\"width: 20px; height: 20px; stroke-width: 2px;\" xmlns=\"http:\/\/www.w3.org\/2000\/svg\" width=\"24\" height=\"24\" viewBox=\"0 0 24 24\" fill=\"none\" stroke=\"currentColor\" stroke-width=\"2\" stroke-linecap=\"round\" stroke-linejoin=\"round\" class=\"lucide lucide-book-text\"><path d=\"M4 19.5v-15A2.5 2.5 0 0 1 6.5 2H19a1 1 0 0 1 1 1v18a1 1 0 0 1-1 1H6.5a1 1 0 0 1 0-5H20\" \/><path d=\"M8 11h8\" \/><path d=\"M8 7h6\" \/><\/svg>              <\/div>\r\n                        <span class=\"wpj-jtoc--title-label\">\u0130\u00e7indekiler<\/span>\r\n          <\/div>\r\n                                <div class=\"wpj-jtoc--toggle-wrap\">\r\n                                            <div class=\"wpj-jtoc--toggle-icon\">\r\n                  <div class=\"wpj-jtoc--toggle-opened\"><i class=\"gg-chevron-up\"><\/i><\/div>\r\n                  <div class=\"wpj-jtoc--toggle-closed\"><i class=\"gg-chevron-down\"><\/i><\/div>\r\n                <\/div>\r\n                                        <\/div>\r\n                  <\/div>\r\n      <\/div>\r\n            <div class=\"wpj-jtoc--body\">\r\n            <nav class=\"wpj-jtoc--nav\">\r\n        <ol class=\"wpj-jtoc--items\"><li class=\"wpj-jtoc--item --jtoc-h2\">\r\n        <div class=\"wpj-jtoc--item-content --jtoc-h2\" data-depth=\"2\">\r\n                                                <a href=\"#cpap-cihazi\"  title=\"CPAP Cihaz\u0131\" data-numeration=\"1\">CPAP Cihaz\u0131<\/a>\r\n                    <\/div><\/li><li class=\"wpj-jtoc--item --jtoc-h2\">\r\n        <div class=\"wpj-jtoc--item-content --jtoc-h2\" data-depth=\"2\">\r\n                                                <a href=\"#auto-cpap-cihazi\"  title=\"Auto CPAP Cihaz\u0131\" data-numeration=\"2\">Auto CPAP Cihaz\u0131<\/a>\r\n                    <\/div><\/li><li class=\"wpj-jtoc--item --jtoc-h2\">\r\n        <div class=\"wpj-jtoc--item-content --jtoc-h2\" data-depth=\"2\">\r\n                                                <a href=\"#bipap-cihazi\"  title=\"BiPAP Cihaz\u0131\" data-numeration=\"3\">BiPAP Cihaz\u0131<\/a>\r\n                    <\/div><\/li><li class=\"wpj-jtoc--item --jtoc-h2\">\r\n        <div class=\"wpj-jtoc--item-content --jtoc-h2\" data-depth=\"2\">\r\n                                                <a href=\"#mini-cpap-cihazi\"  title=\"mini CPAP Cihaz\u0131\" data-numeration=\"4\">mini CPAP Cihaz\u0131<\/a>\r\n                    <\/div><\/li><li class=\"wpj-jtoc--item --jtoc-h2\">\r\n        <div class=\"wpj-jtoc--item-content --jtoc-h2\" data-depth=\"2\">\r\n                                                <a href=\"#bipap-ve-cpap-arasindaki-fark-nedir\"  title=\"BiPAP ve CPAP Aras\u0131ndaki Fark Nedir?\" data-numeration=\"5\">BiPAP ve CPAP Aras\u0131ndaki Fark Nedir?<\/a>\r\n                    <\/div><ol class=\"wpj-jtoc--items\"><li class=\"wpj-jtoc--item --jtoc-h3\">\r\n        <div class=\"wpj-jtoc--item-content --jtoc-h3\" data-depth=\"3\">\r\n                                                <a href=\"#bipap-kullanmanin-bazi-avantajlari\"  title=\"BiPAP kullanman\u0131n baz\u0131 avantajlar\u0131:\" data-numeration=\"5.1\">BiPAP kullanman\u0131n baz\u0131 avantajlar\u0131:<\/a>\r\n                    <\/div><\/li><\/ol><\/li><li class=\"wpj-jtoc--item --jtoc-h2\">\r\n        <div class=\"wpj-jtoc--item-content --jtoc-h2\" data-depth=\"2\">\r\n                                                <a href=\"#bipap-ve-bipap-st-cihazinin-farki-nedir\"  title=\"BiPAP ve BiPAP ST Cihaz\u0131n\u0131n Fark\u0131 Nedir?\" data-numeration=\"6\">BiPAP ve BiPAP ST Cihaz\u0131n\u0131n Fark\u0131 Nedir?<\/a>\r\n                    <\/div><\/li><li class=\"wpj-jtoc--item --jtoc-h2\">\r\n        <div class=\"wpj-jtoc--item-content --jtoc-h2\" data-depth=\"2\">\r\n                                                <a href=\"#bi-flex-ve-c-flex-arasindaki-fark-nedir\"  title=\"Bi-Flex ve C-flex Aras\u0131ndaki Fark Nedir?\" data-numeration=\"7\">Bi-Flex ve C-flex Aras\u0131ndaki Fark Nedir?<\/a>\r\n                    <\/div><ol class=\"wpj-jtoc--items\"><li class=\"wpj-jtoc--item --jtoc-h3\">\r\n        <div class=\"wpj-jtoc--item-content --jtoc-h3\" data-depth=\"3\">\r\n                                                <a href=\"#incoming-search-terms\"  title=\"Incoming search terms:\" data-numeration=\"7.1\">Incoming search terms:<\/a>\r\n                    <\/div><\/li><\/ol><\/li><\/ol>      <\/nav>\r\n          <\/div>\r\n      <\/div>\r\n    <\/div>\r\n[\/vc_column_text][\/vc_column][vc_column width=&#8221;2\/3&#8243;][vc_single_image image=&#8221;15506&#8243; img_size=&#8221;300&#215;300&#8243;][vc_column_text]<\/p>\n<h1 style=\"text-align: justify;\"><span style=\"font-size: 28px;\"><strong>BiPAP, BiPAP ST ve AVAPS Cihazlar\u0131na Genel Bak\u0131\u015f<\/strong><\/span><\/h1>\n<p style=\"text-align: justify;\"><strong>BiPAP cihaz\u0131<\/strong> iki farkl\u0131 bas\u0131n\u00e7 sa\u011flar. \u0130nhalasyon i\u00e7in daha y\u00fcksek bas\u0131nca ihtiya\u00e7 duyulurken, ekshalasyona ihtiya\u00e7 duyulan daha d\u00fc\u015f\u00fck bas\u0131n\u00e7t\u0131r. Daha d\u00fc\u015f\u00fck bas\u0131n\u00e7, cihaz\u0131n bas\u0131nc\u0131na kar\u015f\u0131 nefes vermenize yard\u0131mc\u0131 olmak i\u00e7in tasarlanm\u0131\u015ft\u0131r. <strong>BiPAP ST cihaz\u0131<\/strong>, iki bas\u0131n\u00e7 sa\u011flaman\u0131n yan\u0131 s\u0131ra, dakikada minimum nefes alma say\u0131s\u0131n\u0131 belirlemeye olanak tan\u0131yarak nefes alma ve vermeyi sa\u011flamak i\u00e7in tasarlanm\u0131\u015ft\u0131r. <strong>AVAPS cihaz\u0131<\/strong>, mevcut solunum modellerine g\u00f6re bas\u0131nc\u0131 hedef akci\u011fer tidal hacmine uyacak \u015fekilde kademeli olarak ayarlar.<\/p>\n<p>[\/vc_column_text][\/vc_column][\/vc_row][vc_row][vc_column width=&#8221;1\/2&#8243;][vc_column_text]<\/p>\n<h3 style=\"text-align: justify;\"><strong><span style=\"font-size: 20px;\">BiPAP ve CPAP Aras\u0131ndaki Fark Nedir?<\/span><\/strong><\/h3>\n<p style=\"text-align: justify;\">CPAP ve BiPAP (veya BiLevel) Makineleri aras\u0131ndaki farklar\u0131 a\u00e7\u0131klayabilecek k\u0131sa tan\u0131mlar. \u0130ki cihaz aras\u0131ndaki en \u00f6nemli fark \u015fu \u015fekilde \u00f6zetlenebilir:<\/p>\n<p style=\"text-align: justify;\"><strong>CPAP Cihaz\u0131:<\/strong> CPAP cihaz\u0131, hastaya yaln\u0131zca belirli tek bir bas\u0131n\u00e7ta ayarlanan tedavi bas\u0131nc\u0131n\u0131 s\u00fcrek olarak verir ve manuel olarak de\u011fi\u015ftirilmedi\u011fi s\u00fcrece de\u011fi\u015fmez.<\/p>\n<p style=\"text-align: justify;\"><strong>BiPAP Cihaz\u0131:<\/strong> BiPAP cihaz\u0131 iki farkl\u0131 bas\u0131n\u00e7 ayar\u0131 kullan\u0131r. BiPAP tedavi bas\u0131n\u00e7lar\u0131 genellikle nefes almak i\u00e7in y\u00fcksek vermek i\u00e7in d\u00fc\u015f\u00fckt\u00fcr. Nefes verme \u00fczerindeki d\u00fc\u015f\u00fck bas\u0131n\u00e7 nefes vermeyi daha rahat hale getirebilir.<\/p>\n<p style=\"text-align: justify;\">Terapi havas\u0131n\u0131 iki farkl\u0131 bas\u0131n\u00e7ta verme yetene\u011fi, BiPAP cihaz\u0131n\u0131 CPAP cihazlar\u0131ndan farkl\u0131 k\u0131lar ve 20 cm H<sub>2<\/sub>O \u00fczerindeki terapi bas\u0131n\u00e7lar\u0131n\u0131 sa\u011flama yetene\u011fine sahiptir. BiPAP cihazlar\u0131n\u0131 &#8220;CPAP cihaz\u0131ndan daha iyidir&#8221; diye d\u00fc\u015f\u00fcnmek ve yaln\u0131zca farkl\u0131l\u0131klar\u0131 dikkate almak yanl\u0131\u015ft\u0131r. BiPAP cihazlar\u0131 Merkezi Uyku Apnesini tedavi etmek i\u00e7in kullan\u0131labilir. En iyi Uyku Apnesi tedavisi, &#8220;neyin daha iyi \u00e7al\u0131\u015ft\u0131\u011f\u0131&#8221; sorusu de\u011fildir &#8211; bireysel ihtiya\u00e7lara g\u00f6re bireysel ihtiya\u00e7lard\u0131r. BiPAP cihaz\u0131 sizin i\u00e7in do\u011fru oldu\u011funu d\u00fc\u015f\u00fcn\u00fcyorsan\u0131z, doktorunuzla konu\u015fman\u0131z gerekecektir.<\/p>\n<p style=\"text-align: justify;\">CPAP tedavisi, Obstr\u00fcktif Uyku Apnesi i\u00e7in ola\u011fan tedavi y\u00f6ntemidir. Baz\u0131 sa\u011fl\u0131k ko\u015fullar\u0131 nefes almay\u0131 tehlikeye atar ve kan gaz\u0131 seviyelerinde dengesizli\u011fe yol a\u00e7abilir. Kan dola\u015f\u0131m\u0131nda \u00e7ok az oksijen veya \u00e7ok fazla karbondioksit olabilir. Bu t\u00fcr akci\u011fer rahats\u0131zl\u0131klar\u0131 olan ki\u015filer i\u00e7in BiPAP <span style=\"font-size: 16px;\">daha iyi bir tedavi se\u00e7ene\u011fi olabilir \u00e7\u00fcnk\u00fc di\u011fer solunumla ilgili sorunlar\u0131 da ele al\u0131r.<\/span><\/p>\n<h4 style=\"text-align: justify;\"><strong><span style=\"font-size: 16px;\">BiPAP kullanman\u0131n baz\u0131 avantajlar\u0131<\/span><\/strong>:<\/h4>\n<p style=\"text-align: justify; padding-left: 40px;\"><strong>BiPAP cihaz\u0131<\/strong> kullanmak nefes almay\u0131 CPAP cihaz\u0131ndan \u00e7ok daha kolay hale getirebilir. Nefes verme \u00fczerine daha d\u00fc\u015f\u00fck bir bas\u0131n\u00e7la nefes vermek daha kolay ve daha rahat hale gelir. Nefes vermek daha kolaysa, daha az karbondioksitin geri solunmas\u0131 anlam\u0131na gelebilir ve kanda daha y\u00fcksek CO<sub>2<\/sub> seviyeleri olu\u015fturma olas\u0131l\u0131\u011f\u0131 daha d\u00fc\u015f\u00fckt\u00fcr. Kandaki daha y\u00fcksek CO<sub>2<\/sub>&#8216;nin sorun olup olmad\u0131\u011f\u0131n\u0131 yaln\u0131zca bir doktor bilebilir &#8211; e\u011fer bu \u00f6zelli\u011fe ihtiya\u00e7 var oldu\u011funu d\u00fc\u015f\u00fcn\u00fcyorsan\u0131z doktorunuzla ileti\u015fime ge\u00e7melisiniz.<br \/>\n<strong>CPAP<\/strong> ve <strong>Auto CPAP<\/strong> cihazlar\u0131nda olmayan bir \u00f6zellik olan, <strong>BiPAP ST cihaz\u0131<\/strong> kullan\u0131c\u0131n\u0131n bir s\u00fcre nefes almad\u0131\u011f\u0131n\u0131 fark ederse nefes alman\u0131z\u0131 tetikler. S\u00fcreli nefes alma, Merkezi Uyku Apnesi olan ve bazen beyinden nefes almak i\u00e7in sinyal alamayan hastalar i\u00e7in harikad\u0131r.<br \/>\nBiPAP cihaz\u0131, soluma ve nefes verme konusunda yard\u0131m gerektiren belirli solunum rahats\u0131zl\u0131klar\u0131 olan ki\u015filer i\u00e7in m\u00fckemmeldir.<br \/>\nBiPAP cihaz\u0131 ayr\u0131ca 20 cmH<sub>2<\/sub>O daha y\u00fcksek bir bas\u0131n\u00e7 ayar\u0131na sahiptir (CPAP ve Auto CPAP cihazlar\u0131 i\u00e7in bu s\u0131n\u0131r 20 cmH<sub>2<\/sub>o&#8217;dur)<\/p>\n<p>[\/vc_column_text][\/vc_column][vc_column width=&#8221;1\/2&#8243;][vc_column_text]<\/p>\n<h3 style=\"text-align: justify;\"><strong><span style=\"font-size: 20px;\">BiPAP ve BiPAP ST Cihaz\u0131n\u0131n Fark\u0131 Nedir?<\/span><\/strong><\/h3>\n<p style=\"text-align: justify;\">BiPAP (BiLevel veya VPAP olarak da adland\u0131r\u0131l\u0131r) iki ayarl\u0131 bas\u0131n\u00e7 sa\u011flar; inhalasyon i\u00e7in daha y\u00fcksek bir bas\u0131n\u00e7 ve ekshalasyon i\u00e7in daha d\u00fc\u015f\u00fck bir bas\u0131n\u00e7.<\/p>\n<p style=\"text-align: justify;\">BiPAP ve BiPAP ST cihaz\u0131, her ikisi de ayn\u0131 hava yolu bas\u0131nc\u0131n\u0131 sa\u011flayacak \u015fekilde tasarland\u0131klar\u0131 i\u00e7in benzerdir. BiPAP ve BiPAP ST aras\u0131ndaki fark, Spontane Time \u00f6zelli\u011fidir. ST, dakika ba\u015f\u0131na minimum nefes say\u0131s\u0131 kar\u015f\u0131lanmad\u0131\u011f\u0131nda kullan\u0131c\u0131ya nefes almas\u0131 i\u00e7in bas\u0131n\u00e7 uygular. Bu cihaz, kullan\u0131c\u0131n\u0131n bir dakika i\u00e7inde nefes alma ve vermesini tetikleyerek solunum say\u0131s\u0131n\u0131n t\u00fcm\u00fcn\u00fcn ger\u00e7ekle\u015fmesini sa\u011flar.<\/p>\n<p style=\"text-align: justify;\">\u00d6rne\u011fin, BiPAP a\u015fa\u011f\u0131daki \u015fekilde ayarlanabilir:<\/p>\n<p style=\"text-align: justify; padding-left: 40px;\">IPAP &#8211; 10 cm H<sub>2<\/sub>O<br \/>\nEPAP &#8211; 5 cm H<sub>2<\/sub>O<\/p>\n<p style=\"text-align: justify;\">Bu durumda, BiPAP, Nefes al\u0131rken 10, Nefes verirken 5 olarak bas\u0131n\u00e7 verecektir.<\/p>\n<p style=\"text-align: justify;\">BiPAP ST a\u015fa\u011f\u0131daki gibi ayarlanabilir:<\/p>\n<p style=\"text-align: justify; padding-left: 40px;\">IPAP &#8211; 10 cm H<sub>2<\/sub>O<br \/>\nEPAP &#8211; 5 cm H<sub>2<\/sub>O<br \/>\n12 BPM (Breath per Minute=Dakikadaki Nefes Say\u0131s\u0131)<\/p>\n<p style=\"text-align: justify;\">Normal BiPAP&#8217;a benzer \u015fekilde, BiPAP ST nefes al\u0131rken 10, nefes verirken 5 bas\u0131n\u00e7 verecektir ve ayr\u0131ca dakika i\u00e7inde 12 kez nefes al\u0131p almad\u0131\u011f\u0131n\u0131z\u0131 da izleyecektir. ST modunda BiPAP ST cihaz\u0131 sizin yerinize nefes al\u0131p vermez \u00f6ncelikle sizin nefes alman\u0131z\u0131 bekler.<\/p>\n<p>[\/vc_column_text][vc_column_text]<\/p>\n<h3 style=\"text-align: justify;\"><strong><span style=\"font-size: 20px;\">Bi-Flex ve C-flex Aras\u0131ndaki Fark Nedir?<\/span><\/strong><\/h3>\n<p style=\"text-align: justify;\">C-Flex yaln\u0131zca nefes verme s\u0131ras\u0131nda \u00e7al\u0131\u015f\u0131r. Bi-Flex, nefes vermeden almaya ge\u00e7i\u015f s\u0131ras\u0131nda, nefes almadan vermeye ge\u00e7i\u015f s\u0131ras\u0131nda ve nefes verme s\u0131ras\u0131nda \u00e7al\u0131\u015f\u0131r.<\/p>\n<p>[\/vc_column_text][\/vc_column][\/vc_row]<\/p>\n<h4>Incoming search terms:<\/h4><ul><li>https:\/\/www cpapmerkezi com\/blog\/sss\/bipap-cihazi?srsltid=AfmBOooLVf2B9KxhQpdqG0_HgcggvNBZ1lbXpLPZVW9ETFluD854HsQM<\/li><\/ul><\/div>","protected":false},"excerpt":{"rendered":"<p>[vc_row][vc_column][\/vc_column][\/vc_row][vc_row][vc_column width=&#8221;1\/3&#8243;][vc_column_text][\/vc_column_text][\/vc_column][vc_column width=&#8221;2\/3&#8243;][vc_single_image image=&#8221;15506&#8243; img_size=&#8221;300&#215;300&#8243;][vc_column_text] BiPAP, BiPAP ST ve AVAPS Cihazlar\u0131na Genel Bak\u0131\u015f BiPAP cihaz\u0131 iki farkl\u0131 bas\u0131n\u00e7 sa\u011flar. \u0130nhalasyon i\u00e7in daha y\u00fcksek bas\u0131nca ihtiya\u00e7&#8230;<\/p>\n","protected":false},"author":1,"featured_media":0,"parent":4144,"menu_order":0,"comment_status":"closed","ping_status":"closed","template":"","meta":{"_relevanssi_hide_post":"","_relevanssi_pin_for_all":"","_relevanssi_pin_keywords":"","_relevanssi_unpin_keywords":"","_relevanssi_related_keywords":"","_relevanssi_related_include_ids":"","_relevanssi_related_exclude_ids":"","_relevanssi_related_no_append":"","_relevanssi_related_not_related":"","_relevanssi_related_posts":"","_relevanssi_noindex_reason":"","footnotes":""},"tags":[2281,2373,1823,1886,2096,2374,2375,2376],"class_list":["post-15715","page","type-page","status-publish","hentry","tag-avaps","tag-biflex","tag-bipap-2","tag-bipap-cihazi","tag-bipap-st","tag-bipap-st-cihazi","tag-cflex","tag-vpap"],"aioseo_notices":[],"jetpack_sharing_enabled":true,"_links":{"self":[{"href":"https:\/\/www.cpapmerkezi.com\/blog\/wp-json\/wp\/v2\/pages\/15715","targetHints":{"allow":["GET"]}}],"collection":[{"href":"https:\/\/www.cpapmerkezi.com\/blog\/wp-json\/wp\/v2\/pages"}],"about":[{"href":"https:\/\/www.cpapmerkezi.com\/blog\/wp-json\/wp\/v2\/types\/page"}],"author":[{"embeddable":true,"href":"https:\/\/www.cpapmerkezi.com\/blog\/wp-json\/wp\/v2\/users\/1"}],"replies":[{"embeddable":true,"href":"https:\/\/www.cpapmerkezi.com\/blog\/wp-json\/wp\/v2\/comments?post=15715"}],"version-history":[{"count":0,"href":"https:\/\/www.cpapmerkezi.com\/blog\/wp-json\/wp\/v2\/pages\/15715\/revisions"}],"up":[{"embeddable":true,"href":"https:\/\/www.cpapmerkezi.com\/blog\/wp-json\/wp\/v2\/pages\/4144"}],"wp:attachment":[{"href":"https:\/\/www.cpapmerkezi.com\/blog\/wp-json\/wp\/v2\/media?parent=15715"}],"wp:term":[{"taxonomy":"post_tag","embeddable":true,"href":"https:\/\/www.cpapmerkezi.com\/blog\/wp-json\/wp\/v2\/tags?post=15715"}],"curies":[{"name":"wp","href":"https:\/\/api.w.org\/{rel}","templated":true}]}}