{"id":15719,"date":"2020-12-19T16:27:07","date_gmt":"2020-12-19T13:27:07","guid":{"rendered":"https:\/\/www.cpapmerkezi.com\/?page_id=15719"},"modified":"2020-12-19T16:27:07","modified_gmt":"2020-12-19T13:27:07","slug":"mini-cpap-cihazi","status":"publish","type":"page","link":"https:\/\/www.cpapmerkezi.com\/blog\/sss\/mini-cpap-cihazi","title":{"rendered":"Mini CPAP Cihaz\u0131"},"content":{"rendered":"<div class=\"wpb-content-wrapper\"><p>[vc_row][vc_column]<div class=\"smile_icon_list_wrap ult_info_list_container ult-adjust-bottom-margin  \"><ul class=\"smile_icon_list top square with_bg\"><li class=\"icon_list_item\" style=\" font-size:150px;\"><div class=\"icon_list_icon\" data-animation=\"\" data-animation-delay=\"03\" style=\"font-size:50px;border-width:1px;border-style:none;background:#ffffff;color:#333333;border-color:#333333;\"><img data-recalc-dims=\"1\" decoding=\"async\" class=\"list-img-icon\" alt=\"null\" src=\"https:\/\/i0.wp.com\/www.cpapmerkezi.com\/wp-content\/uploads\/resmed-s9-escape-cpap-cihazi-5.jpg?w=1170&#038;ssl=1\"\/><\/div><div class=\"icon_description\" id=\"Info-list-wrap-9249\" style=\"font-size:50px;\"><h3 class=\"ult-responsive info-list-heading\"  data-ultimate-target='#Info-list-wrap-9249 h3'  data-responsive-json-new='{\"font-size\":\"desktop:16px;\",\"line-height\":\"desktop:24px;\"}'  style=\"\">CPAP Cihaz\u0131<\/h3><div class=\"icon_description_text ult-responsive\"  data-ultimate-target='#Info-list-wrap-9249 .icon_description_text'  data-responsive-json-new='{\"font-size\":\"desktop:13px;\",\"line-height\":\"desktop:18px;\"}'  style=\"\"><\/div><\/div><div class=\"icon_list_connector\" data-animation=\"fadeInLeft\" data-animation-delay=\"03\" style=\"border-top-width: 1px;border-top-style: dashed;border-color: #333333;\"><\/div><a class=\"ulimate-info-list-link\" href=\"https:\/\/www.cpapmerkezi.com\/sss\/cpap-cihazi\" title=\"CPAP Cihaz\u0131\" ><\/a><\/li><li class=\"icon_list_item\" style=\" font-size:150px;\"><div class=\"icon_list_icon\" data-animation=\"\" data-animation-delay=\"03\" style=\"font-size:50px;border-width:1px;border-style:none;background:#ffffff;color:#333333;border-color:#333333;\"><img data-recalc-dims=\"1\" decoding=\"async\" class=\"list-img-icon\" alt=\"null\" src=\"https:\/\/i0.wp.com\/www.cpapmerkezi.com\/wp-content\/uploads\/cpap-cihazi-1.webp?w=1170&#038;ssl=1\"\/><\/div><div class=\"icon_description\" id=\"Info-list-wrap-9780\" style=\"font-size:50px;\"><h3 class=\"ult-responsive info-list-heading\"  data-ultimate-target='#Info-list-wrap-9780 h3'  data-responsive-json-new='{\"font-size\":\"desktop:16px;\",\"line-height\":\"desktop:24px;\"}'  style=\"\">Auto CPAP Cihaz\u0131<\/h3><div class=\"icon_description_text ult-responsive\"  data-ultimate-target='#Info-list-wrap-9780 .icon_description_text'  data-responsive-json-new='{\"font-size\":\"desktop:13px;\",\"line-height\":\"desktop:18px;\"}'  style=\"\"><\/div><\/div><div class=\"icon_list_connector\" data-animation=\"fadeInLeft\" data-animation-delay=\"03\" style=\"border-top-width: 1px;border-top-style: dashed;border-color: #333333;\"><\/div><a class=\"ulimate-info-list-link\" href=\"https:\/\/www.cpapmerkezi.com\/sss\/auto-cpap-cihazi\/\" title=\"Auto CPAP Cihaz\u0131\" ><\/a><\/li><li class=\"icon_list_item\" style=\" font-size:150px;\"><div class=\"icon_list_icon\" data-animation=\"\" data-animation-delay=\"03\" style=\"font-size:50px;border-width:1px;border-style:none;background:#ffffff;color:#333333;border-color:#333333;\"><img data-recalc-dims=\"1\" decoding=\"async\" class=\"list-img-icon\" alt=\"null\" src=\"https:\/\/i0.wp.com\/www.cpapmerkezi.com\/wp-content\/uploads\/2020\/12\/bipap-st-cihazi.jpg?w=1170&#038;ssl=1\"\/><\/div><div class=\"icon_description\" id=\"Info-list-wrap-2483\" style=\"font-size:50px;\"><h3 class=\"ult-responsive info-list-heading\"  data-ultimate-target='#Info-list-wrap-2483 h3'  data-responsive-json-new='{\"font-size\":\"desktop:16px;\",\"line-height\":\"desktop:24px;\"}'  style=\"\">BiPAP Cihaz\u0131<\/h3><div class=\"icon_description_text ult-responsive\"  data-ultimate-target='#Info-list-wrap-2483 .icon_description_text'  data-responsive-json-new='{\"font-size\":\"desktop:13px;\",\"line-height\":\"desktop:18px;\"}'  style=\"\"><\/div><\/div><div class=\"icon_list_connector\" data-animation=\"fadeInLeft\" data-animation-delay=\"03\" style=\"border-top-width: 1px;border-top-style: dashed;border-color: #333333;\"><\/div><a class=\"ulimate-info-list-link\" href=\"https:\/\/www.cpapmerkezi.com\/sss\/bipap-cihazi\" title=\"BiPAP Cihaz\u0131\" ><\/a><\/li><li class=\"icon_list_item\" style=\" font-size:150px;\"><div class=\"icon_list_icon\" data-animation=\"\" data-animation-delay=\"03\" style=\"font-size:50px;border-width:1px;border-style:none;background:#ffffff;color:#333333;border-color:#333333;\"><img data-recalc-dims=\"1\" decoding=\"async\" class=\"list-img-icon\" alt=\"null\" src=\"https:\/\/i0.wp.com\/www.cpapmerkezi.com\/wp-content\/uploads\/2020\/12\/mini-cpap-cihazi.jpg?w=1170&#038;ssl=1\"\/><\/div><div class=\"icon_description\" id=\"Info-list-wrap-3017\" style=\"font-size:50px;\"><h3 class=\"ult-responsive info-list-heading\"  data-ultimate-target='#Info-list-wrap-3017 h3'  data-responsive-json-new='{\"font-size\":\"desktop:16px;\",\"line-height\":\"desktop:24px;\"}'  style=\"\">mini CPAP Cihaz\u0131<\/h3><div class=\"icon_description_text ult-responsive\"  data-ultimate-target='#Info-list-wrap-3017 .icon_description_text'  data-responsive-json-new='{\"font-size\":\"desktop:13px;\",\"line-height\":\"desktop:18px;\"}'  style=\"\"><\/div><\/div><div class=\"icon_list_connector\" data-animation=\"fadeInLeft\" data-animation-delay=\"03\" style=\"border-top-width: 1px;border-top-style: dashed;border-color: #333333;\"><\/div><a class=\"ulimate-info-list-link\" href=\"https:\/\/www.cpapmerkezi.com\/sss\/mini-cpap-cihazi\" title=\"mini CPAP Cihaz\u0131\" ><\/a><\/li><\/ul><\/div>[\/vc_column][\/vc_row][vc_row][vc_column width=&#8221;1\/3&#8243;][vc_column_text]  \r\n    \r\n<div id=\"wpj-jtoc\" class=\"wpj-jtoc wpj-jtoc--main --jtoc-the-content --jtoc-theme-original --jtoc-title-align-left --jtoc-toggle-icon-std --jtoc-toggle-position-right --jtoc-header-as-toggle --jtoc-headings-full-row-clickable --jtoc-has-custom-styles --jtoc-is-unfolded --jtoc-align-left\" >\r\n  <!-- TOC -->\r\n        <div class=\"wpj-jtoc--toc wpj-jtoc--toc-inline \" >\r\n              <div class=\"wpj-jtoc--header\">\r\n        <div class=\"wpj-jtoc--header-main\">\r\n                    <div class=\"wpj-jtoc--title --has-icon\">\r\n                          <div class=\"title-icon\">\r\n                <svg style=\"width: 20px; height: 20px; stroke-width: 2px;\" xmlns=\"http:\/\/www.w3.org\/2000\/svg\" width=\"24\" height=\"24\" viewBox=\"0 0 24 24\" fill=\"none\" stroke=\"currentColor\" stroke-width=\"2\" stroke-linecap=\"round\" stroke-linejoin=\"round\" class=\"lucide lucide-book-text\"><path d=\"M4 19.5v-15A2.5 2.5 0 0 1 6.5 2H19a1 1 0 0 1 1 1v18a1 1 0 0 1-1 1H6.5a1 1 0 0 1 0-5H20\" \/><path d=\"M8 11h8\" \/><path d=\"M8 7h6\" \/><\/svg>              <\/div>\r\n                        <span class=\"wpj-jtoc--title-label\">\u0130\u00e7indekiler<\/span>\r\n          <\/div>\r\n                                <div class=\"wpj-jtoc--toggle-wrap\">\r\n                                            <div class=\"wpj-jtoc--toggle-icon\">\r\n                  <div class=\"wpj-jtoc--toggle-opened\"><i class=\"gg-chevron-up\"><\/i><\/div>\r\n                  <div class=\"wpj-jtoc--toggle-closed\"><i class=\"gg-chevron-down\"><\/i><\/div>\r\n                <\/div>\r\n                                        <\/div>\r\n                  <\/div>\r\n      <\/div>\r\n            <div class=\"wpj-jtoc--body\">\r\n            <nav class=\"wpj-jtoc--nav\">\r\n        <ol class=\"wpj-jtoc--items\"><li class=\"wpj-jtoc--item --jtoc-h2\">\r\n        <div class=\"wpj-jtoc--item-content --jtoc-h2\" data-depth=\"2\">\r\n                                                <a href=\"#cpap-cihazi\"  title=\"CPAP Cihaz\u0131\" data-numeration=\"1\">CPAP Cihaz\u0131<\/a>\r\n                    <\/div><\/li><li class=\"wpj-jtoc--item --jtoc-h2\">\r\n        <div class=\"wpj-jtoc--item-content --jtoc-h2\" data-depth=\"2\">\r\n                                                <a href=\"#auto-cpap-cihazi\"  title=\"Auto CPAP Cihaz\u0131\" data-numeration=\"2\">Auto CPAP Cihaz\u0131<\/a>\r\n                    <\/div><\/li><li class=\"wpj-jtoc--item --jtoc-h2\">\r\n        <div class=\"wpj-jtoc--item-content --jtoc-h2\" data-depth=\"2\">\r\n                                                <a href=\"#bipap-cihazi\"  title=\"BiPAP Cihaz\u0131\" data-numeration=\"3\">BiPAP Cihaz\u0131<\/a>\r\n                    <\/div><\/li><li class=\"wpj-jtoc--item --jtoc-h2\">\r\n        <div class=\"wpj-jtoc--item-content --jtoc-h2\" data-depth=\"2\">\r\n                                                <a href=\"#mini-cpap-cihazi\"  title=\"mini CPAP Cihaz\u0131\" data-numeration=\"4\">mini CPAP Cihaz\u0131<\/a>\r\n                    <\/div><\/li><li class=\"wpj-jtoc--item --jtoc-h2\">\r\n        <div class=\"wpj-jtoc--item-content --jtoc-h2\" data-depth=\"2\">\r\n                                                <a href=\"#mini-cpap-cihazlari-evde-kullanima-uygun-mudur\"  title=\"mini CPAP Cihazlar\u0131 Evde Kullan\u0131ma Uygun Mudur?\" data-numeration=\"5\">mini CPAP Cihazlar\u0131 Evde Kullan\u0131ma Uygun Mudur?<\/a>\r\n                    <\/div><\/li><li class=\"wpj-jtoc--item --jtoc-h2\">\r\n        <div class=\"wpj-jtoc--item-content --jtoc-h2\" data-depth=\"2\">\r\n                                                <a href=\"#mini-cpap-cihazi-sarj-mi-ediliyor\"  title=\"mini CPAP Cihaz\u0131 \u015earj M\u0131 Ediliyor?\" data-numeration=\"6\">mini CPAP Cihaz\u0131 \u015earj M\u0131 Ediliyor?<\/a>\r\n                    <\/div><\/li><li class=\"wpj-jtoc--item --jtoc-h2\">\r\n        <div class=\"wpj-jtoc--item-content --jtoc-h2\" data-depth=\"2\">\r\n                                                <a href=\"#mini-cpap-cihaziyla-nemlendirici-kullanilabilir-mi\"  title=\"mini CPAP Cihaz\u0131yla Nemlendirici Kullan\u0131labilir Mi?\" data-numeration=\"7\">mini CPAP Cihaz\u0131yla Nemlendirici Kullan\u0131labilir Mi?<\/a>\r\n                    <\/div><\/li><\/ol>      <\/nav>\r\n          <\/div>\r\n      <\/div>\r\n    <\/div>\r\n[\/vc_column_text][\/vc_column][vc_column width=&#8221;2\/3&#8243;][vc_single_image image=&#8221;15506&#8243; img_size=&#8221;300&#215;300&#8243;][vc_column_text]<\/p>\n<h1 style=\"text-align: justify;\"><span style=\"font-size: 28px;\"><strong>Mini CPAP Cihazlar\u0131na Genel Bak\u0131\u015f<\/strong><\/span><\/h1>\n<p style=\"text-align: justify;\">G\u00fcn\u00fcm\u00fcz\u00fcn CPAP cihazlar\u0131 k\u00fc\u00e7\u00fck, portatiftir ve b\u00fcy\u00fck \u00e7o\u011funlu\u011fu seyahat i\u00e7in uygundur. Mini CPAP cihaz\u0131 \u00e7ok k\u00fc\u00e7\u00fck boyuttad\u0131r ve hareket halindeyken tedavinizden \u00f6d\u00fcn\u00a0 vermemenizi sa\u011flar. CPAPMerkezi.com taraf\u0131ndan sat\u0131lan t\u00fcm cihazlar hem T\u00fcrkiye hem de Uluslararas\u0131 elektrik prizlerini destekler, ancak ek d\u00f6n\u00fc\u015ft\u00fcr\u00fcc\u00fclere ihtiyac\u0131n\u0131z olabilir.<\/p>\n<p>[\/vc_column_text][\/vc_column][\/vc_row][vc_row][vc_column width=&#8221;1\/2&#8243;][vc_column_text]<\/p>\n<h3><strong><span style=\"font-size: 20px;\">mini CPAP Cihazlar\u0131 Evde Kullan\u0131ma Uygun Mudur?<\/span><\/strong><\/h3>\n<p>T\u00fcm CPAP , Auto CPAP ve BiPAP cihazlar\u0131 her g\u00fcn kullan\u0131labilir olarak tasarlanm\u0131\u015ft\u0131r. Daha k\u00fc\u00e7\u00fck ve daha hafif olan yeni mini cihazlar, seyahatin yan\u0131 s\u0131ra s\u00fcrekli g\u00fcnl\u00fck kullan\u0131m i\u00e7in uygundur.[\/vc_column_text][vc_column_text]<\/p>\n<h3><strong><span style=\"font-size: 20px;\">mini CPAP Cihaz\u0131 \u015earj M\u0131 Ediliyor?<\/span><\/strong><\/h3>\n<p style=\"text-align: justify;\">Cihaz\u0131n kendi i\u00e7inde olan bir \u00f6zellik de\u011fildir. Opsiyonel olarak entegre pil deste\u011fi sunulmaktad\u0131r. Transcend mini CPAP ve Philips DreamStation Go Auto cihaz\u0131nda opsiyonel pil se\u00e7ene\u011fi bulunmaktad\u0131r. ResMed AirMini i\u00e7in sunulan bir batarya se\u00e7ene\u011fi \u015fimdilik mevcut de\u011fildir. Batarya kullan\u0131rken \u0131s\u0131t\u0131c\u0131l\u0131 nemlendirici kullanamayaca\u011f\u0131n\u0131z\u0131 unutmay\u0131n.<\/p>\n<p>[\/vc_column_text][\/vc_column][vc_column width=&#8221;1\/2&#8243;][vc_column_text]<\/p>\n<h3><strong><span style=\"font-size: 20px;\">mini CPAP Cihaz\u0131yla Nemlendirici Kullan\u0131labilir Mi?<\/span><\/strong><\/h3>\n<p>Evet, t\u00fcm mini CPAP cihazlar\u0131 nemlendirme \u00f6zelli\u011fi mevcuttur. Is\u0131t\u0131c\u0131l\u0131 nemlendirici \u00f6zelli\u011fini \u015fuan i\u00e7in sadece Transcend mini CPAP ve Philips DreamStation Go Auto cihazlar\u0131 sunmaktad\u0131r. ResMed AirMini \u015fimdilik susuz nemlendirme \u00f6zelli\u011fi sunmaktad\u0131r.[\/vc_column_text][\/vc_column][\/vc_row]<\/p>\n<\/div>","protected":false},"excerpt":{"rendered":"<p>[vc_row][vc_column][\/vc_column][\/vc_row][vc_row][vc_column width=&#8221;1\/3&#8243;][vc_column_text][\/vc_column_text][\/vc_column][vc_column width=&#8221;2\/3&#8243;][vc_single_image image=&#8221;15506&#8243; img_size=&#8221;300&#215;300&#8243;][vc_column_text] Mini CPAP Cihazlar\u0131na Genel Bak\u0131\u015f G\u00fcn\u00fcm\u00fcz\u00fcn CPAP cihazlar\u0131 k\u00fc\u00e7\u00fck, portatiftir ve b\u00fcy\u00fck \u00e7o\u011funlu\u011fu seyahat i\u00e7in uygundur. Mini CPAP cihaz\u0131 \u00e7ok&#8230;<\/p>\n","protected":false},"author":1,"featured_media":0,"parent":4144,"menu_order":0,"comment_status":"closed","ping_status":"closed","template":"","meta":{"_relevanssi_hide_post":"","_relevanssi_pin_for_all":"","_relevanssi_pin_keywords":"","_relevanssi_unpin_keywords":"","_relevanssi_related_keywords":"","_relevanssi_related_include_ids":"","_relevanssi_related_exclude_ids":"","_relevanssi_related_no_append":"","_relevanssi_related_not_related":"","_relevanssi_related_posts":"","_relevanssi_noindex_reason":"","footnotes":""},"tags":[2281,2373,1823,1886,2096,2374,2375,2376],"class_list":["post-15719","page","type-page","status-publish","hentry","tag-avaps","tag-biflex","tag-bipap-2","tag-bipap-cihazi","tag-bipap-st","tag-bipap-st-cihazi","tag-cflex","tag-vpap"],"aioseo_notices":[],"jetpack_sharing_enabled":true,"_links":{"self":[{"href":"https:\/\/www.cpapmerkezi.com\/blog\/wp-json\/wp\/v2\/pages\/15719","targetHints":{"allow":["GET"]}}],"collection":[{"href":"https:\/\/www.cpapmerkezi.com\/blog\/wp-json\/wp\/v2\/pages"}],"about":[{"href":"https:\/\/www.cpapmerkezi.com\/blog\/wp-json\/wp\/v2\/types\/page"}],"author":[{"embeddable":true,"href":"https:\/\/www.cpapmerkezi.com\/blog\/wp-json\/wp\/v2\/users\/1"}],"replies":[{"embeddable":true,"href":"https:\/\/www.cpapmerkezi.com\/blog\/wp-json\/wp\/v2\/comments?post=15719"}],"version-history":[{"count":0,"href":"https:\/\/www.cpapmerkezi.com\/blog\/wp-json\/wp\/v2\/pages\/15719\/revisions"}],"up":[{"embeddable":true,"href":"https:\/\/www.cpapmerkezi.com\/blog\/wp-json\/wp\/v2\/pages\/4144"}],"wp:attachment":[{"href":"https:\/\/www.cpapmerkezi.com\/blog\/wp-json\/wp\/v2\/media?parent=15719"}],"wp:term":[{"taxonomy":"post_tag","embeddable":true,"href":"https:\/\/www.cpapmerkezi.com\/blog\/wp-json\/wp\/v2\/tags?post=15719"}],"curies":[{"name":"wp","href":"https:\/\/api.w.org\/{rel}","templated":true}]}}