{"id":17796,"date":"2022-02-04T12:22:09","date_gmt":"2022-02-04T09:22:09","guid":{"rendered":"https:\/\/www.cpapmerkezi.com\/cpap-ekipmanlarini-nasil-temizlersiniz-copy"},"modified":"2022-02-04T12:22:09","modified_gmt":"2022-02-04T09:22:09","slug":"cpap-sarf-malzemeleri-ve-cpap-maskesi-parcalarinin-degistirilmesi","status":"publish","type":"page","link":"https:\/\/www.cpapmerkezi.com\/blog\/cpap-sarf-malzemeleri-ve-cpap-maskesi-parcalarinin-degistirilmesi","title":{"rendered":"CPAP sarf malzemeleri ve CPAP Maskesi par\u00e7alar\u0131n\u0131n de\u011fi\u015ftirilmesi"},"content":{"rendered":"<div class=\"wpb-content-wrapper\"><p>[vc_row full_width=&#8221;stretch_row_content_no_spaces&#8221; content_placement=&#8221;middle&#8221; bg_type=&#8221;image&#8221; parallax_style=&#8221;vcpb-default&#8221; bg_image_new=&#8221;id^17797|url^https:\/\/www.cpapmerkezi.com\/wp-content\/uploads\/2022\/02\/cpap-maskesi-yedek-parcalari-gulumseyen-koltukta-cift-cpap-maskeli.jpg|caption^null|alt^CPAP Maskesi Yedek Par\u00e7alar\u0131 G\u00fcl\u00fcmseyen \u00c7ift Koltukta|title^cpap-maskesi-yedek-par\u00e7alari-gulumseyen-koltukta-cift-cpap-maskeli|description^null&#8221; bg_image_repeat=&#8221;no-repeat&#8221; bg_override=&#8221;browser_size&#8221; css=&#8221;.vc_custom_1643967430925{margin-top: -40px !important;}&#8221;][vc_column width=&#8221;1\/6&#8243;][\/vc_column][vc_column width=&#8221;4\/6&#8243;][vc_column_text]<\/p>\n<h1><span style=\"color: #ffffff;\"><strong><span style=\"font-size: 36px;\">CPAP sarf malzemeleri ve CPAP Maskesi par\u00e7alar\u0131n\u0131n de\u011fi\u015ftirilmesi<\/span><\/strong><\/span><\/h1>\n<p>[\/vc_column_text][vc_column_text]<\/p>\n<h2><span style=\"color: #ffffff; font-size: 20px;\">CPAP Maskenize &#8211; \u00f6zellikle cildinizdeki kir, ya\u011f ve kal\u0131nt\u0131lardan etkilenebilecek bir ekipmand\u0131r &#8211; d\u00fczenli olarak bak\u0131m yapman\u0131z \u00f6nemlidir.<\/span><\/h2>\n<h2><span style=\"color: #ffffff; font-size: 20px;\">CPAP maskenizdeki \u00e7e\u015fitli par\u00e7alar\u0131 de\u011fi\u015ftirmek, yeni CPAP sarf malzemelerinin nas\u0131l ve ne zaman sipari\u015f edilece\u011fini \u00f6\u011frenmek i\u00e7in sayfay\u0131 okumaya devam edin.<\/span><\/h2>\n<p>[\/vc_column_text][\/vc_column][vc_column width=&#8221;1\/6&#8243;][\/vc_column][\/vc_row][vc_row bg_type=&#8221;bg_color&#8221; bg_override=&#8221;browser_size&#8221; bg_color_value=&#8221;#ebf1f8&#8243;][vc_column width=&#8221;1\/12&#8243;][\/vc_column][vc_column width=&#8221;10\/12&#8243;]<div class=\"aio-icon-component    style_1\"><div id=\"Info-box-wrap-8622\" class=\"aio-icon-box top-icon\" style=\"\"  ><div class=\"aio-icon-top\"><div class=\"ult-just-icon-wrapper  \"><div class=\"align-icon\" style=\"text-align:center;\">\n<div class=\"aio-icon none \"  style=\"color:#333;font-size:32px;display:inline-block;\">\n\t<i class=\"Defaults-minus\"><\/i>\n<\/div><\/div><\/div><\/div><div class=\"aio-icon-header\" ><h2 class=\"aio-icon-title ult-responsive\"  data-ultimate-target='#Info-box-wrap-8622 .aio-icon-title'  data-responsive-json-new='{\"font-size\":\"desktop:36px;tablet:28px;tablet_portrait:24px;mobile_landscape:18px;mobile:18px;\",\"line-height\":\"\"}'  style=\"\">CPAP par\u00e7alar\u0131n\u0131z\u0131 d\u00fczenli olarak de\u011fi\u015ftirmek i\u00e7in en \u00f6nemli 3 neden<\/h2><\/div> <!-- header --><\/div> <!-- aio-icon-box --><\/div> <!-- aio-icon-component -->[vc_row_inner][vc_column_inner width=&#8221;1\/3&#8243;]<div class=\"ult-just-icon-wrapper  \"><div class=\"align-icon\" style=\"text-align:center;\">\n<div class=\"aio-icon-img \" style=\"font-size:48px;display:inline-block;\" >\n\t<img decoding=\"async\" class=\"img-icon\" alt=\"null\" src=\"https:\/\/www.cpapmerkezi.com\/wp-content\/uploads\/2022\/02\/1-bir-mavi.svg\"\/>\n<\/div><\/div><\/div>[vc_column_text]<\/p>\n<p style=\"text-align: center;\"><span style=\"font-size: 20px;\"><strong>Her gece daha uzun uyku<\/strong><\/span><\/p>\n<p>[\/vc_column_text][vc_column_text]<\/p>\n<p style=\"text-align: center;\"><span style=\"font-size: 18px;\">Par\u00e7alar\u0131n\u0131 d\u00fczenli olarak de\u011fi\u015ftiren CPAP kullan\u0131c\u0131lar\u0131, her gece terapide uyuduklar\u0131 saat say\u0131s\u0131nda %24&#8217;l\u00fck bir art\u0131\u015fa sahiptir.<sup>1<\/sup><\/span><\/p>\n<p>[\/vc_column_text][\/vc_column_inner][vc_column_inner width=&#8221;1\/3&#8243;]<div class=\"ult-just-icon-wrapper  \"><div class=\"align-icon\" style=\"text-align:center;\">\n<div class=\"aio-icon-img \" style=\"font-size:48px;display:inline-block;\" >\n\t<img decoding=\"async\" class=\"img-icon\" alt=\"null\" src=\"https:\/\/www.cpapmerkezi.com\/wp-content\/uploads\/2022\/02\/2-iki-mavi.svg\"\/>\n<\/div><\/div><\/div>[vc_column_text]<\/p>\n<p style=\"text-align: center;\"><span style=\"font-size: 20px;\"><strong>Daha iyi uyu ve daha iyi hisset<\/strong><\/span><\/p>\n<p>[\/vc_column_text][vc_column_text]<\/p>\n<p style=\"text-align: center;\"><span style=\"font-size: 18px;\">Par\u00e7alar\u0131n\u0131 d\u00fczenli olarak de\u011fi\u015ftiren CPAP kullan\u0131c\u0131lar\u0131n\u0131n \u00e7o\u011fu, sadece daha iyi uyuduklar\u0131n\u0131 de\u011fil, hayata daha olumlu bakt\u0131klar\u0131n\u0131 s\u00f6yl\u00fcyor.<sup>1<\/sup><\/span><\/p>\n<p>[\/vc_column_text][\/vc_column_inner][vc_column_inner width=&#8221;1\/3&#8243;]<div class=\"ult-just-icon-wrapper  \"><div class=\"align-icon\" style=\"text-align:center;\">\n<div class=\"aio-icon-img \" style=\"font-size:48px;display:inline-block;\" >\n\t<img decoding=\"async\" class=\"img-icon\" alt=\"null\" src=\"https:\/\/www.cpapmerkezi.com\/wp-content\/uploads\/2022\/02\/3-uc-mavi.svg\"\/>\n<\/div><\/div><\/div>[vc_column_text]<\/p>\n<p style=\"text-align: center;\"><span style=\"font-size: 20px;\"><strong>Terapiden en iyi \u015fekilde yararlan\u0131n<\/strong><\/span><\/p>\n<p>[\/vc_column_text][vc_column_text]<\/p>\n<p style=\"text-align: center;\"><span style=\"font-size: 18px;\">Par\u00e7alar\u0131n\u0131 d\u00fczenli olarak de\u011fi\u015ftiren CPAP kullan\u0131c\u0131lar\u0131n\u0131n, uyku apnesi tedavisine uzun s\u00fcreli devam etme olas\u0131l\u0131klar\u0131 2 kat daha fazlad\u0131r.<sup>1<\/sup><\/span><\/p>\n<p>[\/vc_column_text][\/vc_column_inner][\/vc_row_inner][\/vc_column][vc_column width=&#8221;1\/12&#8243;][\/vc_column][\/vc_row][vc_row bg_type=&#8221;image&#8221; parallax_style=&#8221;vcpb-default&#8221; bg_image_new=&#8221;id^17825|url^https:\/\/www.cpapmerkezi.com\/wp-content\/uploads\/2022\/02\/gri-nokta-bkg-v2.svg|caption^null|alt^null|title^gri-nokta-bkg-v2|description^null&#8221; bg_override=&#8221;browser_size&#8221;][vc_column width=&#8221;1\/3&#8243;][vc_single_image image=&#8221;17826&#8243; img_size=&#8221;full&#8221; alignment=&#8221;center&#8221; style=&#8221;vc_box_rounded&#8221;][\/vc_column][vc_column width=&#8221;2\/3&#8243;][vc_icon icon_fontawesome=&#8221;far fa-question-circle&#8221; color=&#8221;black&#8221; size=&#8221;sm&#8221;][vc_custom_heading text=&#8221;CPAP sarf malzemelerini ne zaman sipari\u015f etmelisiniz?&#8221; font_container=&#8221;tag:h2|font_size:32px|text_align:left&#8221; use_theme_fonts=&#8221;yes&#8221;][vc_column_text]<\/p>\n<p style=\"text-align: left;\"><span style=\"font-size: 20px;\">Bir par\u00e7an\u0131n \u00f6mr\u00fc kullan\u0131m s\u0131kl\u0131\u011f\u0131n\u0131za, temizleme rutininize ve par\u00e7an\u0131n y\u00fcz\u00fcn\u00fcze de\u011fip de\u011fmemesine ba\u011fl\u0131d\u0131r.<\/span><\/p>\n<p style=\"text-align: left;\"><span style=\"font-size: 20px;\">Par\u00e7alar\u0131n\u0131z\u0131 a\u015f\u0131nma ve y\u0131pranma belirtileri a\u00e7\u0131s\u0131ndan d\u00fczenli olarak kontrol edin.\u00a0CPAP ekipman\u0131n\u0131z en iyi \u015fekilde \u00e7al\u0131\u015ft\u0131\u011f\u0131nda, fark\u0131 anlayabileceksiniz.<\/span><\/p>\n<p style=\"text-align: left;\"><span style=\"font-size: 20px;\">Farkl\u0131 sigorta \u015firketlerinin farkl\u0131 de\u011fi\u015ftirme programlar\u0131n\u0131 kapsad\u0131\u011f\u0131n\u0131 unutmay\u0131n; bu nedenle, kapsam ve de\u011fi\u015ftirme plan\u0131 se\u00e7enekleriniz hakk\u0131nda sa\u011flay\u0131c\u0131n\u0131zla g\u00f6r\u00fc\u015f\u00fcn.<\/span><\/p>\n<p>[\/vc_column_text][\/vc_column][\/vc_row][vc_row bg_type=&#8221;image&#8221; parallax_style=&#8221;vcpb-default&#8221; bg_image_new=&#8221;id^17833|url^https:\/\/www.cpapmerkezi.com\/wp-content\/uploads\/2022\/02\/checklist.svg|caption^null|alt^null|title^checklist|description^null&#8221; bg_image_repeat=&#8221;no-repeat&#8221; bg_override=&#8221;browser_size&#8221;][vc_column width=&#8221;1\/12&#8243;][\/vc_column][vc_column width=&#8221;10\/12&#8243;][vc_row_inner][vc_column_inner width=&#8221;2\/3&#8243;][vc_icon icon_fontawesome=&#8221;far fa-check-square&#8221; color=&#8221;black&#8221; size=&#8221;sm&#8221;][vc_custom_heading text=&#8221;Yedek par\u00e7alar\u0131n\u0131z ve program\u0131n\u0131z tek bir listede.&#8221; font_container=&#8221;tag:h2|font_size:32px|text_align:left&#8221; use_theme_fonts=&#8221;yes&#8221;][vc_column_text]<\/p>\n<p style=\"text-align: left;\"><span style=\"font-size: 20px;\">T\u00fcm yedek par\u00e7alar\u0131n ve zamanlama y\u00f6nergelerinin yararl\u0131 bir listesi i\u00e7in CPAP sarf malzemeleri ipucu sayfam\u0131z\u0131 indirin.\u00a0<\/span><\/p>\n<p>[\/vc_column_text]<div class=\" ubtn-ctn-left \"><a class=\"ubtn-link ult-adjust-bottom-margin ubtn-left ubtn-normal \" href=\"https:\/\/www.cpapmerkezi.com\/cpap-sarf-malzemelerimizi-ve-yedek-ipucu-sayfamizi-indirin\" title=\"CPAP sarf malzemelerimizi ve yedek ipucu sayfam\u0131z\u0131 indirin\" target=\"_blank\" rel=\"noopener\" ><button type=\"button\" id=\"ubtn-4903\"  class=\"ubtn ult-adjust-bottom-margin ult-responsive ubtn-normal ubtn-no-hover-bg  none  ubtn-sep-icon ubtn-sep-icon-at-left  ubtn-left   tooltip-69e26d11ec8c3\"  data-hover=\"\" data-border-color=\"\" data-bg=\"#81d742\" data-hover-bg=\"\" data-border-hover=\"\" data-shadow-hover=\"\" data-shadow-click=\"none\" data-shadow=\"\" data-shd-shadow=\"\"  data-ultimate-target='#ubtn-4903'  data-responsive-json-new='{\"font-size\":\"\",\"line-height\":\"\"}'  style=\"font-weight:normal;border:none;background: #81d742;color: #ffffff;\"><span class=\"ubtn-data ubtn-icon\"><i class=\"Defaults-download\" style=\"font-size:32px;color:;\"><\/i><\/span><span class=\"ubtn-hover\" style=\"background-color:\"><\/span><span class=\"ubtn-data ubtn-text \" >\u015eimdi \u0130ndirin!<\/span><\/button><\/a><\/div>[\/vc_column_inner][vc_column_inner width=&#8221;1\/3&#8243;][\/vc_column_inner][\/vc_row_inner][\/vc_column][vc_column width=&#8221;1\/12&#8243;][\/vc_column][\/vc_row][vc_row bg_type=&#8221;bg_color&#8221; bg_override=&#8221;browser_size&#8221; bg_color_value=&#8221;#eaf1f8&#8243;][vc_column width=&#8221;1\/6&#8243;][\/vc_column][vc_column width=&#8221;2\/3&#8243;][vc_custom_heading text=&#8221;CPAP temizli\u011fi ile ilgili SSS&#8217;leri&#8221; font_container=&#8221;tag:h2|font_size:28px|text_align:center&#8221; use_theme_fonts=&#8221;yes&#8221;][vc_tta_accordion style=&#8221;modern&#8221; color=&#8221;white&#8221; active_section=&#8221;1&#8243; no_fill=&#8221;true&#8221;][vc_tta_section title=&#8221;COVID-19 te\u015fhisi konulursa CPAP cihaz\u0131m\u0131 kullanmaya devam edebilir miyim?&#8221; tab_id=&#8221;1643532105181-92838369-843d&#8221;][vc_column_text]<span style=\"font-size: 16px;\">Coronavir\u00fcs uyku apnesi te\u015fhisinizi veya CPAP tedavisini kullanmaya devam etme ihtiyac\u0131n\u0131z\u0131 de\u011fi\u015ftirmez.\u00a0CPAP makinenizi kullanmaya devam etmelisiniz \u00e7\u00fcnk\u00fc tam bir gece uykusu genel sa\u011fl\u0131\u011f\u0131n\u0131za fayda sa\u011flar.\u00a0Size COVID-19 te\u015fhisi konduysa, sa\u011fl\u0131k hizmeti sa\u011flay\u0131c\u0131n\u0131z\u0131n t\u0131bbi tavsiyelerine uyman\u0131z gerekir.<\/span><\/p>\n<p><span style=\"font-size: 16px;\">COVID-19 te\u015fhisi durumunda, Amerikan Toraks Derne\u011fi&#8217;nin g\u00fcnl\u00fck maske temizli\u011fine ili\u015fkin ipu\u00e7lar\u0131n\u0131 <a href=\"https:\/\/www.cpapmerkezi.com\/wp-content\/uploads\/2022\/01\/hasta-egitim-covid-19.pdf\" target=\"_blank\" rel=\"noopener\">okuyun<\/a>. Bilgilendirici k\u0131lavuzlar\u0131 , COVID -19 te\u015fhisi ve PAP tedavisi kullan\u0131m\u0131 hakk\u0131nda ek bilgi ve kaynaklar i\u00e7erir. Cihaz\u0131n\u0131z\u0131 ve maskenizi temizleme konusunda ad\u0131m ad\u0131m \u00f6zel talimatlar i\u00e7in l\u00fctfen ResMed\u00a0<a href=\"https:\/\/document.resmed.com\/documents\/products\/machine\/airsense-series\/user-guide\/airsense10-autoset-elite_user-guide_eur1_mul.pdf\" target=\"_blank\" rel=\"noopener\">Kullan\u0131m K\u0131lavuzuna<\/a> bak\u0131n.<\/span>[\/vc_column_text][\/vc_tta_section][vc_tta_section title=&#8221;Maskemi temizlemek i\u00e7in ne KULLANMAMALIYIM?&#8221; tab_id=&#8221;1643532105212-e07aba0e-953d&#8221;][vc_column_text]Kalan buharlar solunmas\u0131 halinde zararl\u0131 olabilece\u011finden, CPAP ekipman\u0131n\u0131 temizlemek i\u00e7in a\u015fa\u011f\u0131da listelenen \u00fcr\u00fcnleri\/\u00e7\u00f6z\u00fcmleri kullanman\u0131z\u0131 kesinlikle tavsiye etmiyoruz.<\/p>\n<ul>\n<li>Aromatik bazl\u0131 sol\u00fcsyonlar veya kokulu ya\u011flar (\u00f6rn. okalipt\u00fcs veya u\u00e7ucu ya\u011flar)<\/li>\n<li>Antibakteriyel sabunlar<\/li>\n<li>Bula\u015f\u0131k Deterjan\u0131 (hafif olsalar bile)<\/li>\n<li>Alkol<\/li>\n<li>\u00c7ama\u015f\u0131r suyu<\/li>\n<li>G\u00fc\u00e7l\u00fc kokulu \u00fcr\u00fcnler (\u00f6rn. narenciyeli sabunlar)<\/li>\n<li>\u00c7ama\u015f\u0131r makinesi veya kurutma makinesi<\/li>\n<\/ul>\n<p>[\/vc_column_text][\/vc_tta_section][vc_tta_section title=&#8221;Maskemi temizlemek i\u00e7in neden bu \u00fcr\u00fcnleri kullanam\u0131yorum?&#8221; tab_id=&#8221;1643542710875-9e2d7bed-1cff&#8221;][vc_column_text]Antibakteriyel sabunlar, di\u011ferleri aras\u0131nda, maskenize zarar verebilir ve \u00e7atlaklara neden olabilir, bu da cilt tahri\u015fine ve maske performans\u0131n\u0131n d\u00fc\u015fmesine neden olabilir.<\/p>\n<p>CPAP ekipman\u0131n\u0131 temizlemek i\u00e7in bir \u00e7ama\u015f\u0131r makinesi veya kurutucunun kullan\u0131lmas\u0131, muhtemelen hasara ve de\u011fi\u015ftirme ihtiyac\u0131na neden olabilir. Malzeme \u0131s\u0131ya duyarl\u0131 oldu\u011fundan ve hasar g\u00f6rebilece\u011finden, kafa band\u0131n\u0131 asla \u00fct\u00fclemeyin.[\/vc_column_text][\/vc_tta_section][vc_tta_section title=&#8221;Hangi CPAP par\u00e7alar\u0131n\u0131 ne s\u0131kl\u0131kla temizlemem gerekiyor?&#8221; tab_id=&#8221;1643542360731-934bd7a3-96c1&#8243;][vc_column_text]<strong>G\u00fcnl\u00fck:<\/strong><\/p>\n<ul>\n<li>Maske silikonu<\/li>\n<li>Hortum<\/li>\n<li>Nemlendirici su kab\u0131<\/li>\n<\/ul>\n<p><strong>Haftal\u0131k:<\/strong><\/p>\n<ul>\n<li>Maske \u00e7er\u00e7eve sistemi<\/li>\n<li>Kafa band\u0131<\/li>\n<\/ul>\n<p>[\/vc_column_text][\/vc_tta_section][\/vc_tta_accordion][\/vc_column][vc_column width=&#8221;1\/6&#8243;][\/vc_column][\/vc_row][vc_row bg_type=&#8221;image&#8221; parallax_style=&#8221;vcpb-default&#8221; bg_image_new=&#8221;id^17384|url^https:\/\/www.cpapmerkezi.com\/wp-content\/uploads\/2022\/01\/circles-bkg-v2.svg|caption^null|alt^null|title^circles-bkg-v2|description^null&#8221; bg_image_repeat=&#8221;no-repeat&#8221; bg_img_attach=&#8221;fixed&#8221; bg_image_posiiton=&#8221;top&#8221; bg_override=&#8221;browser_size&#8221;][vc_column width=&#8221;1\/12&#8243;][\/vc_column][vc_column width=&#8221;5\/6&#8243;]<div class=\"aio-icon-component    style_1\"><div id=\"Info-box-wrap-6346\" class=\"aio-icon-box top-icon\" style=\"\"  ><div class=\"aio-icon-top\"><div class=\"ult-just-icon-wrapper  \"><div class=\"align-icon\" style=\"text-align:center;\">\n<div class=\"aio-icon none \"  style=\"color:#ffffff;font-size:32px;display:inline-block;\">\n\t<i class=\"Defaults-refresh\"><\/i>\n<\/div><\/div><\/div><\/div><div class=\"aio-icon-header\" ><h2 class=\"aio-icon-title ult-responsive\"  data-ultimate-target='#Info-box-wrap-6346 .aio-icon-title'  data-responsive-json-new='{\"font-size\":\"\",\"line-height\":\"\"}'  style=\"color:#ffffff;\">Hangi CPAP par\u00e7alar\u0131n\u0131 de\u011fi\u015ftirmem gerekiyor?<\/h2><\/div> <!-- header --><\/div> <!-- aio-icon-box --><\/div> <!-- aio-icon-component -->[vc_column_text]<\/p>\n<p style=\"text-align: center;\"><span style=\"font-size: 16px; color: #ffffff;\"><strong>T\u0131pk\u0131 bir araba gibi, CPAP ekipman\u0131n\u0131z da uygun bak\u0131mla en iyi \u015fekilde \u00e7al\u0131\u015f\u0131r. Bu da belirli par\u00e7alar\u0131n d\u00fczenli olarak de\u011fi\u015ftirilmesi anlam\u0131na gelir.<\/strong><\/span><\/p>\n<p>[\/vc_column_text][basel_info_box_carousel slides_per_view=&#8221;3&#8243; slider_spacing=&#8221;30&#8243; hide_pagination_control=&#8221;yes&#8221; hide_prev_next_buttons=&#8221;yes&#8221; scroll_carousel_init=&#8221;yes&#8221;][basel_info_box btn_position=&#8221;static&#8221; css=&#8221;.vc_custom_1643546527834{margin-right: 5px !important;margin-left: 5px !important;padding-top: 10px !important;padding-right: 10px !important;padding-bottom: 10px !important;padding-left: 20px !important;background-color: #ffffff !important;border-radius: 15px !important;}&#8221;]<\/p>\n<h4>\u2014<br \/>\n<strong>Her ay<\/strong><\/h4>\n<p style=\"padding-left: 40px;\"><span style=\"vertical-align: inherit;\"><span style=\"vertical-align: inherit;\">\u2022 Maske silikonu<br \/>\n<\/span><\/span><span style=\"vertical-align: inherit;\"><span style=\"vertical-align: inherit;\">\u2022 Hava filtresi<\/span><\/span><\/p>\n<p>[\/basel_info_box][basel_info_box btn_position=&#8221;static&#8221; css=&#8221;.vc_custom_1643546495857{margin-right: 5px !important;margin-left: 5px !important;padding-top: 10px !important;padding-right: 10px !important;padding-bottom: 10px !important;padding-left: 20px !important;background-color: #ffffff !important;border-radius: 15px !important;}&#8221;]<\/p>\n<h4>\u2014<br \/>\n<strong>Her 3 ay<\/strong><\/h4>\n<p style=\"padding-left: 40px;\"><span style=\"vertical-align: inherit;\"><span style=\"vertical-align: inherit;\">\u2022 Maske \u00e7er\u00e7evesi<br \/>\n<\/span><\/span><span style=\"vertical-align: inherit;\"><span style=\"vertical-align: inherit;\">\u2022 Hortum<\/span><\/span><\/p>\n<p>[\/basel_info_box][basel_info_box btn_position=&#8221;static&#8221; css=&#8221;.vc_custom_1643546459707{margin-right: 5px !important;margin-left: 5px !important;padding-top: 10px !important;padding-right: 10px !important;padding-bottom: 10px !important;padding-left: 20px !important;background-color: #ffffff !important;border-radius: 15px !important;}&#8221;]<\/p>\n<h4>\u2014<br \/>\n<strong>6 ayda bir<\/strong><\/h4>\n<p style=\"padding-left: 40px;\"><span style=\"vertical-align: inherit;\"><span style=\"vertical-align: inherit;\">\u2022 Kafa Band\u0131<br \/>\n<\/span><\/span><span style=\"vertical-align: inherit;\"><span style=\"vertical-align: inherit;\">\u2022 Nemlendirici Su Kab\u0131<\/span><\/span><\/p>\n<p>[\/basel_info_box][\/basel_info_box_carousel][\/vc_column][vc_column width=&#8221;1\/12&#8243;][\/vc_column][\/vc_row][vc_row][vc_column width=&#8221;1\/12&#8243;][\/vc_column][vc_column width=&#8221;5\/6&#8243;]<div class=\"aio-icon-component    style_1\"><div id=\"Info-box-wrap-5674\" class=\"aio-icon-box top-icon\" style=\"\"  ><div class=\"aio-icon-top\"><div class=\"ult-just-icon-wrapper  \"><div class=\"align-icon\" style=\"text-align:center;\">\n<div class=\"aio-icon none \"  style=\"color:#0a0a0a;font-size:32px;display:inline-block;\">\n\t<i class=\"Defaults-star\"><\/i>\n<\/div><\/div><\/div><\/div><div class=\"aio-icon-header\" ><h2 class=\"aio-icon-title ult-responsive\"  data-ultimate-target='#Info-box-wrap-5674 .aio-icon-title'  data-responsive-json-new='{\"font-size\":\"\",\"line-height\":\"\"}'  style=\"color:#0a0a0a;\">CPAP sarf malzemelerinizi de\u011fi\u015ftirmek ve sipari\u015f etmek i\u00e7in yard\u0131ma m\u0131 ihtiyac\u0131n\u0131z var?<\/h2><\/div> <!-- header --><\/div> <!-- aio-icon-box --><\/div> <!-- aio-icon-component -->[vc_column_text]<\/p>\n<h4 style=\"text-align: center;\">Geni\u015f \u00fcr\u00fcn yelpazesiyle CPAP sarf malzemeleri ve yedek par\u00e7alar\u0131, CPAPMerkezi.com&#8217;dan online sat\u0131n al\u0131nabilirsiniz.<\/h4>\n<p>[\/vc_column_text][vc_btn title=&#8221;Yard\u0131m istiyorum&#8221; color=&#8221;violet&#8221; size=&#8221;lg&#8221; align=&#8221;center&#8221; i_align=&#8221;right&#8221; i_icon_fontawesome=&#8221;fas fa-angle-right&#8221; add_icon=&#8221;true&#8221; link=&#8221;url:https%3A%2F%2Fwa.me%2F902163245704%2F%3Ftext%3DMerhaba%2520Adnan%2520Bey%2C%2520yedek%2520par%C3%A7a%2520konusunda%2520yard%C4%B1m%2520istiyorum.|title:Yard%C4%B1m%20Al%C4%B1n|target:_blank&#8221;][\/vc_column][vc_column width=&#8221;1\/12&#8243;][\/vc_column][\/vc_row]<\/p>\n<\/div>","protected":false},"excerpt":{"rendered":"<p>[vc_row full_width=&#8221;stretch_row_content_no_spaces&#8221; content_placement=&#8221;middle&#8221; bg_type=&#8221;image&#8221; parallax_style=&#8221;vcpb-default&#8221; bg_image_new=&#8221;id^17797|url^https:\/\/www.cpapmerkezi.com\/wp-content\/uploads\/2022\/02\/cpap-maskesi-yedek-parcalari-gulumseyen-koltukta-cift-cpap-maskeli.jpg|caption^null|alt^CPAP Maskesi Yedek Par\u00e7alar\u0131 G\u00fcl\u00fcmseyen \u00c7ift Koltukta|title^cpap-maskesi-yedek-par\u00e7alari-gulumseyen-koltukta-cift-cpap-maskeli|description^null&#8221; bg_image_repeat=&#8221;no-repeat&#8221; bg_override=&#8221;browser_size&#8221; css=&#8221;.vc_custom_1643967430925{margin-top: -40px !important;}&#8221;][vc_column width=&#8221;1\/6&#8243;][\/vc_column][vc_column width=&#8221;4\/6&#8243;][vc_column_text] CPAP sarf malzemeleri ve CPAP Maskesi&#8230;<\/p>\n","protected":false},"author":1,"featured_media":17401,"parent":0,"menu_order":0,"comment_status":"closed","ping_status":"closed","template":"","meta":{"_relevanssi_hide_post":"","_relevanssi_pin_for_all":"","_relevanssi_pin_keywords":"","_relevanssi_unpin_keywords":"","_relevanssi_related_keywords":"","_relevanssi_related_include_ids":"","_relevanssi_related_exclude_ids":"","_relevanssi_related_no_append":"","_relevanssi_related_not_related":"","_relevanssi_related_posts":"","_relevanssi_noindex_reason":"","footnotes":""},"tags":[2377,2305,1824,1838,2378,1939],"class_list":["post-17796","page","type-page","status-publish","has-post-thumbnail","hentry","tag-covid-19-cpap","tag-covid-19","tag-cpap-1","tag-cpap-maske","tag-cpap-maske-temizligi","tag-temizlik"],"aioseo_notices":[],"jetpack_sharing_enabled":true,"_links":{"self":[{"href":"https:\/\/www.cpapmerkezi.com\/blog\/wp-json\/wp\/v2\/pages\/17796","targetHints":{"allow":["GET"]}}],"collection":[{"href":"https:\/\/www.cpapmerkezi.com\/blog\/wp-json\/wp\/v2\/pages"}],"about":[{"href":"https:\/\/www.cpapmerkezi.com\/blog\/wp-json\/wp\/v2\/types\/page"}],"author":[{"embeddable":true,"href":"https:\/\/www.cpapmerkezi.com\/blog\/wp-json\/wp\/v2\/users\/1"}],"replies":[{"embeddable":true,"href":"https:\/\/www.cpapmerkezi.com\/blog\/wp-json\/wp\/v2\/comments?post=17796"}],"version-history":[{"count":0,"href":"https:\/\/www.cpapmerkezi.com\/blog\/wp-json\/wp\/v2\/pages\/17796\/revisions"}],"wp:featuredmedia":[{"embeddable":true,"href":"https:\/\/www.cpapmerkezi.com\/blog\/wp-json\/"}],"wp:attachment":[{"href":"https:\/\/www.cpapmerkezi.com\/blog\/wp-json\/wp\/v2\/media?parent=17796"}],"wp:term":[{"taxonomy":"post_tag","embeddable":true,"href":"https:\/\/www.cpapmerkezi.com\/blog\/wp-json\/wp\/v2\/tags?post=17796"}],"curies":[{"name":"wp","href":"https:\/\/api.w.org\/{rel}","templated":true}]}}