{"id":17909,"date":"2022-02-06T00:08:10","date_gmt":"2022-02-05T21:08:10","guid":{"rendered":"https:\/\/www.cpapmerkezi.com\/cpap-sarf-malzemeleri-ve-cpap-maskesi-parcalarinin-degistirilmesi-copy"},"modified":"2022-02-06T00:08:10","modified_gmt":"2022-02-05T21:08:10","slug":"cpap-sarf-malzemelerimizi-ve-yedek-ipucu-sayfamizi-indirin","status":"publish","type":"page","link":"https:\/\/www.cpapmerkezi.com\/blog\/cpap-sarf-malzemelerimizi-ve-yedek-ipucu-sayfamizi-indirin","title":{"rendered":"CPAP sarf malzemelerimizi ve yedek ipucu sayfam\u0131z\u0131 indirin"},"content":{"rendered":"<div class=\"wpb-content-wrapper\"><p>[vc_row full_width=&#8221;stretch_row_content_no_spaces&#8221; content_placement=&#8221;middle&#8221; bg_type=&#8221;bg_color&#8221; bg_override=&#8221;full&#8221; css=&#8221;.vc_custom_1644096147922{margin-top: -40px !important;}&#8221; bg_color_value=&#8221;#1e73be&#8221;][vc_column width=&#8221;1\/6&#8243;][\/vc_column][vc_column width=&#8221;4\/6&#8243;][vc_column_text]<\/p>\n<h1 style=\"text-align: center;\"><span style=\"color: #ffffff; font-size: 60px;\"><strong>CPAP sarf malzemelerimizi ve yedek ipucu sayfam\u0131z\u0131 indirin<\/strong><\/span><\/h1>\n<p>[\/vc_column_text][\/vc_column][vc_column width=&#8221;1\/6&#8243;][\/vc_column][\/vc_row][vc_row bg_type=&#8221;image&#8221; parallax_style=&#8221;vcpb-default&#8221; bg_image_new=&#8221;id^17825|url^https:\/\/www.cpapmerkezi.com\/wp-content\/uploads\/2022\/02\/gri-nokta-bkg-v2.svg|caption^null|alt^null|title^gri-nokta-bkg-v2|description^null&#8221; bg_image_repeat=&#8221;no-repeat&#8221; bg_override=&#8221;browser_size&#8221; el_class=&#8221;olgu&#8221;][vc_column width=&#8221;1\/5&#8243;][\/vc_column][vc_column width=&#8221;3\/5&#8243; css=&#8221;.vc_custom_1644096462616{background-color: #ffffff !important;border-radius: 5px !important;}&#8221;]<div class=\"aio-icon-component    style_1\"><div id=\"Info-box-wrap-8381\" class=\"aio-icon-box top-icon\" style=\"\"  ><div class=\"aio-icon-top\"><div class=\"ult-just-icon-wrapper  \"><div class=\"align-icon\" style=\"text-align:center;\">\n<div class=\"aio-icon circle \"  style=\"color:#ffffff;background:#1e73be;font-size:52px;display:inline-block;\">\n\t<i class=\"Defaults-calendar\"><\/i>\n<\/div><\/div><\/div><\/div><div class=\"aio-icon-description ult-responsive\"  data-ultimate-target='#Info-box-wrap-8381 .aio-icon-description'  data-responsive-json-new='{\"font-size\":\"\",\"line-height\":\"\"}'  style=\"\"><\/p>\n<p style=\"text-align: center;\"><span style=\"font-size: 20px;\">Optimum CPAP tedavisi sonu\u00e7lar\u0131 i\u00e7in maske par\u00e7alar\u0131n\u0131z\u0131 ve aksesuarlar\u0131n\u0131z\u0131 d\u00fczenli olarak de\u011fi\u015ftirmenizi \u00f6neririz.<\/span><\/p>\n<p style=\"text-align: center;\"><span style=\"font-size: 20px;\">Unutmay\u0131n: CPAP maskeleri par\u00e7alar\u0131 ve malzemeleri sigorta kapsam\u0131nda olabilir.\u00a0Bu ipucu sayfas\u0131, \u00f6nerilen de\u011fi\u015ftirme program\u0131n\u0131 \u00f6zetlemektedir.\u00a0<\/span><\/p>\n<p><\/div> <!-- description --><\/div> <!-- aio-icon-box --><\/div> <!-- aio-icon-component -->[\/vc_column][vc_column width=&#8221;1\/5&#8243;][\/vc_column][\/vc_row][vc_row bg_type=&#8221;image&#8221; parallax_style=&#8221;vcpb-default&#8221; bg_image_new=&#8221;id^17384|url^https:\/\/www.cpapmerkezi.com\/wp-content\/uploads\/2022\/01\/circles-bkg-v2.svg|caption^null|alt^null|title^circles-bkg-v2|description^null&#8221; bg_image_repeat=&#8221;no-repeat&#8221; bg_override=&#8221;browser_size&#8221; el_class=&#8221;form&#8221;][vc_column width=&#8221;1\/4&#8243;][\/vc_column][vc_column width=&#8221;1\/2&#8243; css=&#8221;.vc_custom_1644141166576{background-color: #ffffff !important;border-radius: 5px !important;}&#8221;][vc_column_text][weforms id=&#8221;17902&#8243;][\/vc_column_text][\/vc_column][vc_column width=&#8221;1\/4&#8243;][\/vc_column][\/vc_row][vc_row][vc_column][\/vc_column][\/vc_row][vc_row el_id=&#8221;gorunmez&#8221;][vc_column width=&#8221;1\/4&#8243;][\/vc_column][vc_column width=&#8221;1\/2&#8243;][vc_column_text]<\/p>\n<p>I am text block. Click edit button to change this text. Lorem ipsum dolor sit amet, consectetur adipiscing elit. Ut elit tellus, luctus nec ullamcorper mattis, pulvinar dapibus leo.<\/p>\n<p>[\/vc_column_text][\/vc_column][vc_column width=&#8221;1\/4&#8243;][\/vc_column][\/vc_row]<\/p>\n<\/div>","protected":false},"excerpt":{"rendered":"<p>[vc_row full_width=&#8221;stretch_row_content_no_spaces&#8221; content_placement=&#8221;middle&#8221; bg_type=&#8221;bg_color&#8221; bg_override=&#8221;full&#8221; css=&#8221;.vc_custom_1644096147922{margin-top: -40px !important;}&#8221; bg_color_value=&#8221;#1e73be&#8221;][vc_column width=&#8221;1\/6&#8243;][\/vc_column][vc_column width=&#8221;4\/6&#8243;][vc_column_text] CPAP sarf malzemelerimizi ve yedek ipucu sayfam\u0131z\u0131 indirin [\/vc_column_text][\/vc_column][vc_column width=&#8221;1\/6&#8243;][\/vc_column][\/vc_row][vc_row bg_type=&#8221;image&#8221; parallax_style=&#8221;vcpb-default&#8221; bg_image_new=&#8221;id^17825|url^https:\/\/www.cpapmerkezi.com\/wp-content\/uploads\/2022\/02\/gri-nokta-bkg-v2.svg|caption^null|alt^null|title^gri-nokta-bkg-v2|description^null&#8221; bg_image_repeat=&#8221;no-repeat&#8221;&#8230;<\/p>\n","protected":false},"author":1,"featured_media":17401,"parent":0,"menu_order":0,"comment_status":"closed","ping_status":"closed","template":"","meta":{"_relevanssi_hide_post":"","_relevanssi_pin_for_all":"","_relevanssi_pin_keywords":"","_relevanssi_unpin_keywords":"","_relevanssi_related_keywords":"","_relevanssi_related_include_ids":"","_relevanssi_related_exclude_ids":"","_relevanssi_related_no_append":"","_relevanssi_related_not_related":"","_relevanssi_related_posts":"","_relevanssi_noindex_reason":"","footnotes":""},"tags":[2377,2305,1824,1838,2378,1939],"class_list":["post-17909","page","type-page","status-publish","has-post-thumbnail","hentry","tag-covid-19-cpap","tag-covid-19","tag-cpap-1","tag-cpap-maske","tag-cpap-maske-temizligi","tag-temizlik"],"aioseo_notices":[],"jetpack_sharing_enabled":true,"_links":{"self":[{"href":"https:\/\/www.cpapmerkezi.com\/blog\/wp-json\/wp\/v2\/pages\/17909","targetHints":{"allow":["GET"]}}],"collection":[{"href":"https:\/\/www.cpapmerkezi.com\/blog\/wp-json\/wp\/v2\/pages"}],"about":[{"href":"https:\/\/www.cpapmerkezi.com\/blog\/wp-json\/wp\/v2\/types\/page"}],"author":[{"embeddable":true,"href":"https:\/\/www.cpapmerkezi.com\/blog\/wp-json\/wp\/v2\/users\/1"}],"replies":[{"embeddable":true,"href":"https:\/\/www.cpapmerkezi.com\/blog\/wp-json\/wp\/v2\/comments?post=17909"}],"version-history":[{"count":0,"href":"https:\/\/www.cpapmerkezi.com\/blog\/wp-json\/wp\/v2\/pages\/17909\/revisions"}],"wp:featuredmedia":[{"embeddable":true,"href":"https:\/\/www.cpapmerkezi.com\/blog\/wp-json\/"}],"wp:attachment":[{"href":"https:\/\/www.cpapmerkezi.com\/blog\/wp-json\/wp\/v2\/media?parent=17909"}],"wp:term":[{"taxonomy":"post_tag","embeddable":true,"href":"https:\/\/www.cpapmerkezi.com\/blog\/wp-json\/wp\/v2\/tags?post=17909"}],"curies":[{"name":"wp","href":"https:\/\/api.w.org\/{rel}","templated":true}]}}