{"id":18784,"date":"2014-01-05T09:34:41","date_gmt":"2014-01-05T09:34:41","guid":{"rendered":"http:\/\/dev.lpd-themes.com\/123medicine\/?page_id=337"},"modified":"2014-01-05T09:34:41","modified_gmt":"2014-01-05T09:34:41","slug":"simdi-arayin-yardim-icin-haziriz","status":"publish","type":"page","link":"https:\/\/www.cpapmerkezi.com\/blog\/simdi-arayin-yardim-icin-haziriz","title":{"rendered":"\u015eimdi Aray\u0131n \u2013 Yard\u0131m i\u00e7in Haz\u0131r\u0131z!"},"content":{"rendered":"<div class=\"wpb-content-wrapper\"><p>[vc_row][vc_column width=&#8221;1\/4&#8243;][vc_empty_space height=&#8221;10px&#8221;][vc_single_image image=&#8221;3819&#8243; img_size=&#8221;full&#8221; alignment=&#8221;center&#8221; style=&#8221;vc_box_shadow_circle&#8221;][vc_column_text]<\/p>\n<p style=\"text-align: center;\"><span style=\"font-size: 14pt; color: #000000;\">Adnan<\/span><\/p>\n<p style=\"text-align: center;\"><span style=\"color: #000000;\">Uyku Teknisyeni, Giri\u015fimci, Biyolog, C S\u0131n\u0131f\u0131 \u0130SG Uzman\u0131<\/span><\/p>\n<p style=\"text-align: justify;\">H\u0131zl\u0131 bir \u015fekilde ihtiyac\u0131n\u0131z olan yard\u0131m\u0131 al\u0131n!<\/p>\n<p>Canl\u0131 bir CPAP uzman\u0131yla sohbet etmek i\u00e7in ekran\u0131n\u0131z\u0131n sa\u011f alt k\u00f6\u015fesindeki sohbet kutusunu t\u0131klaman\u0131z yeterlidir.[\/vc_column_text][vc_column_text]<\/p>\n<p style=\"text-align: center;\"><span style=\"color: #000000; font-size: 14pt;\">\u00a0<a title=\"\u015eimdi Aray\u0131n - Yard\u0131m i\u00e7in Haz\u0131r\u0131m!\" href=\"tel:05064502317\"><i class=\"fa fa-phone-square\" aria-hidden=\"true\"><\/i>+905064502317<\/a><\/span><\/p>\n<p style=\"text-align: center;\"><a href=\"http:\/\/bit.ly\/2E3z3Vx\"><img data-recalc-dims=\"1\" decoding=\"async\" class=\"aligncenter size-thumbnail wp-image-3965\" src=\"https:\/\/i0.wp.com\/www.cpapmerkezi.com\/wp-content\/uploads\/whatsapp-150x150.png?resize=50%2C50&#038;ssl=1\" alt=\"\" width=\"50\" height=\"50\" \/> Whatsapp&#8217;tan Sor!<\/a><\/p>\n<p>[\/vc_column_text][\/vc_column][vc_column width=&#8221;3\/4&#8243;][vc_row_inner][vc_column_inner][vc_column_text]<\/p>\n<p style=\"text-align: justify;\"><span style=\"font-size: 14pt; color: #000000;\"><strong>CPAP<\/strong> (S\u00fcrekli Pozitif Havayolu Bas\u0131nc\u0131) cihazlar\u0131, uyku apne ve solunum hastal\u0131klar\u0131yla ilgili bilgiler mi ar\u0131yorsunuz? <strong>Obstr\u00fcktif Uyku Apnesi<\/strong> (OSA) tedavisinde size yard\u0131mc\u0131 olmak i\u00e7in en iyi CPAP markalar\u0131 ve bilgi notlar\u0131 uygun fiyatlarla size sunuyoruz. <\/span><\/p>\n<p style=\"text-align: justify;\"><span style=\"font-size: 14pt; color: #000000;\">CPAP Cihazlar\u0131, CPAP Maskeleri ve Sarf Malzemeleri hakk\u0131ndaki kullan\u0131c\u0131 ve uzman yorumlar\u0131 i\u00e7in <a title=\"blogumuza u\u011fray\u0131n.\" href=\"https:\/\/www.cpapmerkezi.com\/blog\">blogumuza u\u011fray\u0131n.<\/a><\/span><\/p>\n<p>&nbsp;<\/p>\n<p>&nbsp;<\/p>\n<p>&nbsp;<\/p>\n<p>[\/vc_column_text][vc_column_text]<span style=\"font-size: 20px;\">GSM: <a href=\"tel:+905064502317\">+90 506 450 23 17<\/a><\/span><\/p>\n<p><span style=\"font-size: 20px;\">Tel: <a href=\"tel:+902163245704\">+90 216 324 57 04<\/a><\/span><\/p>\n<p><span style=\"font-size: 20px;\">Mail: <a href=\"mailto:destek@cpapmerkezi.com\">destek@cpapmerkezi.com<\/a><\/span>[\/vc_column_text][vc_column_text]<span style=\"text-decoration: underline; font-size: 24px;\"><strong>ADRES\u0130M\u0130Z\u00a0<\/strong><\/span><\/p>\n<p><span style=\"font-size: 16px;\"><strong>Ata\u015fehir Bulvar\u0131 No:18 Ata \u00c7ar\u015f\u0131 4-4 \u0130\u00e7 Kap\u0131 No:13 Ata\u015fehir\/\u0130stanbul\u00a0<\/strong><\/span><\/p>\n<p><iframe style=\"border: 0;\" src=\"https:\/\/www.google.com\/maps\/embed?pb=!1m18!1m12!1m3!1d96447.79204450679!2d29.08940782104545!3d40.93780962012047!2m3!1f0!2f0!3f0!3m2!1i1024!2i768!4f13.1!3m3!1m2!1s0x14cac9cd119fb57f%3A0x93a985acc3a76bbf!2sCPAP%20Merkezi%20-%20ResMed%20%2F%20Philips%20Respironics%20%2F%20Respirox%20%2F%20Fisher%26Paykel!5e0!3m2!1str!2str!4v1647716967159!5m2!1str!2str\" width=\"600\" height=\"450\" allowfullscreen=\"allowfullscreen\"><\/iframe>[\/vc_column_text][\/vc_column_inner][\/vc_row_inner][\/vc_column][\/vc_row][vc_row][vc_column][vc_empty_space][vc_row_inner][vc_column_inner width=&#8221;1\/3&#8243;][\/vc_column_inner][vc_column_inner width=&#8221;1\/3&#8243;][vc_custom_heading text=&#8221;\u0130LET\u0130\u015e\u0130M FORMU&#8221; font_container=&#8221;tag:h2|text_align:center&#8221;][\/vc_column_inner][vc_column_inner width=&#8221;1\/3&#8243;][\/vc_column_inner][\/vc_row_inner]<p class=\"wpcf7-contact-form-not-found\"><strong>Hata:<\/strong> \u0130leti\u015fim formu bulunamad\u0131.<\/p>[vc_empty_space][\/vc_column][\/vc_row]<\/p>\n<\/div>","protected":false},"excerpt":{"rendered":"<p>[vc_row][vc_column width=&#8221;1\/4&#8243;][vc_empty_space height=&#8221;10px&#8221;][vc_single_image image=&#8221;3819&#8243; img_size=&#8221;full&#8221; alignment=&#8221;center&#8221; style=&#8221;vc_box_shadow_circle&#8221;][vc_column_text] Adnan Uyku Teknisyeni, Giri\u015fimci, Biyolog, C S\u0131n\u0131f\u0131 \u0130SG Uzman\u0131 H\u0131zl\u0131 bir \u015fekilde ihtiyac\u0131n\u0131z olan yard\u0131m\u0131 al\u0131n! Canl\u0131 bir&#8230;<\/p>\n","protected":false},"author":1,"featured_media":0,"parent":0,"menu_order":0,"comment_status":"closed","ping_status":"closed","template":"","meta":{"_relevanssi_hide_post":"","_relevanssi_pin_for_all":"","_relevanssi_pin_keywords":"","_relevanssi_unpin_keywords":"","_relevanssi_related_keywords":"","_relevanssi_related_include_ids":"","_relevanssi_related_exclude_ids":"","_relevanssi_related_no_append":"","_relevanssi_related_not_related":"","_relevanssi_related_posts":"","_relevanssi_noindex_reason":"","footnotes":""},"tags":[1824,2343,1831,1838,1840,1862,2190,2344,2345,1844,2346,1845],"class_list":["post-18784","page","type-page","status-publish","hentry","tag-cpap-1","tag-cpap-cihaz","tag-cpap-cihazi","tag-cpap-maske","tag-cpap-maskesi","tag-devilbiss","tag-fisher-paykel","tag-philips-respironics-turkiye","tag-puritan-benet","tag-resmed_","tag-resmed-turkiye","tag-respironics"],"aioseo_notices":[],"jetpack_sharing_enabled":true,"_links":{"self":[{"href":"https:\/\/www.cpapmerkezi.com\/blog\/wp-json\/wp\/v2\/pages\/18784","targetHints":{"allow":["GET"]}}],"collection":[{"href":"https:\/\/www.cpapmerkezi.com\/blog\/wp-json\/wp\/v2\/pages"}],"about":[{"href":"https:\/\/www.cpapmerkezi.com\/blog\/wp-json\/wp\/v2\/types\/page"}],"author":[{"embeddable":true,"href":"https:\/\/www.cpapmerkezi.com\/blog\/wp-json\/wp\/v2\/users\/1"}],"replies":[{"embeddable":true,"href":"https:\/\/www.cpapmerkezi.com\/blog\/wp-json\/wp\/v2\/comments?post=18784"}],"version-history":[{"count":0,"href":"https:\/\/www.cpapmerkezi.com\/blog\/wp-json\/wp\/v2\/pages\/18784\/revisions"}],"wp:attachment":[{"href":"https:\/\/www.cpapmerkezi.com\/blog\/wp-json\/wp\/v2\/media?parent=18784"}],"wp:term":[{"taxonomy":"post_tag","embeddable":true,"href":"https:\/\/www.cpapmerkezi.com\/blog\/wp-json\/wp\/v2\/tags?post=18784"}],"curies":[{"name":"wp","href":"https:\/\/api.w.org\/{rel}","templated":true}]}}