{"id":21053,"date":"2023-11-05T14:02:40","date_gmt":"2023-11-05T11:02:40","guid":{"rendered":"https:\/\/www.cpapmerkezi.com\/blog\/?page_id=21053"},"modified":"2023-11-05T14:02:40","modified_gmt":"2023-11-05T11:02:40","slug":"uyku-apnesi","status":"publish","type":"page","link":"https:\/\/www.cpapmerkezi.com\/blog\/uyku-apnesi","title":{"rendered":"Uyku Apnesi"},"content":{"rendered":"<h1>Daha iyi uyku&#8230;<\/h1>\n<h1>Daha iyi nefes&#8230;<\/h1>\n<h1>Daha iyi ya\u015fam&#8230;<\/h1>\n<section>\n<h5>Uyku Apnesi Nedir?<\/h5>\n<\/section>\n<p>Uyku apnesi, bo\u011fazdaki kaslar\u0131n \u00e7\u00f6kme noktas\u0131na kadar gev\u015fedi\u011fi ve hava ak\u0131\u015f\u0131n\u0131 k\u0131s\u0131tlad\u0131\u011f\u0131 bir hastal\u0131kt\u0131r.\u00a0Bu, nefes alman\u0131n s\u0131\u011fla\u015fmas\u0131na ve hatta saniyede veya dakikalarca durmas\u0131na neden olarak v\u00fccudu ve beyni oksijeni yok eder.\u00a0Derin uyku eksikli\u011fi ciddi yorgunlu\u011fa neden olabilir ve ciddi sa\u011fl\u0131k problemleri riskini art\u0131rabilir.\u00a0Uyku apnesi olan \u00e7o\u011fu insan, uyku apnesine sahip olduklar\u0131n\u0131n fark\u0131nda de\u011fildir.<\/p>\n<p><a><br \/>\ndaha fazla bilgi edinin<br \/>\n<\/a><\/p>\n<section>\n<h2>Biliyor musunuz?<\/h2>\n<\/section>\n<p style=\"text-align: left;\">Uyku apnesi d\u00fcnya \u00e7ap\u0131nda<strong> 936 milyondan<\/strong> fazla insan\u0131 etkilemektedir.<\/p>\n<section>\n<h5>Uyku Apnesi Nedir?<\/h5>\n<\/section>\n<p>Uyku apnesi, bo\u011fazdaki kaslar\u0131n \u00e7\u00f6kme noktas\u0131na kadar gev\u015fedi\u011fi ve hava ak\u0131\u015f\u0131n\u0131 k\u0131s\u0131tlad\u0131\u011f\u0131 bir hastal\u0131kt\u0131r.\u00a0Bu, nefes alman\u0131n s\u0131\u011fla\u015fmas\u0131na ve hatta saniyede veya dakikalarca durmas\u0131na neden olarak v\u00fccudu ve beyni oksijeni yok eder.\u00a0Derin uyku eksikli\u011fi ciddi yorgunlu\u011fa neden olabilir ve ciddi sa\u011fl\u0131k problemleri riskini art\u0131rabilir.\u00a0Uyku apnesi olan \u00e7o\u011fu insan, uyku apnesine sahip olduklar\u0131n\u0131n fark\u0131nda de\u011fildir.<\/p>\n<p><a><br \/>\ndaha fazla bilgi edinin<br \/>\n<\/a><\/p>\n<section>\n<h2>Biliyor musunuz?<\/h2>\n<\/section>\n<p style=\"text-align: left;\">Uyku apnesi d\u00fcnya \u00e7ap\u0131nda<strong> 936 milyondan<\/strong> fazla insan\u0131 etkilemektedir.<\/p>\n<section>\n<h1>Online Uyku Testi<\/h1>\n<p>&nbsp;<\/p>\n<p>Uyku apnesi her 3 ki\u015fiden 1&#8217;ini etkiler.<br \/>\nSiz onlardan biri misiniz?<\/p>\n<p>&nbsp;<\/p>\n<p>\u00dccretsiz uyku de\u011ferlendirmesi <strong>5<\/strong> dakikadan daha k\u0131sa s\u00fcrede \u00f6\u011frenin<\/p>\n<\/section>\n<p><a href=\"https:\/\/uykutesti.biomedtr.com\" target=\"_self\" rel=\"noopener noreferrer\">\u015eimdi ba\u015fla<\/a><\/p>\n<section><a href=\"https:\/\/uykutesti.biomedtr.com\" target=\"_self\" rel=\"noopener noreferrer\" data-elementor-open-lightbox=\"no\" data-original-width=\"1080\" data-original-height=\"1080\" data-caption=\"uyku-testi\"><br \/>\n<img fetchpriority=\"high\" decoding=\"async\" src=\"data:image\/gif;base64,R0lGODlhAQABAIAAAAAAAP\/\/\/yH5BAEAAAAALAAAAAABAAEAAAIBRAA7\" sizes=\"auto\" alt=\"uyku-testi\" width=\"780\" height=\"650\" data-ratio=\"1.2\" data-original-w=\"1080\" data-srcset=\"https:\/\/www.biomedtr.com\/wp-content\/uploads\/2020\/07\/uyku-testi-150x125.png 150w,https:\/\/www.biomedtr.com\/wp-content\/uploads\/2020\/07\/uyku-testi-300x250.png 300w,https:\/\/www.biomedtr.com\/wp-content\/uploads\/2020\/07\/uyku-testi-768x640.png 768w,https:\/\/www.biomedtr.com\/wp-content\/uploads\/2020\/07\/uyku-testi-1024x853.png 1024w,https:\/\/www.biomedtr.com\/wp-content\/uploads\/2020\/07\/uyku-testi-780x650.png 780w\" data-src=\"https:\/\/www.biomedtr.com\/wp-content\/uploads\/2020\/07\/uyku-testi-780x650.png\" \/><br \/>\n<\/a><\/section>\n<p><!-- widget-container --><\/p>\n<section>\n<h4>Neden Horlar\u0131z?<\/h4>\n<p style=\"text-align: left;\">Horlamaya neyin sebep oldu\u011funu \u00f6\u011frenin ve uyku apnesiyle nas\u0131l ili\u015fkili olabilece\u011fini \u00f6\u011frenin.<\/p>\n<p><button>Bilgi edinin<\/button><\/p>\n<\/section>\n<p><!-- widget-container --><\/p>\n<section>\n<h4>Risk alt\u0131nda m\u0131s\u0131n\u0131z?<\/h4>\n<p style=\"text-align: left;\">Uyku apnesi riski alt\u0131nda olup olmad\u0131\u011f\u0131n\u0131z\u0131 \u00f6\u011frenmek i\u00e7in h\u0131zl\u0131 bir online de\u011ferlendirme yap\u0131n.<\/p>\n<p><button>Hemen ba\u015fla<\/button><\/p>\n<\/section>\n<p><!-- widget-container --><\/p>\n<section>\n<h4>Tedaviye bak\u0131\u015f<\/h4>\n<p style=\"text-align: left;\">Bu yolculukta sizi neler bekliyor \u00f6\u011frenin: test, tan\u0131, ekipman ve tedavi a\u015famalar\u0131.<\/p>\n<p><button>\u00d6\u011frenin<\/button><\/p>\n<\/section>\n<p><!-- widget-container --><\/p>\n<section>\n<h4>CPAP Maskesi Se\u00e7imi<\/h4>\n<p style=\"text-align: left;\">Geni\u015f maske se\u00e7eneklerimize g\u00f6z at\u0131n ve hangisinin sizin i\u00e7in en iyi olabilece\u011fini bulun.<\/p>\n<p><button>Hemen se\u00e7in<\/button><\/p>\n<\/section>\n<p><!-- widget-container --><\/p>\n<section>\n<h1>Kategoriye g\u00f6re se\u00e7im yap\u0131n<\/h1>\n<\/section>\n<section>\n<h4>CPAP Maskesi<\/h4>\n<p style=\"text-align: center;\">M\u00fckemmel uyumunuzu bulun ve ka\u00e7\u0131rd\u0131\u011f\u0131n\u0131z harika uykuyu al\u0131n.<\/p>\n<p><button>inceleyin<\/button><\/p>\n<\/section>\n<p><!-- widget-container --><\/p>\n<section>\n<h4>CPAP Cihaz\u0131<\/h4>\n<p style=\"text-align: center;\">Mekanik ventilat\u00f6r\u00fcn faydas\u0131 ve oksijen tedavisinden fark\u0131 hakk\u0131nda bilgi edinin.<\/p>\n<p><button>inceleyin<\/button><\/p>\n<\/section>\n<p><!-- widget-container --><\/p>\n<section>\n<h4>mini<br \/>\nCPAP Cihaz\u0131<\/h4>\n<p style=\"text-align: center;\">Aktif ya\u015fam tarz\u0131n\u0131za uygun sizi yar\u0131 yolda b\u0131rakmadan her zaman yan\u0131n\u0131zda.<\/p>\n<p><button>inceleyin<\/button><\/p>\n<\/section>\n<p><!-- widget-container --><\/p>\n","protected":false},"excerpt":{"rendered":"<p>Daha iyi uyku&#8230; Daha iyi nefes&#8230; Daha iyi ya\u015fam&#8230; Uyku Apnesi Nedir? Uyku apnesi, bo\u011fazdaki kaslar\u0131n \u00e7\u00f6kme noktas\u0131na kadar gev\u015fedi\u011fi ve hava ak\u0131\u015f\u0131n\u0131 k\u0131s\u0131tlad\u0131\u011f\u0131 bir&#8230;<\/p>\n","protected":false},"author":1,"featured_media":0,"parent":0,"menu_order":0,"comment_status":"closed","ping_status":"closed","template":"","meta":{"_relevanssi_hide_post":"","_relevanssi_pin_for_all":"","_relevanssi_pin_keywords":"","_relevanssi_unpin_keywords":"","_relevanssi_related_keywords":"","_relevanssi_related_include_ids":"","_relevanssi_related_exclude_ids":"","_relevanssi_related_no_append":"","_relevanssi_related_not_related":"","_relevanssi_related_posts":"","_relevanssi_noindex_reason":"","footnotes":""},"tags":[],"class_list":["post-21053","page","type-page","status-publish","hentry"],"aioseo_notices":[],"jetpack_sharing_enabled":true,"_links":{"self":[{"href":"https:\/\/www.cpapmerkezi.com\/blog\/wp-json\/wp\/v2\/pages\/21053","targetHints":{"allow":["GET"]}}],"collection":[{"href":"https:\/\/www.cpapmerkezi.com\/blog\/wp-json\/wp\/v2\/pages"}],"about":[{"href":"https:\/\/www.cpapmerkezi.com\/blog\/wp-json\/wp\/v2\/types\/page"}],"author":[{"embeddable":true,"href":"https:\/\/www.cpapmerkezi.com\/blog\/wp-json\/wp\/v2\/users\/1"}],"replies":[{"embeddable":true,"href":"https:\/\/www.cpapmerkezi.com\/blog\/wp-json\/wp\/v2\/comments?post=21053"}],"version-history":[{"count":2,"href":"https:\/\/www.cpapmerkezi.com\/blog\/wp-json\/wp\/v2\/pages\/21053\/revisions"}],"predecessor-version":[{"id":21055,"href":"https:\/\/www.cpapmerkezi.com\/blog\/wp-json\/wp\/v2\/pages\/21053\/revisions\/21055"}],"wp:attachment":[{"href":"https:\/\/www.cpapmerkezi.com\/blog\/wp-json\/wp\/v2\/media?parent=21053"}],"wp:term":[{"taxonomy":"post_tag","embeddable":true,"href":"https:\/\/www.cpapmerkezi.com\/blog\/wp-json\/wp\/v2\/tags?post=21053"}],"curies":[{"name":"wp","href":"https:\/\/api.w.org\/{rel}","templated":true}]}}