{"id":4144,"date":"2020-12-11T19:46:08","date_gmt":"2020-12-11T16:46:08","guid":{"rendered":"https:\/\/www.cpapmerkezi.com\/questions"},"modified":"2022-09-14T16:25:44","modified_gmt":"2022-09-14T13:25:44","slug":"sss","status":"publish","type":"page","link":"https:\/\/www.cpapmerkezi.com\/blog\/sss","title":{"rendered":"S\u0131k\u00e7a Sorulan Sorular"},"content":{"rendered":"\t\t<div data-elementor-type=\"wp-page\" data-elementor-id=\"4144\" class=\"elementor elementor-4144\" data-elementor-post-type=\"page\">\n\t\t\t\t\t\t<section class=\"elementor-section elementor-top-section elementor-element elementor-element-09ec75b elementor-section-boxed elementor-section-height-default elementor-section-height-default\" data-id=\"09ec75b\" data-element_type=\"section\" data-e-type=\"section\">\n\t\t\t\t\t\t<div class=\"elementor-container elementor-column-gap-default\">\n\t\t\t\t\t<div class=\"elementor-column elementor-col-33 elementor-top-column elementor-element elementor-element-963f6e5\" data-id=\"963f6e5\" data-element_type=\"column\" data-e-type=\"column\" data-settings=\"{&quot;background_background&quot;:&quot;classic&quot;}\">\n\t\t\t<div class=\"elementor-widget-wrap elementor-element-populated\">\n\t\t\t\t\t\t<div class=\"elementor-element elementor-element-0eb4ded elementor-widget elementor-widget-etheme_icon_list\" data-id=\"0eb4ded\" data-element_type=\"widget\" data-e-type=\"widget\" data-widget_type=\"etheme_icon_list.default\">\n\t\t\t\t<div class=\"elementor-widget-container\">\n\t\t\t\t\t            <div class=\"etheme-icon-list\">\n                                        <div class=\"etheme-icon-list-item elementor-repeater-item-e77cc7d\">\n                                                                \n                                    <span class=\"etheme-icon-list-item-icon\">\n                                        <span class=\"etheme-icon-list-item-icon-inner\">\n                                        <img decoding=\"async\" width=\"108\" height=\"108\" src=\"https:\/\/i0.wp.com\/media.cpapmerkezi.com\/2022\/09\/cpapcihazi.png?fit=108%2C108&amp;ssl=1\" class=\"attachment-full size-full wp-image-19789\" alt=\"\" srcset=\"https:\/\/i0.wp.com\/media.cpapmerkezi.com\/2022\/09\/cpapcihazi.png?w=108&amp;ssl=1 108w, https:\/\/i0.wp.com\/media.cpapmerkezi.com\/2022\/09\/cpapcihazi.png?resize=3%2C4&amp;ssl=1 3w, https:\/\/i0.wp.com\/media.cpapmerkezi.com\/2022\/09\/cpapcihazi.png?resize=10%2C10&amp;ssl=1 10w, https:\/\/i0.wp.com\/media.cpapmerkezi.com\/2022\/09\/cpapcihazi.png?resize=100%2C100&amp;ssl=1 100w\" sizes=\"(max-width: 108px) 100vw, 108px\" \/>                                        <\/span>\n                                    <\/span>\n                                    \n                                                            \n                            <a class=\"etheme-icon-list-item-text\" href=\"https:\/\/www.cpapmerkezi.com\/sss\/cpap-cihazlari\">\n                                CPAP Cihaz\u0131                            <\/a>\n                                                    <\/div>\n                                            <div class=\"etheme-icon-list-item elementor-repeater-item-300dc26\">\n                                                                \n                                    <span class=\"etheme-icon-list-item-icon\">\n                                        <span class=\"etheme-icon-list-item-icon-inner\">\n                                        <img decoding=\"async\" width=\"108\" height=\"108\" src=\"https:\/\/i0.wp.com\/media.cpapmerkezi.com\/2022\/09\/maskeler.png?fit=108%2C108&amp;ssl=1\" class=\"attachment-full size-full wp-image-19790\" alt=\"\" srcset=\"https:\/\/i0.wp.com\/media.cpapmerkezi.com\/2022\/09\/maskeler.png?w=108&amp;ssl=1 108w, https:\/\/i0.wp.com\/media.cpapmerkezi.com\/2022\/09\/maskeler.png?resize=3%2C4&amp;ssl=1 3w, https:\/\/i0.wp.com\/media.cpapmerkezi.com\/2022\/09\/maskeler.png?resize=10%2C10&amp;ssl=1 10w, https:\/\/i0.wp.com\/media.cpapmerkezi.com\/2022\/09\/maskeler.png?resize=100%2C100&amp;ssl=1 100w\" sizes=\"(max-width: 108px) 100vw, 108px\" \/>                                        <\/span>\n                                    <\/span>\n                                    \n                                                            \n                            <a class=\"etheme-icon-list-item-text\" href=\"https:\/\/www.cpapmerkezi.com\/sss\/cpap-maskeleri\">\n                                CPAP Maskeleri                            <\/a>\n                                                    <\/div>\n                                            <div class=\"etheme-icon-list-item elementor-repeater-item-28be315\">\n                                                                \n                                    <span class=\"etheme-icon-list-item-icon\">\n                                        <span class=\"etheme-icon-list-item-icon-inner\">\n                                        <img decoding=\"async\" width=\"108\" height=\"108\" src=\"https:\/\/i0.wp.com\/media.cpapmerkezi.com\/2022\/09\/nem.png?fit=108%2C108&amp;ssl=1\" class=\"attachment-full size-full wp-image-19791\" alt=\"\" srcset=\"https:\/\/i0.wp.com\/media.cpapmerkezi.com\/2022\/09\/nem.png?w=108&amp;ssl=1 108w, https:\/\/i0.wp.com\/media.cpapmerkezi.com\/2022\/09\/nem.png?resize=3%2C4&amp;ssl=1 3w, https:\/\/i0.wp.com\/media.cpapmerkezi.com\/2022\/09\/nem.png?resize=10%2C10&amp;ssl=1 10w, https:\/\/i0.wp.com\/media.cpapmerkezi.com\/2022\/09\/nem.png?resize=100%2C100&amp;ssl=1 100w\" sizes=\"(max-width: 108px) 100vw, 108px\" \/>                                        <\/span>\n                                    <\/span>\n                                    \n                                                            \n                            <a class=\"etheme-icon-list-item-text\" href=\"https:\/\/www.cpapmerkezi.com\/sss\/cpap-maskeleri\">\n                                CPAP Nemlendiricileri                            <\/a>\n                                                    <\/div>\n                                            <div class=\"etheme-icon-list-item elementor-repeater-item-81dde0c\">\n                                                                \n                                    <span class=\"etheme-icon-list-item-icon\">\n                                        <span class=\"etheme-icon-list-item-icon-inner\">\n                                        <img loading=\"lazy\" decoding=\"async\" width=\"108\" height=\"108\" src=\"https:\/\/i0.wp.com\/media.cpapmerkezi.com\/2022\/09\/konfor.png?fit=108%2C108&amp;ssl=1\" class=\"attachment-full size-full wp-image-19792\" alt=\"\" srcset=\"https:\/\/i0.wp.com\/media.cpapmerkezi.com\/2022\/09\/konfor.png?w=108&amp;ssl=1 108w, https:\/\/i0.wp.com\/media.cpapmerkezi.com\/2022\/09\/konfor.png?resize=3%2C4&amp;ssl=1 3w, https:\/\/i0.wp.com\/media.cpapmerkezi.com\/2022\/09\/konfor.png?resize=10%2C10&amp;ssl=1 10w, https:\/\/i0.wp.com\/media.cpapmerkezi.com\/2022\/09\/konfor.png?resize=100%2C100&amp;ssl=1 100w\" sizes=\"(max-width: 108px) 100vw, 108px\" \/>                                        <\/span>\n                                    <\/span>\n                                    \n                                                            \n                            <a class=\"etheme-icon-list-item-text\" href=\"https:\/\/www.cpapmerkezi.com\/sss\/konfor-temizlik\">\n                                Konfor&Temizlik                            <\/a>\n                                                    <\/div>\n                                <\/div>\n        \n        \t\t\t\t<\/div>\n\t\t\t\t<\/div>\n\t\t\t\t\t<\/div>\n\t\t<\/div>\n\t\t\t\t<div class=\"elementor-column elementor-col-33 elementor-top-column elementor-element elementor-element-69e8534\" data-id=\"69e8534\" data-element_type=\"column\" data-e-type=\"column\" data-settings=\"{&quot;background_background&quot;:&quot;classic&quot;}\">\n\t\t\t<div class=\"elementor-widget-wrap elementor-element-populated\">\n\t\t\t\t\t\t<div class=\"elementor-element elementor-element-ad053a5 elementor-widget elementor-widget-etheme_icon_list\" data-id=\"ad053a5\" data-element_type=\"widget\" data-e-type=\"widget\" data-widget_type=\"etheme_icon_list.default\">\n\t\t\t\t<div class=\"elementor-widget-container\">\n\t\t\t\t\t            <div class=\"etheme-icon-list\">\n                                        <div class=\"etheme-icon-list-item elementor-repeater-item-e77cc7d\">\n                                                                \n                                    <span class=\"etheme-icon-list-item-icon\">\n                                        <span class=\"etheme-icon-list-item-icon-inner\">\n                                        <img loading=\"lazy\" decoding=\"async\" width=\"108\" height=\"108\" src=\"https:\/\/i0.wp.com\/media.cpapmerkezi.com\/2022\/09\/apne.png?fit=108%2C108&amp;ssl=1\" class=\"attachment-full size-full wp-image-19793\" alt=\"\" srcset=\"https:\/\/i0.wp.com\/media.cpapmerkezi.com\/2022\/09\/apne.png?w=108&amp;ssl=1 108w, https:\/\/i0.wp.com\/media.cpapmerkezi.com\/2022\/09\/apne.png?resize=3%2C4&amp;ssl=1 3w, https:\/\/i0.wp.com\/media.cpapmerkezi.com\/2022\/09\/apne.png?resize=10%2C10&amp;ssl=1 10w, https:\/\/i0.wp.com\/media.cpapmerkezi.com\/2022\/09\/apne.png?resize=100%2C100&amp;ssl=1 100w\" sizes=\"(max-width: 108px) 100vw, 108px\" \/>                                        <\/span>\n                                    <\/span>\n                                    \n                                                            \n                            <a class=\"etheme-icon-list-item-text\" href=\"https:\/\/www.cpapmerkezi.com\/sss\/uyku-apne-101\">\n                                Uyku Apne 101                            <\/a>\n                                                    <\/div>\n                                            <div class=\"etheme-icon-list-item elementor-repeater-item-300dc26\">\n                                                                \n                                    <span class=\"etheme-icon-list-item-icon\">\n                                        <span class=\"etheme-icon-list-item-icon-inner\">\n                                        <img loading=\"lazy\" decoding=\"async\" width=\"108\" height=\"108\" src=\"https:\/\/i0.wp.com\/media.cpapmerkezi.com\/2022\/09\/yeni-kullanici.png?fit=108%2C108&amp;ssl=1\" class=\"attachment-full size-full wp-image-19800\" alt=\"\" srcset=\"https:\/\/i0.wp.com\/media.cpapmerkezi.com\/2022\/09\/yeni-kullanici.png?w=108&amp;ssl=1 108w, https:\/\/i0.wp.com\/media.cpapmerkezi.com\/2022\/09\/yeni-kullanici.png?resize=3%2C4&amp;ssl=1 3w, https:\/\/i0.wp.com\/media.cpapmerkezi.com\/2022\/09\/yeni-kullanici.png?resize=10%2C10&amp;ssl=1 10w, https:\/\/i0.wp.com\/media.cpapmerkezi.com\/2022\/09\/yeni-kullanici.png?resize=100%2C100&amp;ssl=1 100w\" sizes=\"(max-width: 108px) 100vw, 108px\" \/>                                        <\/span>\n                                    <\/span>\n                                    \n                                                            \n                            <a class=\"etheme-icon-list-item-text\" href=\"https:\/\/www.cpapmerkezi.com\/sss\/yeni-kullanici-temelleri\">\n                                Yeni Kullan\u0131c\u0131lar                            <\/a>\n                                                    <\/div>\n                                            <div class=\"etheme-icon-list-item elementor-repeater-item-28be315\">\n                                                                \n                                    <span class=\"etheme-icon-list-item-icon\">\n                                        <span class=\"etheme-icon-list-item-icon-inner\">\n                                        <img loading=\"lazy\" decoding=\"async\" width=\"108\" height=\"108\" src=\"https:\/\/i0.wp.com\/media.cpapmerkezi.com\/2022\/09\/cpap-yan-etkileri.png?fit=108%2C108&amp;ssl=1\" class=\"attachment-full size-full wp-image-19799\" alt=\"\" srcset=\"https:\/\/i0.wp.com\/media.cpapmerkezi.com\/2022\/09\/cpap-yan-etkileri.png?w=108&amp;ssl=1 108w, https:\/\/i0.wp.com\/media.cpapmerkezi.com\/2022\/09\/cpap-yan-etkileri.png?resize=3%2C4&amp;ssl=1 3w, https:\/\/i0.wp.com\/media.cpapmerkezi.com\/2022\/09\/cpap-yan-etkileri.png?resize=10%2C10&amp;ssl=1 10w, https:\/\/i0.wp.com\/media.cpapmerkezi.com\/2022\/09\/cpap-yan-etkileri.png?resize=100%2C100&amp;ssl=1 100w\" sizes=\"(max-width: 108px) 100vw, 108px\" \/>                                        <\/span>\n                                    <\/span>\n                                    \n                                                            \n                            <a class=\"etheme-icon-list-item-text\" href=\"https:\/\/www.cpapmerkezi.com\/sss\/cpap-cihazi-yan-etkileri\">\n                                CPAP Yan Etkileri                            <\/a>\n                                                    <\/div>\n                                            <div class=\"etheme-icon-list-item elementor-repeater-item-81dde0c\">\n                                                                \n                                    <span class=\"etheme-icon-list-item-icon\">\n                                        <span class=\"etheme-icon-list-item-icon-inner\">\n                                        <img loading=\"lazy\" decoding=\"async\" width=\"108\" height=\"108\" src=\"https:\/\/i0.wp.com\/media.cpapmerkezi.com\/2022\/09\/tanimlar.png?fit=108%2C108&amp;ssl=1\" class=\"attachment-full size-full wp-image-19798\" alt=\"\" srcset=\"https:\/\/i0.wp.com\/media.cpapmerkezi.com\/2022\/09\/tanimlar.png?w=108&amp;ssl=1 108w, https:\/\/i0.wp.com\/media.cpapmerkezi.com\/2022\/09\/tanimlar.png?resize=3%2C4&amp;ssl=1 3w, https:\/\/i0.wp.com\/media.cpapmerkezi.com\/2022\/09\/tanimlar.png?resize=10%2C10&amp;ssl=1 10w, https:\/\/i0.wp.com\/media.cpapmerkezi.com\/2022\/09\/tanimlar.png?resize=100%2C100&amp;ssl=1 100w\" sizes=\"(max-width: 108px) 100vw, 108px\" \/>                                        <\/span>\n                                    <\/span>\n                                    \n                                                            \n                            <a class=\"etheme-icon-list-item-text\" href=\"https:\/\/www.cpapmerkezi.com\/sss\/uyku-cpap-tanimlari\">\n                                Konfor&Temizlik                            <\/a>\n                                                    <\/div>\n                                            <div class=\"etheme-icon-list-item elementor-repeater-item-1e06022\">\n                                                                \n                                    <span class=\"etheme-icon-list-item-icon\">\n                                        <span class=\"etheme-icon-list-item-icon-inner\">\n                                        \t\t\t<i aria-hidden=\"true\" class=\"fab fa-researchgate\"><\/i>                                        <\/span>\n                                    <\/span>\n                                    \n                                                            \n                            <a class=\"etheme-icon-list-item-text\" href=\"https:\/\/www.cpapmerkezi.com\/sss\/arastirmalar\">\n                                Ara\u015ft\u0131rmalar                            <\/a>\n                                                    <\/div>\n                                <\/div>\n        \n        \t\t\t\t<\/div>\n\t\t\t\t<\/div>\n\t\t\t\t\t<\/div>\n\t\t<\/div>\n\t\t\t\t<div class=\"elementor-column elementor-col-33 elementor-top-column elementor-element elementor-element-87587e0\" data-id=\"87587e0\" data-element_type=\"column\" data-e-type=\"column\" data-settings=\"{&quot;background_background&quot;:&quot;classic&quot;}\">\n\t\t\t<div class=\"elementor-widget-wrap elementor-element-populated\">\n\t\t\t\t\t\t<div class=\"elementor-element elementor-element-d128c61 elementor-widget elementor-widget-etheme_icon_list\" data-id=\"d128c61\" data-element_type=\"widget\" data-e-type=\"widget\" data-widget_type=\"etheme_icon_list.default\">\n\t\t\t\t<div class=\"elementor-widget-container\">\n\t\t\t\t\t            <div class=\"etheme-icon-list\">\n                                        <div class=\"etheme-icon-list-item elementor-repeater-item-e77cc7d\">\n                                                                \n                                    <span class=\"etheme-icon-list-item-icon\">\n                                        <span class=\"etheme-icon-list-item-icon-inner\">\n                                        <img loading=\"lazy\" decoding=\"async\" width=\"108\" height=\"108\" src=\"https:\/\/i0.wp.com\/media.cpapmerkezi.com\/2022\/09\/box-1.png?fit=108%2C108&amp;ssl=1\" class=\"attachment-full size-full wp-image-19797\" alt=\"\" srcset=\"https:\/\/i0.wp.com\/media.cpapmerkezi.com\/2022\/09\/box-1.png?w=108&amp;ssl=1 108w, https:\/\/i0.wp.com\/media.cpapmerkezi.com\/2022\/09\/box-1.png?resize=3%2C4&amp;ssl=1 3w, https:\/\/i0.wp.com\/media.cpapmerkezi.com\/2022\/09\/box-1.png?resize=10%2C10&amp;ssl=1 10w, https:\/\/i0.wp.com\/media.cpapmerkezi.com\/2022\/09\/box-1.png?resize=100%2C100&amp;ssl=1 100w\" sizes=\"(max-width: 108px) 100vw, 108px\" \/>                                        <\/span>\n                                    <\/span>\n                                    \n                                                            \n                            <a class=\"etheme-icon-list-item-text\" href=\"https:\/\/www.cpapmerkezi.com\/sss\/siparis-olusturma\">\n                                CPAP Sipari\u015fi                            <\/a>\n                                                    <\/div>\n                                            <div class=\"etheme-icon-list-item elementor-repeater-item-300dc26\">\n                                                                \n                                    <span class=\"etheme-icon-list-item-icon\">\n                                        <span class=\"etheme-icon-list-item-icon-inner\">\n                                        <img loading=\"lazy\" decoding=\"async\" width=\"108\" height=\"108\" src=\"https:\/\/i0.wp.com\/media.cpapmerkezi.com\/2022\/09\/siparis.png?fit=108%2C108&amp;ssl=1\" class=\"attachment-full size-full wp-image-19795\" alt=\"\" srcset=\"https:\/\/i0.wp.com\/media.cpapmerkezi.com\/2022\/09\/siparis.png?w=108&amp;ssl=1 108w, https:\/\/i0.wp.com\/media.cpapmerkezi.com\/2022\/09\/siparis.png?resize=3%2C4&amp;ssl=1 3w, https:\/\/i0.wp.com\/media.cpapmerkezi.com\/2022\/09\/siparis.png?resize=10%2C10&amp;ssl=1 10w, https:\/\/i0.wp.com\/media.cpapmerkezi.com\/2022\/09\/siparis.png?resize=100%2C100&amp;ssl=1 100w\" sizes=\"(max-width: 108px) 100vw, 108px\" \/>                                        <\/span>\n                                    <\/span>\n                                    \n                                                            \n                            <a class=\"etheme-icon-list-item-text\" href=\"https:\/\/www.cpapmerkezi.com\/sss\/siparis-olusturma\">\n                                Yeni Kullan\u0131c\u0131lar                            <\/a>\n                                                    <\/div>\n                                            <div class=\"etheme-icon-list-item elementor-repeater-item-28be315\">\n                                                                \n                                    <span class=\"etheme-icon-list-item-icon\">\n                                        <span class=\"etheme-icon-list-item-icon-inner\">\n                                        <img loading=\"lazy\" decoding=\"async\" width=\"108\" height=\"108\" src=\"https:\/\/i0.wp.com\/media.cpapmerkezi.com\/2022\/09\/uluslararasi.png?fit=108%2C108&amp;ssl=1\" class=\"attachment-full size-full wp-image-19796\" alt=\"\" srcset=\"https:\/\/i0.wp.com\/media.cpapmerkezi.com\/2022\/09\/uluslararasi.png?w=108&amp;ssl=1 108w, https:\/\/i0.wp.com\/media.cpapmerkezi.com\/2022\/09\/uluslararasi.png?resize=3%2C4&amp;ssl=1 3w, https:\/\/i0.wp.com\/media.cpapmerkezi.com\/2022\/09\/uluslararasi.png?resize=10%2C10&amp;ssl=1 10w, https:\/\/i0.wp.com\/media.cpapmerkezi.com\/2022\/09\/uluslararasi.png?resize=100%2C100&amp;ssl=1 100w\" sizes=\"(max-width: 108px) 100vw, 108px\" \/>                                        <\/span>\n                                    <\/span>\n                                    \n                                                            \n                            <a class=\"etheme-icon-list-item-text\" href=\"https:\/\/www.cpapmerkezi.com\/sss\/cpap-cihazi-yan-etkileri\">\n                                Uluslararas\u0131                            <\/a>\n                                                    <\/div>\n                                            <div class=\"etheme-icon-list-item elementor-repeater-item-81dde0c\">\n                                                                \n                                    <span class=\"etheme-icon-list-item-icon\">\n                                        <span class=\"etheme-icon-list-item-icon-inner\">\n                                        <img loading=\"lazy\" decoding=\"async\" width=\"108\" height=\"108\" src=\"https:\/\/i0.wp.com\/media.cpapmerkezi.com\/2022\/09\/sgk.png?fit=108%2C108&amp;ssl=1\" class=\"attachment-full size-full wp-image-19794\" alt=\"\" srcset=\"https:\/\/i0.wp.com\/media.cpapmerkezi.com\/2022\/09\/sgk.png?w=108&amp;ssl=1 108w, https:\/\/i0.wp.com\/media.cpapmerkezi.com\/2022\/09\/sgk.png?resize=3%2C4&amp;ssl=1 3w, https:\/\/i0.wp.com\/media.cpapmerkezi.com\/2022\/09\/sgk.png?resize=10%2C10&amp;ssl=1 10w, https:\/\/i0.wp.com\/media.cpapmerkezi.com\/2022\/09\/sgk.png?resize=100%2C100&amp;ssl=1 100w\" sizes=\"(max-width: 108px) 100vw, 108px\" \/>                                        <\/span>\n                                    <\/span>\n                                    \n                                                            \n                            <a class=\"etheme-icon-list-item-text\" href=\"http:\/\/sgk-tibbi-cihaz-geri-odeme-sureci.html\">\n                                SGK                            <\/a>\n                                                    <\/div>\n                                <\/div>\n        \n        \t\t\t\t<\/div>\n\t\t\t\t<\/div>\n\t\t\t\t\t<\/div>\n\t\t<\/div>\n\t\t\t\t\t<\/div>\n\t\t<\/section>\n\t\t\t\t<\/div>\n\t\t","protected":false},"excerpt":{"rendered":"<p>CPAP Cihaz\u0131 CPAP Maskeleri CPAP Nemlendiricileri Konfor&#038;Temizlik Uyku Apne 101 Yeni Kullan\u0131c\u0131lar CPAP Yan Etkileri Konfor&#038;Temizlik Ara\u015ft\u0131rmalar CPAP Sipari\u015fi Yeni Kullan\u0131c\u0131lar Uluslararas\u0131 SGK<\/p>\n","protected":false},"author":1,"featured_media":0,"parent":0,"menu_order":0,"comment_status":"closed","ping_status":"closed","template":"","meta":{"_relevanssi_hide_post":"","_relevanssi_pin_for_all":"","_relevanssi_pin_keywords":"","_relevanssi_unpin_keywords":"","_relevanssi_related_keywords":"","_relevanssi_related_include_ids":"0","_relevanssi_related_exclude_ids":"","_relevanssi_related_no_append":"","_relevanssi_related_not_related":"","_relevanssi_related_posts":"","_relevanssi_noindex_reason":"","footnotes":""},"tags":[],"class_list":["post-4144","page","type-page","status-publish","hentry"],"aioseo_notices":[],"jetpack_sharing_enabled":true,"_links":{"self":[{"href":"https:\/\/www.cpapmerkezi.com\/blog\/wp-json\/wp\/v2\/pages\/4144","targetHints":{"allow":["GET"]}}],"collection":[{"href":"https:\/\/www.cpapmerkezi.com\/blog\/wp-json\/wp\/v2\/pages"}],"about":[{"href":"https:\/\/www.cpapmerkezi.com\/blog\/wp-json\/wp\/v2\/types\/page"}],"author":[{"embeddable":true,"href":"https:\/\/www.cpapmerkezi.com\/blog\/wp-json\/wp\/v2\/users\/1"}],"replies":[{"embeddable":true,"href":"https:\/\/www.cpapmerkezi.com\/blog\/wp-json\/wp\/v2\/comments?post=4144"}],"version-history":[{"count":0,"href":"https:\/\/www.cpapmerkezi.com\/blog\/wp-json\/wp\/v2\/pages\/4144\/revisions"}],"wp:attachment":[{"href":"https:\/\/www.cpapmerkezi.com\/blog\/wp-json\/wp\/v2\/media?parent=4144"}],"wp:term":[{"taxonomy":"post_tag","embeddable":true,"href":"https:\/\/www.cpapmerkezi.com\/blog\/wp-json\/wp\/v2\/tags?post=4144"}],"curies":[{"name":"wp","href":"https:\/\/api.w.org\/{rel}","templated":true}]}}