{"id":4427,"date":"2018-04-05T22:15:18","date_gmt":"2018-04-05T19:15:18","guid":{"rendered":"https:\/\/www.cpapmerkezi.com\/?page_id=4427"},"modified":"2018-04-05T22:15:18","modified_gmt":"2018-04-05T19:15:18","slug":"philips-uyku-apnesi-cihazi-fiyati","status":"publish","type":"page","link":"https:\/\/www.cpapmerkezi.com\/blog\/philips-uyku-apnesi-cihazi-fiyati","title":{"rendered":"Philips Uyku Apnesi Cihaz\u0131 Fiyat\u0131"},"content":{"rendered":"<div class=\"wpb-content-wrapper\"><p>[vc_row][vc_column][vc_column_text]<\/p>\n<div style=\"font-weight: 600!important; font-size: 1.125rem!important; text-align: left!important; padding: .5rem!important; min-height: 3.1rem!important; background-color: #ffb4b4!important; border: 3px dotted #fe0000!important; margin: 1rem!important auto!important 10px auto!important;\">\n<h3>Philips, CPAP, BiPAP, Auto CPAP ve Solunum Cihazlar\u0131n\u0131 Geri \u00c7a\u011f\u0131r\u0131yor!<\/h3>\n<p>Philips; ihtiyatl\u0131 olmak ad\u0131na ve mevcut bilgiler do\u011frultusunda bu g\u00fcncellemeyle belirli Philips S\u00fcrekli Pozitif Hava Yolu Bas\u0131nc\u0131 (CPAP), \u0130ki D\u00fczeyli Pozitif Hava Yolu Bas\u0131nc\u0131 (BPAP) cihazlar\u0131 ve Mekanik Ventilat\u00f6rlerde kullan\u0131lan ses azaltma k\u00f6p\u00fc\u011f\u00fc ile ilgili potansiyel sa\u011fl\u0131k risklerinin bulundu\u011fu bilgisini payla\u015fm\u0131\u015ft\u0131r.<\/p>\n<p><a href=\"https:\/\/www.cpapmerkezi.com\/philips-saglik-riskleri-nedeniyle-ventilatorleri-ve-cpap-auto-cpap-bipap-cihazlarini-geri-cagiriyor.html\">Detayl\u0131 Bilgi<\/a><\/p>\n<\/div>\n<p>[\/vc_column_text][vc_column_text]<span style=\"font-size: 18px;\">Geni\u015f bir yelpazeye sahip <strong>Philips Respironics<\/strong> Uyku Apne Cihaz\u0131 Fiyat\u0131 de\u011fi\u015fkendir. Model ve istedi\u011finiz konfor \u00f6zelliklerine g\u00f6re fiyat de\u011fi\u015fmekle birlikte maske se\u00e7imi fiyat\u0131n de\u011fi\u015fmesinde \u00f6nemli etkendir.<\/span>[\/vc_column_text][vc_empty_space][\/vc_column][\/vc_row][vc_row][vc_column width=&#8221;1\/4&#8243;][vc_column_text]<a href=\"https:\/\/www.cpapmerkezi.com\/philips-respironics-dreamstation-vs-resmed-airsense-10-hangisi-daha-iyi.html\"><img data-recalc-dims=\"1\" fetchpriority=\"high\" decoding=\"async\" class=\"aligncenter size-medium wp-image-13615\" src=\"https:\/\/i0.wp.com\/www.cpapmerkezi.com\/wp-content\/uploads\/Philips-Respironics-DreamStation-vs-ResMed-AirSense-10-Hangisi-Daha-%C4%B0yi-1-300x300.jpg?resize=300%2C300&#038;ssl=1\" alt=\"\" width=\"300\" height=\"300\" \/><\/a>[\/vc_column_text][vc_message message_box_style=&#8221;solid&#8221; message_box_color=&#8221;grey&#8221;]<\/p>\n<p style=\"text-align: justify;\"><span style=\"font-size: 20px;\"><strong>B\u0130L\u0130YOR MUYDUNUZ?<\/strong><\/span><\/p>\n<p style=\"text-align: justify;\">CPAP \u201cS\u00fcrekli pozitif hava yolu bas\u0131nc\u0131\u201c anlam\u0131na gelir. Neredeyse t\u00fcm cihazlar, \u00f6zellikle cihaz i\u00e7in tasarlanm\u0131\u015f seyahat \u00e7antas\u0131 ile birlikte gelir. \u00d6zellikleri kar\u015f\u0131la\u015ft\u0131rman\u0131z gerekirse, yaln\u0131zca ilgilendi\u011finiz cihazlar\u0131 kontrol edin ve liste sayfas\u0131n\u0131n \u00fcst\u00fcndeki \u201cKar\u015f\u0131la\u015ft\u0131r\u201d d\u00fc\u011fmesine t\u0131klay\u0131n.<\/p>\n<p>[\/vc_message][\/vc_column][vc_column width=&#8221;3\/4&#8243;][products columns=&#8221;3&#8243; orderby=&#8221;date&#8221; order=&#8221;ASC&#8221; image_size=&#8221;custom&#8221; image_size_width=&#8221;300&#8243; image_size_height=&#8221;300&#8243; image_size_crop=&#8221;yes&#8221; hover_image=&#8221;hide&#8221; is_autoplay=&#8221;on&#8221; ids=&#8221;3990, 3396, 775, 3829, 3840, 4128, 4269, 3539, 3309&#8243;][vc_column_text]<\/p>\n<h2><strong>Philips Respironics<\/strong><\/h2>\n<p>[\/vc_column_text][vc_column_text]<span style=\"font-size: 18px;\">21 Aral\u0131k 2007&#8217;de Respironics, Philips ile bir birle\u015fme anla\u015fmas\u0131 yapt\u0131\u011f\u0131n\u0131 duyurdu. Philips, Respironics&#8217;in t\u00fcm hisselerini hisse ba\u015f\u0131na 66$ ve toplam 5.1 milyar $ &#8216;a sat\u0131n alma konusunda anla\u015ft\u0131. 14 Mart 2008&#8217;de Philips, Respironics&#8217;in sat\u0131n al\u0131nmas\u0131 i\u00e7in ihale teklifinin kabul edildi\u011fini a\u00e7\u0131klad\u0131.<\/span><\/p>\n<p><span style=\"font-size: 18px;\">Sonu\u00e7, bug\u00fcn solunum ve uyku \u00fcr\u00fcnleri geli\u015ftiren ve da\u011f\u0131tan <strong>Philips Respironics<\/strong> \u015firketinin evrimiydi. Respironics, \u00f6zellikle obstr\u00fcktif uyku apnesi (OSA) gibi solunum ve uyku bozukluklar\u0131n\u0131n te\u015fhisi ve tedavisi i\u00e7in evde kulland\u0131\u011f\u0131n\u0131z t\u0131bbi ekipmanlar\u0131 \u00fcretmeye odaklanm\u0131\u015ft\u0131r.\u00a0<\/span><\/p>\n<p><span style=\"font-size: 18px;\">Firman\u0131n \u00fcr\u00fcnleri, CPAP, BiPAP (\u0130ki seviyeli non-invaziv ventilasyon) cihazlar\u0131, oksijen konsantrat\u00f6rleri, hastane ventilat\u00f6rleri, ast\u0131m tedavi \u00e7\u00f6z\u00fcmleri ve SIDS riski alt\u0131ndaki bebekler i\u00e7in bebek apne monit\u00f6rleri dahil olmak \u00fczere obstr\u00fcktif uyku apnesinin tan\u0131 ve tedavisine y\u00f6nelik cihazlar\u0131 i\u00e7erir.<\/span><\/p>\n<p><span style=\"font-size: 18px;\"><strong>Philips Respironics<\/strong> markas\u0131 \u00fcr\u00fcnlerinden baz\u0131lar\u0131.<\/span><\/p>\n<p style=\"padding-left: 40px;\"><span style=\"font-size: 18px;\">Evde bak\u0131m nab\u0131z oksimetre sistemleri<\/span><br \/>\n<span style=\"font-size: 18px;\">Non-invaziv ventilasyon sistemleri<\/span><br \/>\n<span style=\"font-size: 18px;\">Oksijen konsantrat\u00f6rleri<\/span><br \/>\n<span style=\"font-size: 18px;\">CPAP cihaz\u0131 ve BiPAP cihaz\u0131<\/span><br \/>\n<span style=\"font-size: 18px;\">Ta\u015f\u0131nabilir ev vantilat\u00f6rleri<\/span><br \/>\n<span style=\"font-size: 18px;\">CPAP Maskesi<\/span><br \/>\n<span style=\"font-size: 18px;\">Titrasyon sistemleri<\/span><br \/>\n<span style=\"font-size: 18px;\">Uyku test sistemleri<\/span><\/p>\n<p>[\/vc_column_text][\/vc_column][\/vc_row]<\/p>\n<h4>Incoming search terms:<\/h4><ul><li>https:\/\/www cpapmerkezi com\/blog\/etiket\/philips-cpap?srsltid=AfmBOopip4KCtz6b_p3SDaj6wB6Q1WX2ttJRSLU8FRo5oByu5n4RplxJ<\/li><li>https:\/\/www cpapmerkezi com\/blog\/philips-uyku-apnesi-cihazi-fiyati?srsltid=AfmBOopwfwW-0F7-Wjd6gmal3hn6O2fn6klpALB05V1vP1UEnkM-_YXK<\/li><li>https:\/\/www cpapmerkezi com\/blog\/philips-uyku-apnesi-cihazi-fiyati?srsltid=AfmBOopZQyexxApxPTQ_eaZA95JFvnx7zI-yubC0oNWL3MEXN5ieS5JL<\/li><li>https:\/\/www cpapmerkezi com\/blog\/philips-uyku-apnesi-cihazi-fiyati?srsltid=AfmBOoqOWcnaj6qQh55FyD-t8-t8jozNeBp0exHIA0Y8E5-f6JpBw16B<\/li><\/ul><\/div>","protected":false},"excerpt":{"rendered":"<p>[vc_row][vc_column][vc_column_text] Philips, CPAP, BiPAP, Auto CPAP ve Solunum Cihazlar\u0131n\u0131 Geri \u00c7a\u011f\u0131r\u0131yor! Philips; ihtiyatl\u0131 olmak ad\u0131na ve mevcut bilgiler do\u011frultusunda bu g\u00fcncellemeyle belirli Philips S\u00fcrekli Pozitif&#8230;<\/p>\n","protected":false},"author":1,"featured_media":4131,"parent":0,"menu_order":0,"comment_status":"closed","ping_status":"closed","template":"","meta":{"_relevanssi_hide_post":"","_relevanssi_pin_for_all":"","_relevanssi_pin_keywords":"","_relevanssi_unpin_keywords":"","_relevanssi_related_keywords":"","_relevanssi_related_include_ids":"","_relevanssi_related_exclude_ids":"","_relevanssi_related_no_append":"","_relevanssi_related_not_related":"","_relevanssi_related_posts":"","_relevanssi_noindex_reason":"","footnotes":""},"tags":[1824,1831,1863,1947,1948,2347,2348,1884,1878],"class_list":["post-4427","page","type-page","status-publish","has-post-thumbnail","hentry","tag-cpap-1","tag-cpap-cihazi","tag-philips","tag-philips-cpap","tag-philips-cpap-cihazi","tag-philips-cpap-cihazi-fiyati","tag-philips-uyku-apnesi-cihazi-fiyati","tag-uyku-apne","tag-uyku-apnesi"],"aioseo_notices":[],"jetpack_sharing_enabled":true,"_links":{"self":[{"href":"https:\/\/www.cpapmerkezi.com\/blog\/wp-json\/wp\/v2\/pages\/4427","targetHints":{"allow":["GET"]}}],"collection":[{"href":"https:\/\/www.cpapmerkezi.com\/blog\/wp-json\/wp\/v2\/pages"}],"about":[{"href":"https:\/\/www.cpapmerkezi.com\/blog\/wp-json\/wp\/v2\/types\/page"}],"author":[{"embeddable":true,"href":"https:\/\/www.cpapmerkezi.com\/blog\/wp-json\/wp\/v2\/users\/1"}],"replies":[{"embeddable":true,"href":"https:\/\/www.cpapmerkezi.com\/blog\/wp-json\/wp\/v2\/comments?post=4427"}],"version-history":[{"count":0,"href":"https:\/\/www.cpapmerkezi.com\/blog\/wp-json\/wp\/v2\/pages\/4427\/revisions"}],"wp:featuredmedia":[{"embeddable":true,"href":"https:\/\/www.cpapmerkezi.com\/blog\/wp-json\/"}],"wp:attachment":[{"href":"https:\/\/www.cpapmerkezi.com\/blog\/wp-json\/wp\/v2\/media?parent=4427"}],"wp:term":[{"taxonomy":"post_tag","embeddable":true,"href":"https:\/\/www.cpapmerkezi.com\/blog\/wp-json\/wp\/v2\/tags?post=4427"}],"curies":[{"name":"wp","href":"https:\/\/api.w.org\/{rel}","templated":true}]}}